{"id":8869,"date":"2018-08-27T19:20:57","date_gmt":"2018-08-27T19:20:57","guid":{"rendered":"http:\/\/marcopignatti.it\/?post_type=product&#038;p=8869"},"modified":"2018-08-28T14:14:39","modified_gmt":"2018-08-28T14:14:39","slug":"labbra","status":"publish","type":"product","link":"https:\/\/marcopignatti.it\/it\/chirurgia-verona-bologna-modena\/labbra\/","title":{"rendered":"Labbra"},"content":{"rendered":"<p><\/p>\n<h2>Filler acido ialuronico LABBRA<\/h2>\n<div>La traduzione della parola inglese filler significa \u201criempitivo\u201d.<br \/>\nI filler che il ministero della sanit\u00e0 permette di usare in Italia sono di tipo \u201ctransitorio o riassorbibile\u201d e sono composti da acido ialuronico o da collagene.<\/div>\n<div>In commercio ci sono anche filler semipermanenti, altrettanto sicuri, il cui riassorbimento \u00e8 a ciclo lentissimo.<\/div>\n<p>&nbsp;<\/p>\n<div>I filler permanenti (non ammessi dal Ministero della Sanit\u00e0) sono assolutamente da evitare poich\u00e9 con il tempo, in particolare i filler a base di silicone, possono migrare dalle labbra ad altre parti del viso creando seri problemi risolvibili solo chirurgicamente.<\/div>\n<p>&nbsp;<\/p>\n<div>Il labbro ideale \u00e8 quello che si adatta maggiormente alla forma del volto e deve essere in armonia con il resto del viso.<\/div>\n<p>&nbsp;<\/p>\n<div>Labbra perfette rispondono a delle misure e rapporti ben precisi, un intervento anche di pochi millimetri pu\u00f2 cambiare il viso di una persona.<br \/>\nFondamentale \u00e8 quindi il senso estetico del chirurgo per intuire l\u2019equilibrio di forme e volumi in grado di esaltare non solo la bellezza della bocca, ma dell\u2019intero viso.<br \/>\nLe labbra possono essere modificate aumentandone ove necessario il volume, intervenendo sui bordi, delimitandone il contorno, marcando l\u2019arco di cupido.<br \/>\nSono poi necessarie le capacit\u00e0 tecniche che permettono di mettere in pratica questo progetto.<br \/>\nL\u2019esperienza e la specializzazione in Chirurgia Plastica, Ricostruttiva ed Estetica garantiscono risultati eleganti e proporzionati.<\/div>\n<p>&nbsp;<\/p>\n<div>L\u2019uso di materiali di ultima generazione, studiati per conferire alle labbra morbidezza e turgore, produrranno risultati ottimali.<\/div>\n<p>&nbsp;<\/p>\n<div>Prima del trattamento verr\u00e0 applicata sulle labbra una crema anestetica topica e dopo qualche minuto il medico estetico proceder\u00e0 con il trattamento che durer\u00e0 15\/20 minuti.<br \/>\nAlla fine massagger\u00e0 le labbra per ridefinirle e distribuire il prodotto in modo omogeneo, verr\u00e0 applicata una crema specifica e del ghiaccio, che il paziente avr\u00e0 cura di applicare a casa per ridurre al minimo la comparsa di lividi, che scompariranno nel giro di breve tempo.<\/div>\n<p>&nbsp;<\/p>\n<div>Il risultato \u00e8 immediato e l\u2019effetto del filler ha una durata di 6\/12 mesi.<\/div>\n<p><\/p>","protected":false},"excerpt":{"rendered":"<p>Labbra: il labbro ideale \u00e8 quello che si adatta maggiormente alla forma del volto e deve essere in armonia con il resto del viso. Le labbra possono essere modificate aumentandone ove necessario il volume, intervenendo sui bordi, delimitandone il contorno, marcando l\u2019arco di cupido. L\u2019esperienza e la specializzazione in Chirurgia Plastica, Ricostruttiva ed Estetica garantiscono risultati eleganti e proporzionati.<\/p>\n","protected":false},"featured_media":8820,"comment_status":"open","ping_status":"closed","template":"","meta":{"ngg_post_thumbnail":0},"product_cat":[212,273,223],"product_tag":[277,191],"yoast_head":"<!-- This site is optimized with the Yoast SEO plugin v23.8 - https:\/\/yoast.com\/wordpress\/plugins\/seo\/ -->\n<title>Labbra - Prof. Marco Pignatti<\/title>\n<meta name=\"description\" content=\"Labbra: il labbro ideale \u00e8 quello che si adatta maggiormente alla forma del volto e deve essere in armonia con il resto del viso. Le labbra possono essere modificate aumentandone ove necessario il volume, intervenendo sui bordi, delimitandone il contorno, marcando l\u2019arco di cupido. L\u2019esperienza e la specializzazione in Chirurgia Plastica, Ricostruttiva ed Estetica garantiscono risultati eleganti e proporzionati.\" \/>\n<meta name=\"robots\" content=\"index, follow, max-snippet:-1, max-image-preview:large, max-video-preview:-1\" \/>\n<link rel=\"canonical\" href=\"https:\/\/marcopignatti.it\/chirurgia-verona-bologna-modena\/labbra\/\" \/>\n<meta property=\"og:locale\" content=\"it_IT\" \/>\n<meta property=\"og:type\" content=\"article\" \/>\n<meta property=\"og:title\" content=\"[:it]Labbra[:] - Prof. Marco Pignatti\" \/>\n<meta property=\"og:description\" content=\"Labbra: il labbro ideale \u00e8 quello che si adatta maggiormente alla forma del volto e deve essere in armonia con il resto del viso. Le labbra possono essere modificate aumentandone ove necessario il volume, intervenendo sui bordi, delimitandone il contorno, marcando l\u2019arco di cupido. L\u2019esperienza e la specializzazione in Chirurgia Plastica, Ricostruttiva ed Estetica garantiscono risultati eleganti e proporzionati.\" \/>\n<meta property=\"og:url\" content=\"https:\/\/marcopignatti.it\/chirurgia-verona-bologna-modena\/labbra\/\" \/>\n<meta property=\"og:site_name\" content=\"Prof. Marco Pignatti\" \/>\n<meta property=\"article:publisher\" content=\"https:\/\/www.facebook.com\/marcopignattichirurgoplastico\/\" \/>\n<meta property=\"article:modified_time\" content=\"2018-08-28T14:14:39+00:00\" \/>\n<meta property=\"og:image\" content=\"https:\/\/marcopignatti.it\/wp-content\/uploads\/2018\/08\/FRE_6704_volto_Dott_Marco_Pignatti.jpg\" \/>\n\t<meta property=\"og:image:width\" content=\"1024\" \/>\n\t<meta property=\"og:image:height\" content=\"880\" \/>\n\t<meta property=\"og:image:type\" content=\"image\/jpeg\" \/>\n<meta name=\"twitter:label1\" content=\"Tempo di lettura stimato\" \/>\n\t<meta name=\"twitter:data1\" content=\"2 minuti\" \/>\n<script type=\"application\/ld+json\" class=\"yoast-schema-graph\">{\"@context\":\"https:\/\/schema.org\",\"@graph\":[{\"@type\":\"WebPage\",\"@id\":\"https:\/\/marcopignatti.it\/chirurgia-verona-bologna-modena\/labbra\/\",\"url\":\"https:\/\/marcopignatti.it\/chirurgia-verona-bologna-modena\/labbra\/\",\"name\":\"[:it]Labbra[:] - Prof. Marco Pignatti\",\"isPartOf\":{\"@id\":\"https:\/\/marcopignatti.it\/#website\"},\"primaryImageOfPage\":{\"@id\":\"https:\/\/marcopignatti.it\/chirurgia-verona-bologna-modena\/labbra\/#primaryimage\"},\"image\":{\"@id\":\"https:\/\/marcopignatti.it\/chirurgia-verona-bologna-modena\/labbra\/#primaryimage\"},\"thumbnailUrl\":\"https:\/\/marcopignatti.it\/wp-content\/uploads\/2018\/08\/FRE_6704_volto_Dott_Marco_Pignatti.jpg\",\"datePublished\":\"2018-08-27T19:20:57+00:00\",\"dateModified\":\"2018-08-28T14:14:39+00:00\",\"description\":\"Labbra: il labbro ideale \u00e8 quello che si adatta maggiormente alla forma del volto e deve essere in armonia con il resto del viso. Le labbra possono essere modificate aumentandone ove necessario il volume, intervenendo sui bordi, delimitandone il contorno, marcando l\u2019arco di cupido. L\u2019esperienza e la specializzazione in Chirurgia Plastica, Ricostruttiva ed Estetica garantiscono risultati eleganti e proporzionati.\",\"breadcrumb\":{\"@id\":\"https:\/\/marcopignatti.it\/chirurgia-verona-bologna-modena\/labbra\/#breadcrumb\"},\"inLanguage\":\"it-IT\",\"potentialAction\":[{\"@type\":\"ReadAction\",\"target\":[\"https:\/\/marcopignatti.it\/chirurgia-verona-bologna-modena\/labbra\/\"]}]},{\"@type\":\"ImageObject\",\"inLanguage\":\"it-IT\",\"@id\":\"https:\/\/marcopignatti.it\/chirurgia-verona-bologna-modena\/labbra\/#primaryimage\",\"url\":\"https:\/\/marcopignatti.it\/wp-content\/uploads\/2018\/08\/FRE_6704_volto_Dott_Marco_Pignatti.jpg\",\"contentUrl\":\"https:\/\/marcopignatti.it\/wp-content\/uploads\/2018\/08\/FRE_6704_volto_Dott_Marco_Pignatti.jpg\",\"width\":1024,\"height\":880},{\"@type\":\"BreadcrumbList\",\"@id\":\"https:\/\/marcopignatti.it\/chirurgia-verona-bologna-modena\/labbra\/#breadcrumb\",\"itemListElement\":[{\"@type\":\"ListItem\",\"position\":1,\"name\":\"Home\",\"item\":\"https:\/\/marcopignatti.it\/\"},{\"@type\":\"ListItem\",\"position\":2,\"name\":\"Interventi\",\"item\":\"https:\/\/marcopignatti.it\/it\/interventi\/\"},{\"@type\":\"ListItem\",\"position\":3,\"name\":\"Labbra\"}]},{\"@type\":\"WebSite\",\"@id\":\"https:\/\/marcopignatti.it\/#website\",\"url\":\"https:\/\/marcopignatti.it\/\",\"name\":\"Prof. Marco Pignatti\",\"description\":\"Specialista in Chirurgia Plastica, Ricostruttiva ed Estetica\",\"publisher\":{\"@id\":\"https:\/\/marcopignatti.it\/#\/schema\/person\/5b86799c189c43f1edc156108f90d4eb\"},\"potentialAction\":[{\"@type\":\"SearchAction\",\"target\":{\"@type\":\"EntryPoint\",\"urlTemplate\":\"https:\/\/marcopignatti.it\/?s={search_term_string}\"},\"query-input\":{\"@type\":\"PropertyValueSpecification\",\"valueRequired\":true,\"valueName\":\"search_term_string\"}}],\"inLanguage\":\"it-IT\"},{\"@type\":[\"Person\",\"Organization\"],\"@id\":\"https:\/\/marcopignatti.it\/#\/schema\/person\/5b86799c189c43f1edc156108f90d4eb\",\"name\":\"Prof. Pignatti Marco Verona, Bologna, Modena\",\"logo\":{\"@id\":\"https:\/\/marcopignatti.it\/#\/schema\/person\/image\/\"},\"description\":\"Il Prof. Marco Pignatti \u00e8 un professionista affermato per la chirurgia plastica, medicina estetica e chirurgia estetica. Si dedica alla chirurgia ricostruttiva (per traumi, tumori, difetti congeniti) e alla chirurgia estetica e medicina estetica (per miglioramenti dell'aspetto del viso, del seno e del corpo); garantisce professionalit\u00e0 e risultati naturali in base ai desideri di ciascun paziente.\",\"sameAs\":[\"https:\/\/marcopignatti.it\/\",\"https:\/\/www.facebook.com\/marcopignattichirurgoplastico\/\"]}]}<\/script>\n<!-- \/ Yoast SEO plugin. -->","yoast_head_json":{"title":"[:it]Labbra[:] - Prof. Marco Pignatti","description":"Labbra: il labbro ideale \u00e8 quello che si adatta maggiormente alla forma del volto e deve essere in armonia con il resto del viso. Le labbra possono essere modificate aumentandone ove necessario il volume, intervenendo sui bordi, delimitandone il contorno, marcando l\u2019arco di cupido. L\u2019esperienza e la specializzazione in Chirurgia Plastica, Ricostruttiva ed Estetica garantiscono risultati eleganti e proporzionati.","robots":{"index":"index","follow":"follow","max-snippet":"max-snippet:-1","max-image-preview":"max-image-preview:large","max-video-preview":"max-video-preview:-1"},"canonical":"https:\/\/marcopignatti.it\/chirurgia-verona-bologna-modena\/labbra\/","og_locale":"it_IT","og_type":"article","og_title":"[:it]Labbra[:] - Prof. Marco Pignatti","og_description":"Labbra: il labbro ideale \u00e8 quello che si adatta maggiormente alla forma del volto e deve essere in armonia con il resto del viso. Le labbra possono essere modificate aumentandone ove necessario il volume, intervenendo sui bordi, delimitandone il contorno, marcando l\u2019arco di cupido. L\u2019esperienza e la specializzazione in Chirurgia Plastica, Ricostruttiva ed Estetica garantiscono risultati eleganti e proporzionati.","og_url":"https:\/\/marcopignatti.it\/chirurgia-verona-bologna-modena\/labbra\/","og_site_name":"Prof. Marco Pignatti","article_publisher":"https:\/\/www.facebook.com\/marcopignattichirurgoplastico\/","article_modified_time":"2018-08-28T14:14:39+00:00","og_image":[{"width":1024,"height":880,"url":"https:\/\/marcopignatti.it\/wp-content\/uploads\/2018\/08\/FRE_6704_volto_Dott_Marco_Pignatti.jpg","type":"image\/jpeg"}],"twitter_misc":{"Tempo di lettura stimato":"2 minuti"},"schema":{"@context":"https:\/\/schema.org","@graph":[{"@type":"WebPage","@id":"https:\/\/marcopignatti.it\/chirurgia-verona-bologna-modena\/labbra\/","url":"https:\/\/marcopignatti.it\/chirurgia-verona-bologna-modena\/labbra\/","name":"[:it]Labbra[:] - Prof. Marco Pignatti","isPartOf":{"@id":"https:\/\/marcopignatti.it\/#website"},"primaryImageOfPage":{"@id":"https:\/\/marcopignatti.it\/chirurgia-verona-bologna-modena\/labbra\/#primaryimage"},"image":{"@id":"https:\/\/marcopignatti.it\/chirurgia-verona-bologna-modena\/labbra\/#primaryimage"},"thumbnailUrl":"https:\/\/marcopignatti.it\/wp-content\/uploads\/2018\/08\/FRE_6704_volto_Dott_Marco_Pignatti.jpg","datePublished":"2018-08-27T19:20:57+00:00","dateModified":"2018-08-28T14:14:39+00:00","description":"Labbra: il labbro ideale \u00e8 quello che si adatta maggiormente alla forma del volto e deve essere in armonia con il resto del viso. Le labbra possono essere modificate aumentandone ove necessario il volume, intervenendo sui bordi, delimitandone il contorno, marcando l\u2019arco di cupido. L\u2019esperienza e la specializzazione in Chirurgia Plastica, Ricostruttiva ed Estetica garantiscono risultati eleganti e proporzionati.","breadcrumb":{"@id":"https:\/\/marcopignatti.it\/chirurgia-verona-bologna-modena\/labbra\/#breadcrumb"},"inLanguage":"it-IT","potentialAction":[{"@type":"ReadAction","target":["https:\/\/marcopignatti.it\/chirurgia-verona-bologna-modena\/labbra\/"]}]},{"@type":"ImageObject","inLanguage":"it-IT","@id":"https:\/\/marcopignatti.it\/chirurgia-verona-bologna-modena\/labbra\/#primaryimage","url":"https:\/\/marcopignatti.it\/wp-content\/uploads\/2018\/08\/FRE_6704_volto_Dott_Marco_Pignatti.jpg","contentUrl":"https:\/\/marcopignatti.it\/wp-content\/uploads\/2018\/08\/FRE_6704_volto_Dott_Marco_Pignatti.jpg","width":1024,"height":880},{"@type":"BreadcrumbList","@id":"https:\/\/marcopignatti.it\/chirurgia-verona-bologna-modena\/labbra\/#breadcrumb","itemListElement":[{"@type":"ListItem","position":1,"name":"Home","item":"https:\/\/marcopignatti.it\/"},{"@type":"ListItem","position":2,"name":"Interventi","item":"https:\/\/marcopignatti.it\/it\/interventi\/"},{"@type":"ListItem","position":3,"name":"Labbra"}]},{"@type":"WebSite","@id":"https:\/\/marcopignatti.it\/#website","url":"https:\/\/marcopignatti.it\/","name":"Prof. Marco Pignatti","description":"Specialista in Chirurgia Plastica, Ricostruttiva ed Estetica","publisher":{"@id":"https:\/\/marcopignatti.it\/#\/schema\/person\/5b86799c189c43f1edc156108f90d4eb"},"potentialAction":[{"@type":"SearchAction","target":{"@type":"EntryPoint","urlTemplate":"https:\/\/marcopignatti.it\/?s={search_term_string}"},"query-input":{"@type":"PropertyValueSpecification","valueRequired":true,"valueName":"search_term_string"}}],"inLanguage":"it-IT"},{"@type":["Person","Organization"],"@id":"https:\/\/marcopignatti.it\/#\/schema\/person\/5b86799c189c43f1edc156108f90d4eb","name":"Prof. Pignatti Marco Verona, Bologna, Modena","logo":{"@id":"https:\/\/marcopignatti.it\/#\/schema\/person\/image\/"},"description":"Il Prof. Marco Pignatti \u00e8 un professionista affermato per la chirurgia plastica, medicina estetica e chirurgia estetica. Si dedica alla chirurgia ricostruttiva (per traumi, tumori, difetti congeniti) e alla chirurgia estetica e medicina estetica (per miglioramenti dell'aspetto del viso, del seno e del corpo); garantisce professionalit\u00e0 e risultati naturali in base ai desideri di ciascun paziente.","sameAs":["https:\/\/marcopignatti.it\/","https:\/\/www.facebook.com\/marcopignattichirurgoplastico\/"]}]}},"_links":{"self":[{"href":"https:\/\/marcopignatti.it\/it\/wp-json\/wp\/v2\/product\/8869"}],"collection":[{"href":"https:\/\/marcopignatti.it\/it\/wp-json\/wp\/v2\/product"}],"about":[{"href":"https:\/\/marcopignatti.it\/it\/wp-json\/wp\/v2\/types\/product"}],"replies":[{"embeddable":true,"href":"https:\/\/marcopignatti.it\/it\/wp-json\/wp\/v2\/comments?post=8869"}],"wp:featuredmedia":[{"embeddable":true,"href":"https:\/\/marcopignatti.it\/it\/wp-json\/wp\/v2\/media\/8820"}],"wp:attachment":[{"href":"https:\/\/marcopignatti.it\/it\/wp-json\/wp\/v2\/media?parent=8869"}],"wp:term":[{"taxonomy":"product_cat","embeddable":true,"href":"https:\/\/marcopignatti.it\/it\/wp-json\/wp\/v2\/product_cat?post=8869"},{"taxonomy":"product_tag","embeddable":true,"href":"https:\/\/marcopignatti.it\/it\/wp-json\/wp\/v2\/product_tag?post=8869"}],"curies":[{"name":"wp","href":"https:\/\/api.w.org\/{rel}","templated":true}]}}