{"id":8805,"date":"2018-08-28T08:50:55","date_gmt":"2018-08-28T08:50:55","guid":{"rendered":"http:\/\/marcopignatti.it\/?post_type=product&#038;p=8805"},"modified":"2025-06-02T09:41:52","modified_gmt":"2025-06-02T09:41:52","slug":"biostimolazione","status":"publish","type":"product","link":"https:\/\/marcopignatti.it\/it\/chirurgia-verona-bologna-modena\/biostimolazione\/","title":{"rendered":"Biostimolazione"},"content":{"rendered":"<p><\/p>\n<h2>Biostimolazione<\/h2>\n<div><strong>La biostimolazione o biorivitalizzazione<\/strong> \u00e8 una procedura che permette di \u201crivitalizzare\u201d le attivita\u2019 metaboliche della cute del volto, del collo, del decollete\u2019 e delle mani. <span id=\"more-336\"><\/span>Si utilizzano per tale metodica prevalentemente sostanze biocompatibili totalmente riassorbibili della famiglia dell\u2019acido ialuronico che hanno una azione idratante nei tessuti connettivi migliorando le attivita\u2019 vascolari e favorendo nel frattempo la attivit\u00e0 metabolica.<\/div>\n<p>&nbsp;<\/p>\n<div>Il prodotto viene introdotto per via intradermica con microaghi creando dei pomfi nell\u2019epidermide.<\/div>\n<div>Usando questa metodica si puo\u2019 migliorare la qualita\u2019 della cute, ridurre le fini rughe, dare turgore alla pelle e migliorare la texture cutanea. Il risultato e\u2019 gia\u2019 apprezzabile dopo qualche giorno.<\/div>\n<p>&nbsp;<\/p>\n<div>Dopo la seduta possono rimanere dei piccoli pomfi che scompaiono spontaneamente in qualche ora.<br \/>\nSi eseguono di norma dei cicli di trattamento che prevedono 3-5 trattamenti a distanza di 14-21 giorni.<\/div>\n<p>&nbsp;<\/p>\n<div>Esistono diversi cocktail di principi attivi a seconda del risultato che si vuole ottenere: prima dei 30 anni a scopo preventivo basteranno vitamine e antiossidanti per rinfrescare il viso; per pelli pi\u00f9 mature che necessitano di un vero e proprio antiage, si user\u00e0 l\u2019acido ialuronico stabilizzato che, assicurando una lunga permanenza nei tessuti, favorisce la sintesi del collagene, l\u2019ossigenazione dei tessuti e il richiamo di acqua in superficie per una ottimale idratazione<\/div>\n<p>&nbsp;<\/p>\n<div>Il risultato finale sar\u00e0 duraturo dato che l\u2019effetto riempitivo non \u00e8 dovuto al cocktail di sostanze iniettate ma bens\u00ec al processo di rigenerazione del collagene naturalmente gi\u00e0 presente nello strato profondo della nostra pelle che opportunamente stimolato dalla bioristrutturazione dar\u00e0 origine alla nuova struttura dei tessuti inducendo il processo di produzione di collagene ed elastina<\/div>\n<p><\/p>","protected":false},"excerpt":{"rendered":"<p>La biostimolazione o biorivitalizzazione \u00e8 una procedura che permette di \u201crivitalizzare\u201d le attivita\u2019 metaboliche della cute del volto, del collo, del decollete\u2019 e delle mani.<\/p>\n","protected":false},"featured_media":12042,"comment_status":"open","ping_status":"closed","template":"","meta":{"ngg_post_thumbnail":0},"product_cat":[273,223],"product_tag":[274,191],"yoast_head":"<!-- This site is optimized with the Yoast SEO plugin v23.8 - https:\/\/yoast.com\/wordpress\/plugins\/seo\/ -->\n<title>Biostimolazione - Prof. Marco Pignatti<\/title>\n<meta name=\"robots\" content=\"index, follow, max-snippet:-1, max-image-preview:large, max-video-preview:-1\" \/>\n<link rel=\"canonical\" href=\"https:\/\/marcopignatti.it\/chirurgia-verona-bologna-modena\/biostimolazione\/\" \/>\n<meta property=\"og:locale\" content=\"it_IT\" \/>\n<meta property=\"og:type\" content=\"article\" \/>\n<meta property=\"og:title\" content=\"[:it]Biostimolazione[:] - Prof. Marco Pignatti\" \/>\n<meta property=\"og:description\" content=\"[:it]La biostimolazione o biorivitalizzazione \u00e8 una procedura che permette di \u201crivitalizzare\u201d le attivita\u2019 metaboliche della cute del volto, del collo, del decollete\u2019 e delle mani.[:]\" \/>\n<meta property=\"og:url\" content=\"https:\/\/marcopignatti.it\/chirurgia-verona-bologna-modena\/biostimolazione\/\" \/>\n<meta property=\"og:site_name\" content=\"Prof. Marco Pignatti\" \/>\n<meta property=\"article:publisher\" content=\"https:\/\/www.facebook.com\/marcopignattichirurgoplastico\/\" \/>\n<meta property=\"article:modified_time\" content=\"2025-06-02T09:41:52+00:00\" \/>\n<meta property=\"og:image\" content=\"https:\/\/marcopignatti.it\/wp-content\/uploads\/2025\/05\/marco_pignatti_professore_chirurgo_plastico_verona-1.png\" \/>\n\t<meta property=\"og:image:width\" content=\"1437\" \/>\n\t<meta property=\"og:image:height\" content=\"792\" \/>\n\t<meta property=\"og:image:type\" content=\"image\/png\" \/>\n<meta name=\"twitter:label1\" content=\"Tempo di lettura stimato\" \/>\n\t<meta name=\"twitter:data1\" content=\"2 minuti\" \/>\n<script type=\"application\/ld+json\" class=\"yoast-schema-graph\">{\"@context\":\"https:\/\/schema.org\",\"@graph\":[{\"@type\":\"WebPage\",\"@id\":\"https:\/\/marcopignatti.it\/chirurgia-verona-bologna-modena\/biostimolazione\/\",\"url\":\"https:\/\/marcopignatti.it\/chirurgia-verona-bologna-modena\/biostimolazione\/\",\"name\":\"[:it]Biostimolazione[:] - Prof. Marco Pignatti\",\"isPartOf\":{\"@id\":\"https:\/\/marcopignatti.it\/#website\"},\"primaryImageOfPage\":{\"@id\":\"https:\/\/marcopignatti.it\/chirurgia-verona-bologna-modena\/biostimolazione\/#primaryimage\"},\"image\":{\"@id\":\"https:\/\/marcopignatti.it\/chirurgia-verona-bologna-modena\/biostimolazione\/#primaryimage\"},\"thumbnailUrl\":\"https:\/\/marcopignatti.it\/wp-content\/uploads\/2025\/05\/marco_pignatti_professore_chirurgo_plastico_verona-1.png\",\"datePublished\":\"2018-08-28T08:50:55+00:00\",\"dateModified\":\"2025-06-02T09:41:52+00:00\",\"breadcrumb\":{\"@id\":\"https:\/\/marcopignatti.it\/chirurgia-verona-bologna-modena\/biostimolazione\/#breadcrumb\"},\"inLanguage\":\"it-IT\",\"potentialAction\":[{\"@type\":\"ReadAction\",\"target\":[\"https:\/\/marcopignatti.it\/chirurgia-verona-bologna-modena\/biostimolazione\/\"]}]},{\"@type\":\"ImageObject\",\"inLanguage\":\"it-IT\",\"@id\":\"https:\/\/marcopignatti.it\/chirurgia-verona-bologna-modena\/biostimolazione\/#primaryimage\",\"url\":\"https:\/\/marcopignatti.it\/wp-content\/uploads\/2025\/05\/marco_pignatti_professore_chirurgo_plastico_verona-1.png\",\"contentUrl\":\"https:\/\/marcopignatti.it\/wp-content\/uploads\/2025\/05\/marco_pignatti_professore_chirurgo_plastico_verona-1.png\",\"width\":1437,\"height\":792},{\"@type\":\"BreadcrumbList\",\"@id\":\"https:\/\/marcopignatti.it\/chirurgia-verona-bologna-modena\/biostimolazione\/#breadcrumb\",\"itemListElement\":[{\"@type\":\"ListItem\",\"position\":1,\"name\":\"Home\",\"item\":\"https:\/\/marcopignatti.it\/\"},{\"@type\":\"ListItem\",\"position\":2,\"name\":\"Interventi\",\"item\":\"https:\/\/marcopignatti.it\/it\/interventi\/\"},{\"@type\":\"ListItem\",\"position\":3,\"name\":\"Biostimolazione\"}]},{\"@type\":\"WebSite\",\"@id\":\"https:\/\/marcopignatti.it\/#website\",\"url\":\"https:\/\/marcopignatti.it\/\",\"name\":\"Prof. Marco Pignatti\",\"description\":\"Specialista in Chirurgia Plastica, Ricostruttiva ed Estetica\",\"publisher\":{\"@id\":\"https:\/\/marcopignatti.it\/#\/schema\/person\/5b86799c189c43f1edc156108f90d4eb\"},\"potentialAction\":[{\"@type\":\"SearchAction\",\"target\":{\"@type\":\"EntryPoint\",\"urlTemplate\":\"https:\/\/marcopignatti.it\/?s={search_term_string}\"},\"query-input\":{\"@type\":\"PropertyValueSpecification\",\"valueRequired\":true,\"valueName\":\"search_term_string\"}}],\"inLanguage\":\"it-IT\"},{\"@type\":[\"Person\",\"Organization\"],\"@id\":\"https:\/\/marcopignatti.it\/#\/schema\/person\/5b86799c189c43f1edc156108f90d4eb\",\"name\":\"Prof. Pignatti Marco Verona, Bologna, Modena\",\"logo\":{\"@id\":\"https:\/\/marcopignatti.it\/#\/schema\/person\/image\/\"},\"description\":\"Il Prof. Marco Pignatti \u00e8 un professionista affermato per la chirurgia plastica, medicina estetica e chirurgia estetica. Si dedica alla chirurgia ricostruttiva (per traumi, tumori, difetti congeniti) e alla chirurgia estetica e medicina estetica (per miglioramenti dell'aspetto del viso, del seno e del corpo); garantisce professionalit\u00e0 e risultati naturali in base ai desideri di ciascun paziente.\",\"sameAs\":[\"https:\/\/marcopignatti.it\/\",\"https:\/\/www.facebook.com\/marcopignattichirurgoplastico\/\"]}]}<\/script>\n<!-- \/ Yoast SEO plugin. -->","yoast_head_json":{"title":"[:it]Biostimolazione[:] - Prof. Marco Pignatti","robots":{"index":"index","follow":"follow","max-snippet":"max-snippet:-1","max-image-preview":"max-image-preview:large","max-video-preview":"max-video-preview:-1"},"canonical":"https:\/\/marcopignatti.it\/chirurgia-verona-bologna-modena\/biostimolazione\/","og_locale":"it_IT","og_type":"article","og_title":"[:it]Biostimolazione[:] - Prof. Marco Pignatti","og_description":"[:it]La biostimolazione o biorivitalizzazione \u00e8 una procedura che permette di \u201crivitalizzare\u201d le attivita\u2019 metaboliche della cute del volto, del collo, del decollete\u2019 e delle mani.[:]","og_url":"https:\/\/marcopignatti.it\/chirurgia-verona-bologna-modena\/biostimolazione\/","og_site_name":"Prof. Marco Pignatti","article_publisher":"https:\/\/www.facebook.com\/marcopignattichirurgoplastico\/","article_modified_time":"2025-06-02T09:41:52+00:00","og_image":[{"width":1437,"height":792,"url":"https:\/\/marcopignatti.it\/wp-content\/uploads\/2025\/05\/marco_pignatti_professore_chirurgo_plastico_verona-1.png","type":"image\/png"}],"twitter_misc":{"Tempo di lettura stimato":"2 minuti"},"schema":{"@context":"https:\/\/schema.org","@graph":[{"@type":"WebPage","@id":"https:\/\/marcopignatti.it\/chirurgia-verona-bologna-modena\/biostimolazione\/","url":"https:\/\/marcopignatti.it\/chirurgia-verona-bologna-modena\/biostimolazione\/","name":"[:it]Biostimolazione[:] - Prof. Marco Pignatti","isPartOf":{"@id":"https:\/\/marcopignatti.it\/#website"},"primaryImageOfPage":{"@id":"https:\/\/marcopignatti.it\/chirurgia-verona-bologna-modena\/biostimolazione\/#primaryimage"},"image":{"@id":"https:\/\/marcopignatti.it\/chirurgia-verona-bologna-modena\/biostimolazione\/#primaryimage"},"thumbnailUrl":"https:\/\/marcopignatti.it\/wp-content\/uploads\/2025\/05\/marco_pignatti_professore_chirurgo_plastico_verona-1.png","datePublished":"2018-08-28T08:50:55+00:00","dateModified":"2025-06-02T09:41:52+00:00","breadcrumb":{"@id":"https:\/\/marcopignatti.it\/chirurgia-verona-bologna-modena\/biostimolazione\/#breadcrumb"},"inLanguage":"it-IT","potentialAction":[{"@type":"ReadAction","target":["https:\/\/marcopignatti.it\/chirurgia-verona-bologna-modena\/biostimolazione\/"]}]},{"@type":"ImageObject","inLanguage":"it-IT","@id":"https:\/\/marcopignatti.it\/chirurgia-verona-bologna-modena\/biostimolazione\/#primaryimage","url":"https:\/\/marcopignatti.it\/wp-content\/uploads\/2025\/05\/marco_pignatti_professore_chirurgo_plastico_verona-1.png","contentUrl":"https:\/\/marcopignatti.it\/wp-content\/uploads\/2025\/05\/marco_pignatti_professore_chirurgo_plastico_verona-1.png","width":1437,"height":792},{"@type":"BreadcrumbList","@id":"https:\/\/marcopignatti.it\/chirurgia-verona-bologna-modena\/biostimolazione\/#breadcrumb","itemListElement":[{"@type":"ListItem","position":1,"name":"Home","item":"https:\/\/marcopignatti.it\/"},{"@type":"ListItem","position":2,"name":"Interventi","item":"https:\/\/marcopignatti.it\/it\/interventi\/"},{"@type":"ListItem","position":3,"name":"Biostimolazione"}]},{"@type":"WebSite","@id":"https:\/\/marcopignatti.it\/#website","url":"https:\/\/marcopignatti.it\/","name":"Prof. Marco Pignatti","description":"Specialista in Chirurgia Plastica, Ricostruttiva ed Estetica","publisher":{"@id":"https:\/\/marcopignatti.it\/#\/schema\/person\/5b86799c189c43f1edc156108f90d4eb"},"potentialAction":[{"@type":"SearchAction","target":{"@type":"EntryPoint","urlTemplate":"https:\/\/marcopignatti.it\/?s={search_term_string}"},"query-input":{"@type":"PropertyValueSpecification","valueRequired":true,"valueName":"search_term_string"}}],"inLanguage":"it-IT"},{"@type":["Person","Organization"],"@id":"https:\/\/marcopignatti.it\/#\/schema\/person\/5b86799c189c43f1edc156108f90d4eb","name":"Prof. Pignatti Marco Verona, Bologna, Modena","logo":{"@id":"https:\/\/marcopignatti.it\/#\/schema\/person\/image\/"},"description":"Il Prof. Marco Pignatti \u00e8 un professionista affermato per la chirurgia plastica, medicina estetica e chirurgia estetica. Si dedica alla chirurgia ricostruttiva (per traumi, tumori, difetti congeniti) e alla chirurgia estetica e medicina estetica (per miglioramenti dell'aspetto del viso, del seno e del corpo); garantisce professionalit\u00e0 e risultati naturali in base ai desideri di ciascun paziente.","sameAs":["https:\/\/marcopignatti.it\/","https:\/\/www.facebook.com\/marcopignattichirurgoplastico\/"]}]}},"_links":{"self":[{"href":"https:\/\/marcopignatti.it\/it\/wp-json\/wp\/v2\/product\/8805"}],"collection":[{"href":"https:\/\/marcopignatti.it\/it\/wp-json\/wp\/v2\/product"}],"about":[{"href":"https:\/\/marcopignatti.it\/it\/wp-json\/wp\/v2\/types\/product"}],"replies":[{"embeddable":true,"href":"https:\/\/marcopignatti.it\/it\/wp-json\/wp\/v2\/comments?post=8805"}],"wp:featuredmedia":[{"embeddable":true,"href":"https:\/\/marcopignatti.it\/it\/wp-json\/wp\/v2\/media\/12042"}],"wp:attachment":[{"href":"https:\/\/marcopignatti.it\/it\/wp-json\/wp\/v2\/media?parent=8805"}],"wp:term":[{"taxonomy":"product_cat","embeddable":true,"href":"https:\/\/marcopignatti.it\/it\/wp-json\/wp\/v2\/product_cat?post=8805"},{"taxonomy":"product_tag","embeddable":true,"href":"https:\/\/marcopignatti.it\/it\/wp-json\/wp\/v2\/product_tag?post=8805"}],"curies":[{"name":"wp","href":"https:\/\/api.w.org\/{rel}","templated":true}]}}