{"id":7727,"date":"2017-06-13T14:43:36","date_gmt":"2017-06-13T14:43:36","guid":{"rendered":"http:\/\/marcopignatti.it\/?post_type=product&#038;p=7727"},"modified":"2018-02-03T08:07:13","modified_gmt":"2018-02-03T08:07:13","slug":"lifting-cosce","status":"publish","type":"product","link":"https:\/\/marcopignatti.it\/it\/chirurgia-verona-bologna-modena\/lifting-cosce\/","title":{"rendered":"Lifting cosce"},"content":{"rendered":"<p>Il <strong>Lifting cosce<\/strong> \u00e8 un intervento che permette di rimuovere la pelle ed il grasso in eccesso dalla parte interna della coscia lasciando un profilo della coscia pi\u00f9 dritto e una pelle pi\u00f9 tesa e liscia.<br \/>\n<strong>INDICAZIONI<\/strong><br \/>\nE&#8217; particolarmente utile in pazienti che abbiano avuto un dimagrimento o che abbiano una lassit\u00e0 dei tessuti nella parte interna della coscia.<br \/>\n<strong>TECNICA<\/strong><br \/>\nIl <strong>Lifting cosce<\/strong> \u00e8 un intervento che si esegue di solito in anestesia generale.<br \/>\nLa parte di tessuto che viene asportata \u00e8 quella vicina all inguine e quindi la cicatrice che residuer\u00e0 sar\u00e0 nascosta nella piega tra inguine e coscia. Di solito viene lasciato un drenaggio per i primi giorni.<br \/>\n<strong>RISULTATO<\/strong><br \/>\nIl risultato sar\u00e0 quello di una profilo della coscia pi\u00f9 dritto e di una pelle pi\u00f9 tesa e liscia.<\/p>\n<p><div id='gallery-1' class='gallery galleryid-7727 gallery-columns-3 gallery-size-medium'><figure class='gallery-item'>\n\t\t\t<div class='gallery-icon portrait'>\n\t\t\t\t<a href='https:\/\/marcopignatti.it\/wp-content\/uploads\/2018\/01\/lift-cosce.jpg'><img loading=\"lazy\" decoding=\"async\" width=\"188\" height=\"300\" src=\"https:\/\/marcopignatti.it\/wp-content\/uploads\/2018\/01\/lift-cosce-188x300.jpg\" class=\"attachment-medium size-medium\" alt=\"\" aria-describedby=\"gallery-1-7732\" srcset=\"https:\/\/marcopignatti.it\/wp-content\/uploads\/2018\/01\/lift-cosce-188x300.jpg 188w, https:\/\/marcopignatti.it\/wp-content\/uploads\/2018\/01\/lift-cosce-300x480.jpg 300w, https:\/\/marcopignatti.it\/wp-content\/uploads\/2018\/01\/lift-cosce-600x960.jpg 600w, https:\/\/marcopignatti.it\/wp-content\/uploads\/2018\/01\/lift-cosce-768x1229.jpg 768w, https:\/\/marcopignatti.it\/wp-content\/uploads\/2018\/01\/lift-cosce-640x1024.jpg 640w, https:\/\/marcopignatti.it\/wp-content\/uploads\/2018\/01\/lift-cosce-1320x2112.jpg 1320w, https:\/\/marcopignatti.it\/wp-content\/uploads\/2018\/01\/lift-cosce.jpg 1600w\" sizes=\"(max-width: 188px) 100vw, 188px\" \/><\/a>\n\t\t\t<\/div>\n\t\t\t\t<figcaption class='wp-caption-text gallery-caption' id='gallery-1-7732'>\n\t\t\t\tLifting Cosce\n\t\t\t\t<\/figcaption><\/figure><figure class='gallery-item'>\n\t\t\t<div class='gallery-icon portrait'>\n\t\t\t\t<a href='https:\/\/marcopignatti.it\/wp-content\/uploads\/2018\/01\/lift-cosce_2_20180104140157150.jpg'><img loading=\"lazy\" decoding=\"async\" width=\"188\" height=\"300\" src=\"https:\/\/marcopignatti.it\/wp-content\/uploads\/2018\/01\/lift-cosce_2_20180104140157150-188x300.jpg\" class=\"attachment-medium size-medium\" alt=\"\" aria-describedby=\"gallery-1-7728\" srcset=\"https:\/\/marcopignatti.it\/wp-content\/uploads\/2018\/01\/lift-cosce_2_20180104140157150-188x300.jpg 188w, https:\/\/marcopignatti.it\/wp-content\/uploads\/2018\/01\/lift-cosce_2_20180104140157150-300x480.jpg 300w, https:\/\/marcopignatti.it\/wp-content\/uploads\/2018\/01\/lift-cosce_2_20180104140157150-600x960.jpg 600w, https:\/\/marcopignatti.it\/wp-content\/uploads\/2018\/01\/lift-cosce_2_20180104140157150-768x1229.jpg 768w, https:\/\/marcopignatti.it\/wp-content\/uploads\/2018\/01\/lift-cosce_2_20180104140157150-640x1024.jpg 640w, https:\/\/marcopignatti.it\/wp-content\/uploads\/2018\/01\/lift-cosce_2_20180104140157150-1320x2112.jpg 1320w, https:\/\/marcopignatti.it\/wp-content\/uploads\/2018\/01\/lift-cosce_2_20180104140157150.jpg 1600w\" sizes=\"(max-width: 188px) 100vw, 188px\" \/><\/a>\n\t\t\t<\/div>\n\t\t\t\t<figcaption class='wp-caption-text gallery-caption' id='gallery-1-7728'>\n\t\t\t\teccesso di pelle e grasso nella parte interna delle cosce\n\t\t\t\t<\/figcaption><\/figure><figure class='gallery-item'>\n\t\t\t<div class='gallery-icon portrait'>\n\t\t\t\t<a href='https:\/\/marcopignatti.it\/wp-content\/uploads\/2018\/01\/lift-cosce_3_20180104130511805_20180104140057925.jpg'><img loading=\"lazy\" decoding=\"async\" width=\"188\" height=\"300\" src=\"https:\/\/marcopignatti.it\/wp-content\/uploads\/2018\/01\/lift-cosce_3_20180104130511805_20180104140057925-188x300.jpg\" class=\"attachment-medium size-medium\" alt=\"\" aria-describedby=\"gallery-1-7729\" srcset=\"https:\/\/marcopignatti.it\/wp-content\/uploads\/2018\/01\/lift-cosce_3_20180104130511805_20180104140057925-188x300.jpg 188w, https:\/\/marcopignatti.it\/wp-content\/uploads\/2018\/01\/lift-cosce_3_20180104130511805_20180104140057925-300x480.jpg 300w, https:\/\/marcopignatti.it\/wp-content\/uploads\/2018\/01\/lift-cosce_3_20180104130511805_20180104140057925-600x960.jpg 600w, https:\/\/marcopignatti.it\/wp-content\/uploads\/2018\/01\/lift-cosce_3_20180104130511805_20180104140057925-768x1229.jpg 768w, https:\/\/marcopignatti.it\/wp-content\/uploads\/2018\/01\/lift-cosce_3_20180104130511805_20180104140057925-640x1024.jpg 640w, https:\/\/marcopignatti.it\/wp-content\/uploads\/2018\/01\/lift-cosce_3_20180104130511805_20180104140057925-1320x2112.jpg 1320w, https:\/\/marcopignatti.it\/wp-content\/uploads\/2018\/01\/lift-cosce_3_20180104130511805_20180104140057925.jpg 1600w\" sizes=\"(max-width: 188px) 100vw, 188px\" \/><\/a>\n\t\t\t<\/div>\n\t\t\t\t<figcaption class='wp-caption-text gallery-caption' id='gallery-1-7729'>\n\t\t\t\tparte di pelle e grasso che verr\u00e0 tolta\n\t\t\t\t<\/figcaption><\/figure><figure class='gallery-item'>\n\t\t\t<div class='gallery-icon portrait'>\n\t\t\t\t<a href='https:\/\/marcopignatti.it\/wp-content\/uploads\/2018\/01\/lift-cosce_5_20180104135920280.jpg'><img loading=\"lazy\" decoding=\"async\" width=\"188\" height=\"300\" src=\"https:\/\/marcopignatti.it\/wp-content\/uploads\/2018\/01\/lift-cosce_5_20180104135920280-188x300.jpg\" class=\"attachment-medium size-medium\" alt=\"\" aria-describedby=\"gallery-1-7731\" srcset=\"https:\/\/marcopignatti.it\/wp-content\/uploads\/2018\/01\/lift-cosce_5_20180104135920280-188x300.jpg 188w, https:\/\/marcopignatti.it\/wp-content\/uploads\/2018\/01\/lift-cosce_5_20180104135920280-300x480.jpg 300w, https:\/\/marcopignatti.it\/wp-content\/uploads\/2018\/01\/lift-cosce_5_20180104135920280-600x960.jpg 600w, https:\/\/marcopignatti.it\/wp-content\/uploads\/2018\/01\/lift-cosce_5_20180104135920280-768x1229.jpg 768w, https:\/\/marcopignatti.it\/wp-content\/uploads\/2018\/01\/lift-cosce_5_20180104135920280-640x1024.jpg 640w, https:\/\/marcopignatti.it\/wp-content\/uploads\/2018\/01\/lift-cosce_5_20180104135920280-1320x2112.jpg 1320w, https:\/\/marcopignatti.it\/wp-content\/uploads\/2018\/01\/lift-cosce_5_20180104135920280.jpg 1600w\" sizes=\"(max-width: 188px) 100vw, 188px\" \/><\/a>\n\t\t\t<\/div>\n\t\t\t\t<figcaption class='wp-caption-text gallery-caption' id='gallery-1-7731'>\n\t\t\t\tLa pelle della coscia viene tirata verso l&#8217;alto e fissata\n\t\t\t\t<\/figcaption><\/figure><figure class='gallery-item'>\n\t\t\t<div class='gallery-icon portrait'>\n\t\t\t\t<a href='https:\/\/marcopignatti.it\/wp-content\/uploads\/2018\/01\/lift-cosce_4-1_20180104140014013.jpg'><img loading=\"lazy\" decoding=\"async\" width=\"188\" height=\"300\" src=\"https:\/\/marcopignatti.it\/wp-content\/uploads\/2018\/01\/lift-cosce_4-1_20180104140014013-188x300.jpg\" class=\"attachment-medium size-medium\" alt=\"\" aria-describedby=\"gallery-1-7730\" srcset=\"https:\/\/marcopignatti.it\/wp-content\/uploads\/2018\/01\/lift-cosce_4-1_20180104140014013-188x300.jpg 188w, https:\/\/marcopignatti.it\/wp-content\/uploads\/2018\/01\/lift-cosce_4-1_20180104140014013-300x480.jpg 300w, https:\/\/marcopignatti.it\/wp-content\/uploads\/2018\/01\/lift-cosce_4-1_20180104140014013-600x960.jpg 600w, https:\/\/marcopignatti.it\/wp-content\/uploads\/2018\/01\/lift-cosce_4-1_20180104140014013-768x1229.jpg 768w, https:\/\/marcopignatti.it\/wp-content\/uploads\/2018\/01\/lift-cosce_4-1_20180104140014013-640x1024.jpg 640w, https:\/\/marcopignatti.it\/wp-content\/uploads\/2018\/01\/lift-cosce_4-1_20180104140014013-1320x2112.jpg 1320w, https:\/\/marcopignatti.it\/wp-content\/uploads\/2018\/01\/lift-cosce_4-1_20180104140014013.jpg 1600w\" sizes=\"(max-width: 188px) 100vw, 188px\" \/><\/a>\n\t\t\t<\/div>\n\t\t\t\t<figcaption class='wp-caption-text gallery-caption' id='gallery-1-7730'>\n\t\t\t\teccesso di pelle e grasso rimosso dalle due cosce\n\t\t\t\t<\/figcaption><\/figure>\n\t\t<\/div>\n<br \/>\n<div style=\"width: 800px;\" class=\"wp-video\"><!--[if lt IE 9]><script>document.createElement('video');<\/script><![endif]-->\n<video class=\"wp-video-shortcode\" id=\"video-7727-1\" width=\"800\" height=\"600\" preload=\"metadata\" controls=\"controls\"><source type=\"video\/mp4\" src=\"http:\/\/marcopignatti.it\/wp-content\/uploads\/2018\/01\/videotogif_2018.01.04_17.58.36.mp4?_=1\" \/><a href=\"http:\/\/marcopignatti.it\/wp-content\/uploads\/2018\/01\/videotogif_2018.01.04_17.58.36.mp4\">http:\/\/marcopignatti.it\/wp-content\/uploads\/2018\/01\/videotogif_2018.01.04_17.58.36.mp4<\/a><\/video><\/div><\/p>","protected":false},"excerpt":{"rendered":"<p>Il <strong>Lifting cosce<\/strong> \u00e8 un intervento che si esegue di solito in anestesia generale e che permette di rimuovere la pelle ed il grasso in eccesso dalla parte interna della coscia.<\/p>\n","protected":false},"featured_media":7734,"comment_status":"open","ping_status":"closed","template":"","meta":{"ngg_post_thumbnail":0},"product_cat":[186,199,202],"product_tag":[254,251,252],"yoast_head":"<!-- This site is optimized with the Yoast SEO plugin v23.8 - https:\/\/yoast.com\/wordpress\/plugins\/seo\/ -->\n<title>Lifting cosce - Prof. Marco Pignatti<\/title>\n<meta name=\"description\" content=\"Il Lifting cosce \u00e8 un intervento che si esegue di solito in anestesia generale e che permette di rimuovere la pelle ed il grasso in eccesso dalla parte interna della coscia.\" \/>\n<meta name=\"robots\" content=\"index, follow, max-snippet:-1, max-image-preview:large, max-video-preview:-1\" \/>\n<link rel=\"canonical\" href=\"https:\/\/marcopignatti.it\/it\/chirurgia-verona-bologna-modena\/lifting-cosce\/\" \/>\n<meta property=\"og:locale\" content=\"it_IT\" \/>\n<meta property=\"og:type\" content=\"article\" \/>\n<meta property=\"og:title\" content=\"[:it]Lifting cosce[:] - Prof. Marco Pignatti\" \/>\n<meta property=\"og:description\" content=\"Il Lifting cosce \u00e8 un intervento che si esegue di solito in anestesia generale e che permette di rimuovere la pelle ed il grasso in eccesso dalla parte interna della coscia.\" \/>\n<meta property=\"og:url\" content=\"https:\/\/marcopignatti.it\/it\/chirurgia-verona-bologna-modena\/lifting-cosce\/\" \/>\n<meta property=\"og:site_name\" content=\"Prof. Marco Pignatti\" \/>\n<meta property=\"article:publisher\" content=\"https:\/\/www.facebook.com\/marcopignattichirurgoplastico\/\" \/>\n<meta property=\"article:modified_time\" content=\"2018-02-03T08:07:13+00:00\" \/>\n<meta property=\"og:image\" content=\"https:\/\/marcopignatti.it\/wp-content\/uploads\/2018\/01\/lift-cosce_0-WM.jpg\" \/>\n\t<meta property=\"og:image:width\" content=\"1024\" \/>\n\t<meta property=\"og:image:height\" content=\"1024\" \/>\n\t<meta property=\"og:image:type\" content=\"image\/png\" \/>\n<meta name=\"twitter:label1\" content=\"Tempo di lettura stimato\" \/>\n\t<meta name=\"twitter:data1\" content=\"1 minuto\" \/>\n<script type=\"application\/ld+json\" class=\"yoast-schema-graph\">{\"@context\":\"https:\/\/schema.org\",\"@graph\":[{\"@type\":\"WebPage\",\"@id\":\"https:\/\/marcopignatti.it\/it\/chirurgia-verona-bologna-modena\/lifting-cosce\/\",\"url\":\"https:\/\/marcopignatti.it\/it\/chirurgia-verona-bologna-modena\/lifting-cosce\/\",\"name\":\"[:it]Lifting cosce[:] - Prof. Marco Pignatti\",\"isPartOf\":{\"@id\":\"https:\/\/marcopignatti.it\/#website\"},\"primaryImageOfPage\":{\"@id\":\"https:\/\/marcopignatti.it\/it\/chirurgia-verona-bologna-modena\/lifting-cosce\/#primaryimage\"},\"image\":{\"@id\":\"https:\/\/marcopignatti.it\/it\/chirurgia-verona-bologna-modena\/lifting-cosce\/#primaryimage\"},\"thumbnailUrl\":\"https:\/\/marcopignatti.it\/wp-content\/uploads\/2018\/01\/lift-cosce_0-WM.jpg\",\"datePublished\":\"2017-06-13T14:43:36+00:00\",\"dateModified\":\"2018-02-03T08:07:13+00:00\",\"description\":\"Il Lifting cosce \u00e8 un intervento che si esegue di solito in anestesia generale e che permette di rimuovere la pelle ed il grasso in eccesso dalla parte interna della coscia.\",\"breadcrumb\":{\"@id\":\"https:\/\/marcopignatti.it\/it\/chirurgia-verona-bologna-modena\/lifting-cosce\/#breadcrumb\"},\"inLanguage\":\"it-IT\",\"potentialAction\":[{\"@type\":\"ReadAction\",\"target\":[\"https:\/\/marcopignatti.it\/it\/chirurgia-verona-bologna-modena\/lifting-cosce\/\"]}]},{\"@type\":\"ImageObject\",\"inLanguage\":\"it-IT\",\"@id\":\"https:\/\/marcopignatti.it\/it\/chirurgia-verona-bologna-modena\/lifting-cosce\/#primaryimage\",\"url\":\"https:\/\/marcopignatti.it\/wp-content\/uploads\/2018\/01\/lift-cosce_0-WM.jpg\",\"contentUrl\":\"https:\/\/marcopignatti.it\/wp-content\/uploads\/2018\/01\/lift-cosce_0-WM.jpg\",\"width\":1024,\"height\":1024,\"caption\":\"lifting cosce\"},{\"@type\":\"BreadcrumbList\",\"@id\":\"https:\/\/marcopignatti.it\/it\/chirurgia-verona-bologna-modena\/lifting-cosce\/#breadcrumb\",\"itemListElement\":[{\"@type\":\"ListItem\",\"position\":1,\"name\":\"Home\",\"item\":\"https:\/\/marcopignatti.it\/\"},{\"@type\":\"ListItem\",\"position\":2,\"name\":\"Interventi\",\"item\":\"https:\/\/marcopignatti.it\/it\/interventi\/\"},{\"@type\":\"ListItem\",\"position\":3,\"name\":\"Lifting cosce\"}]},{\"@type\":\"WebSite\",\"@id\":\"https:\/\/marcopignatti.it\/#website\",\"url\":\"https:\/\/marcopignatti.it\/\",\"name\":\"Prof. Marco Pignatti\",\"description\":\"Specialista in Chirurgia Plastica, Ricostruttiva ed Estetica\",\"publisher\":{\"@id\":\"https:\/\/marcopignatti.it\/#\/schema\/person\/5b86799c189c43f1edc156108f90d4eb\"},\"potentialAction\":[{\"@type\":\"SearchAction\",\"target\":{\"@type\":\"EntryPoint\",\"urlTemplate\":\"https:\/\/marcopignatti.it\/?s={search_term_string}\"},\"query-input\":{\"@type\":\"PropertyValueSpecification\",\"valueRequired\":true,\"valueName\":\"search_term_string\"}}],\"inLanguage\":\"it-IT\"},{\"@type\":[\"Person\",\"Organization\"],\"@id\":\"https:\/\/marcopignatti.it\/#\/schema\/person\/5b86799c189c43f1edc156108f90d4eb\",\"name\":\"Prof. Pignatti Marco Verona, Bologna, Modena\",\"logo\":{\"@id\":\"https:\/\/marcopignatti.it\/#\/schema\/person\/image\/\"},\"description\":\"Il Prof. Marco Pignatti \u00e8 un professionista affermato per la chirurgia plastica, medicina estetica e chirurgia estetica. Si dedica alla chirurgia ricostruttiva (per traumi, tumori, difetti congeniti) e alla chirurgia estetica e medicina estetica (per miglioramenti dell'aspetto del viso, del seno e del corpo); garantisce professionalit\u00e0 e risultati naturali in base ai desideri di ciascun paziente.\",\"sameAs\":[\"https:\/\/marcopignatti.it\/\",\"https:\/\/www.facebook.com\/marcopignattichirurgoplastico\/\"]}]}<\/script>\n<!-- \/ Yoast SEO plugin. -->","yoast_head_json":{"title":"[:it]Lifting cosce[:] - Prof. Marco Pignatti","description":"Il Lifting cosce \u00e8 un intervento che si esegue di solito in anestesia generale e che permette di rimuovere la pelle ed il grasso in eccesso dalla parte interna della coscia.","robots":{"index":"index","follow":"follow","max-snippet":"max-snippet:-1","max-image-preview":"max-image-preview:large","max-video-preview":"max-video-preview:-1"},"canonical":"https:\/\/marcopignatti.it\/it\/chirurgia-verona-bologna-modena\/lifting-cosce\/","og_locale":"it_IT","og_type":"article","og_title":"[:it]Lifting cosce[:] - Prof. Marco Pignatti","og_description":"Il Lifting cosce \u00e8 un intervento che si esegue di solito in anestesia generale e che permette di rimuovere la pelle ed il grasso in eccesso dalla parte interna della coscia.","og_url":"https:\/\/marcopignatti.it\/it\/chirurgia-verona-bologna-modena\/lifting-cosce\/","og_site_name":"Prof. Marco Pignatti","article_publisher":"https:\/\/www.facebook.com\/marcopignattichirurgoplastico\/","article_modified_time":"2018-02-03T08:07:13+00:00","og_image":[{"width":1024,"height":1024,"url":"https:\/\/marcopignatti.it\/wp-content\/uploads\/2018\/01\/lift-cosce_0-WM.jpg","type":"image\/png"}],"twitter_misc":{"Tempo di lettura stimato":"1 minuto"},"schema":{"@context":"https:\/\/schema.org","@graph":[{"@type":"WebPage","@id":"https:\/\/marcopignatti.it\/it\/chirurgia-verona-bologna-modena\/lifting-cosce\/","url":"https:\/\/marcopignatti.it\/it\/chirurgia-verona-bologna-modena\/lifting-cosce\/","name":"[:it]Lifting cosce[:] - Prof. Marco Pignatti","isPartOf":{"@id":"https:\/\/marcopignatti.it\/#website"},"primaryImageOfPage":{"@id":"https:\/\/marcopignatti.it\/it\/chirurgia-verona-bologna-modena\/lifting-cosce\/#primaryimage"},"image":{"@id":"https:\/\/marcopignatti.it\/it\/chirurgia-verona-bologna-modena\/lifting-cosce\/#primaryimage"},"thumbnailUrl":"https:\/\/marcopignatti.it\/wp-content\/uploads\/2018\/01\/lift-cosce_0-WM.jpg","datePublished":"2017-06-13T14:43:36+00:00","dateModified":"2018-02-03T08:07:13+00:00","description":"Il Lifting cosce \u00e8 un intervento che si esegue di solito in anestesia generale e che permette di rimuovere la pelle ed il grasso in eccesso dalla parte interna della coscia.","breadcrumb":{"@id":"https:\/\/marcopignatti.it\/it\/chirurgia-verona-bologna-modena\/lifting-cosce\/#breadcrumb"},"inLanguage":"it-IT","potentialAction":[{"@type":"ReadAction","target":["https:\/\/marcopignatti.it\/it\/chirurgia-verona-bologna-modena\/lifting-cosce\/"]}]},{"@type":"ImageObject","inLanguage":"it-IT","@id":"https:\/\/marcopignatti.it\/it\/chirurgia-verona-bologna-modena\/lifting-cosce\/#primaryimage","url":"https:\/\/marcopignatti.it\/wp-content\/uploads\/2018\/01\/lift-cosce_0-WM.jpg","contentUrl":"https:\/\/marcopignatti.it\/wp-content\/uploads\/2018\/01\/lift-cosce_0-WM.jpg","width":1024,"height":1024,"caption":"lifting cosce"},{"@type":"BreadcrumbList","@id":"https:\/\/marcopignatti.it\/it\/chirurgia-verona-bologna-modena\/lifting-cosce\/#breadcrumb","itemListElement":[{"@type":"ListItem","position":1,"name":"Home","item":"https:\/\/marcopignatti.it\/"},{"@type":"ListItem","position":2,"name":"Interventi","item":"https:\/\/marcopignatti.it\/it\/interventi\/"},{"@type":"ListItem","position":3,"name":"Lifting cosce"}]},{"@type":"WebSite","@id":"https:\/\/marcopignatti.it\/#website","url":"https:\/\/marcopignatti.it\/","name":"Prof. Marco Pignatti","description":"Specialista in Chirurgia Plastica, Ricostruttiva ed Estetica","publisher":{"@id":"https:\/\/marcopignatti.it\/#\/schema\/person\/5b86799c189c43f1edc156108f90d4eb"},"potentialAction":[{"@type":"SearchAction","target":{"@type":"EntryPoint","urlTemplate":"https:\/\/marcopignatti.it\/?s={search_term_string}"},"query-input":{"@type":"PropertyValueSpecification","valueRequired":true,"valueName":"search_term_string"}}],"inLanguage":"it-IT"},{"@type":["Person","Organization"],"@id":"https:\/\/marcopignatti.it\/#\/schema\/person\/5b86799c189c43f1edc156108f90d4eb","name":"Prof. Pignatti Marco Verona, Bologna, Modena","logo":{"@id":"https:\/\/marcopignatti.it\/#\/schema\/person\/image\/"},"description":"Il Prof. Marco Pignatti \u00e8 un professionista affermato per la chirurgia plastica, medicina estetica e chirurgia estetica. Si dedica alla chirurgia ricostruttiva (per traumi, tumori, difetti congeniti) e alla chirurgia estetica e medicina estetica (per miglioramenti dell'aspetto del viso, del seno e del corpo); garantisce professionalit\u00e0 e risultati naturali in base ai desideri di ciascun paziente.","sameAs":["https:\/\/marcopignatti.it\/","https:\/\/www.facebook.com\/marcopignattichirurgoplastico\/"]}]}},"_links":{"self":[{"href":"https:\/\/marcopignatti.it\/it\/wp-json\/wp\/v2\/product\/7727"}],"collection":[{"href":"https:\/\/marcopignatti.it\/it\/wp-json\/wp\/v2\/product"}],"about":[{"href":"https:\/\/marcopignatti.it\/it\/wp-json\/wp\/v2\/types\/product"}],"replies":[{"embeddable":true,"href":"https:\/\/marcopignatti.it\/it\/wp-json\/wp\/v2\/comments?post=7727"}],"wp:featuredmedia":[{"embeddable":true,"href":"https:\/\/marcopignatti.it\/it\/wp-json\/wp\/v2\/media\/7734"}],"wp:attachment":[{"href":"https:\/\/marcopignatti.it\/it\/wp-json\/wp\/v2\/media?parent=7727"}],"wp:term":[{"taxonomy":"product_cat","embeddable":true,"href":"https:\/\/marcopignatti.it\/it\/wp-json\/wp\/v2\/product_cat?post=7727"},{"taxonomy":"product_tag","embeddable":true,"href":"https:\/\/marcopignatti.it\/it\/wp-json\/wp\/v2\/product_tag?post=7727"}],"curies":[{"name":"wp","href":"https:\/\/api.w.org\/{rel}","templated":true}]}}