{"id":5982,"date":"2017-06-11T07:43:47","date_gmt":"2017-06-11T07:43:47","guid":{"rendered":"http:\/\/marcopignatti.it\/?post_type=product&#038;p=5982"},"modified":"2024-04-17T08:32:18","modified_gmt":"2024-04-17T08:32:18","slug":"lifting-facciale","status":"publish","type":"product","link":"https:\/\/marcopignatti.it\/it\/chirurgia-verona-bologna-modena\/lifting-facciale\/","title":{"rendered":"Lifting facciale"},"content":{"rendered":"<p><\/p>\n<h1>MACS lift<\/h1>\n<p><strong>Una delle tecniche che preferisco \u00e8  il MACS lift.<\/strong> <\/p>\n<p>Una tecnica utilizzabile in diversi modi a seconda della zona del viso che si vuole correggere di pi\u00f9.<br \/>\nPu\u00f2 ringiovanire il collo,<br \/>\nridefinire il margine della mandibola,<br \/>\nmigliorare le rughe nasogeniene (tra il naso e i lati della bocca). <\/p>\n<p>\u00c9 un <strong>intervento ambulatoriale<\/strong> che non richiede ricovero.<br \/>\nIn <strong>anestesia locale<\/strong>, si esegue una incisione al margine anteriore dell&#8217;orecchio. Quindi si solleva la pelle di quella zona in direzione dell&#8217;angolo della bocca. Si applica un punto riassorbibile profondo (sotto la pelle e non visibile dall&#8217;esterno) che solleva i tessuti.<br \/>\nLa pelle che risulta in eccesso grazie al sollevamento dei tessuti, viene rimossa senza per\u00f2 dare l&#8217;effetto innaturale dei lifting di vecchia concezione.<\/p>\n<p>L&#8217;incisione viene chiusa con <strong>punti riassorbibili<\/strong> e solo pochi piccoli punti sulla pelle.<br \/>\nUn <strong>piccolo drenaggio sottogarza<\/strong> viene rimosso senza dolore il giorno successivo.<br \/>\nLa medicazione \u00e9 minima fin dal secondo giorno.<br \/>\nUn po&#8217; di gonfiore \u00e9 prevedibile e normale ma si risolve in poche ore o giorni (cos\u00ec come le ecchimosi\/segnetti viola). <\/p>\n<p>\u00c9 necessario riposo da esercizi intensi per almeno 2 settimane.<\/p>\n<p>Il risultato che si pu\u00f2 ottenere con questo piccolo <strong>intervento di 2-3 ore ambulatoriale<\/strong>, \u00e8 molto naturale,  non stravolge i lineamenti ma <strong>ringiovanisce il viso<\/strong>.<br \/>\nAd un costo ragionevole<\/p>\n<p>Per maggiori informazioni su:<br \/>\nLIFTING FACCIALE &#8211; lifting temporale &#8211; minilifting &#8211; lifting del viso<br \/>\nscrivi a Dott. Marco Pignatti <a style=\"color:#980000;\" href=\"mailto:info@marcopignatti.it\">info@marcopignatti.it<\/a><br \/>\n<\/p>","protected":false},"excerpt":{"rendered":"<p>MACS lift Una delle tecniche che preferisco \u00e8 il MACS lift. Una tecnica utilizzabile in diversi modi a seconda della zona del viso che si vuole correggere di pi\u00f9. Pu\u00f2 &#8230;<\/p>\n","protected":false},"featured_media":7774,"comment_status":"open","ping_status":"closed","template":"","meta":{"ngg_post_thumbnail":0},"product_cat":[205,223],"product_tag":[254,237,191],"yoast_head":"<!-- This site is optimized with the Yoast SEO plugin v23.8 - https:\/\/yoast.com\/wordpress\/plugins\/seo\/ -->\n<title>Lifting facciale - Prof. Marco Pignatti<\/title>\n<meta name=\"description\" content=\"MACS lift, lifting facciale. Diverse tecniche, in base alla gravit\u00e0, correggono il rilassamento del viso.\" \/>\n<meta name=\"robots\" content=\"index, follow, max-snippet:-1, max-image-preview:large, max-video-preview:-1\" \/>\n<link rel=\"canonical\" href=\"https:\/\/marcopignatti.it\/it\/chirurgia-verona-bologna-modena\/lifting-facciale\/\" \/>\n<meta property=\"og:locale\" content=\"it_IT\" \/>\n<meta property=\"og:type\" content=\"article\" \/>\n<meta property=\"og:title\" content=\"Lifting facciale - Prof. Marco Pignatti\" \/>\n<meta property=\"og:description\" content=\"MACS lift, lifting facciale. Diverse tecniche, in base alla gravit\u00e0, correggono il rilassamento del viso.\" \/>\n<meta property=\"og:url\" content=\"https:\/\/marcopignatti.it\/it\/chirurgia-verona-bologna-modena\/lifting-facciale\/\" \/>\n<meta property=\"og:site_name\" content=\"Prof. Marco Pignatti\" \/>\n<meta property=\"article:publisher\" content=\"https:\/\/www.facebook.com\/marcopignattichirurgoplastico\/\" \/>\n<meta property=\"article:modified_time\" content=\"2024-04-17T08:32:18+00:00\" \/>\n<meta property=\"og:image\" content=\"https:\/\/marcopignatti.it\/wp-content\/uploads\/2017\/06\/Lifting-Viso.gif\" \/>\n\t<meta property=\"og:image:width\" content=\"720\" \/>\n\t<meta property=\"og:image:height\" content=\"1280\" \/>\n\t<meta property=\"og:image:type\" content=\"image\/gif\" \/>\n<meta name=\"twitter:label1\" content=\"Tempo di lettura stimato\" \/>\n\t<meta name=\"twitter:data1\" content=\"2 minuti\" \/>\n<script type=\"application\/ld+json\" class=\"yoast-schema-graph\">{\"@context\":\"https:\/\/schema.org\",\"@graph\":[{\"@type\":\"WebPage\",\"@id\":\"https:\/\/marcopignatti.it\/it\/chirurgia-verona-bologna-modena\/lifting-facciale\/\",\"url\":\"https:\/\/marcopignatti.it\/it\/chirurgia-verona-bologna-modena\/lifting-facciale\/\",\"name\":\"Lifting facciale - Prof. Marco Pignatti\",\"isPartOf\":{\"@id\":\"https:\/\/marcopignatti.it\/#website\"},\"primaryImageOfPage\":{\"@id\":\"https:\/\/marcopignatti.it\/it\/chirurgia-verona-bologna-modena\/lifting-facciale\/#primaryimage\"},\"image\":{\"@id\":\"https:\/\/marcopignatti.it\/it\/chirurgia-verona-bologna-modena\/lifting-facciale\/#primaryimage\"},\"thumbnailUrl\":\"https:\/\/marcopignatti.it\/wp-content\/uploads\/2017\/06\/Lifting-Viso.gif\",\"datePublished\":\"2017-06-11T07:43:47+00:00\",\"dateModified\":\"2024-04-17T08:32:18+00:00\",\"description\":\"MACS lift, lifting facciale. Diverse tecniche, in base alla gravit\u00e0, correggono il rilassamento del viso.\",\"breadcrumb\":{\"@id\":\"https:\/\/marcopignatti.it\/it\/chirurgia-verona-bologna-modena\/lifting-facciale\/#breadcrumb\"},\"inLanguage\":\"it-IT\",\"potentialAction\":[{\"@type\":\"ReadAction\",\"target\":[\"https:\/\/marcopignatti.it\/it\/chirurgia-verona-bologna-modena\/lifting-facciale\/\"]}]},{\"@type\":\"ImageObject\",\"inLanguage\":\"it-IT\",\"@id\":\"https:\/\/marcopignatti.it\/it\/chirurgia-verona-bologna-modena\/lifting-facciale\/#primaryimage\",\"url\":\"https:\/\/marcopignatti.it\/wp-content\/uploads\/2017\/06\/Lifting-Viso.gif\",\"contentUrl\":\"https:\/\/marcopignatti.it\/wp-content\/uploads\/2017\/06\/Lifting-Viso.gif\",\"width\":720,\"height\":1280},{\"@type\":\"BreadcrumbList\",\"@id\":\"https:\/\/marcopignatti.it\/it\/chirurgia-verona-bologna-modena\/lifting-facciale\/#breadcrumb\",\"itemListElement\":[{\"@type\":\"ListItem\",\"position\":1,\"name\":\"Home\",\"item\":\"https:\/\/marcopignatti.it\/\"},{\"@type\":\"ListItem\",\"position\":2,\"name\":\"Interventi\",\"item\":\"https:\/\/marcopignatti.it\/it\/interventi\/\"},{\"@type\":\"ListItem\",\"position\":3,\"name\":\"Lifting facciale\"}]},{\"@type\":\"WebSite\",\"@id\":\"https:\/\/marcopignatti.it\/#website\",\"url\":\"https:\/\/marcopignatti.it\/\",\"name\":\"Prof. Marco Pignatti\",\"description\":\"Specialista in Chirurgia Plastica, Ricostruttiva ed Estetica\",\"publisher\":{\"@id\":\"https:\/\/marcopignatti.it\/#\/schema\/person\/5b86799c189c43f1edc156108f90d4eb\"},\"potentialAction\":[{\"@type\":\"SearchAction\",\"target\":{\"@type\":\"EntryPoint\",\"urlTemplate\":\"https:\/\/marcopignatti.it\/?s={search_term_string}\"},\"query-input\":{\"@type\":\"PropertyValueSpecification\",\"valueRequired\":true,\"valueName\":\"search_term_string\"}}],\"inLanguage\":\"it-IT\"},{\"@type\":[\"Person\",\"Organization\"],\"@id\":\"https:\/\/marcopignatti.it\/#\/schema\/person\/5b86799c189c43f1edc156108f90d4eb\",\"name\":\"Prof. Pignatti Marco Verona, Bologna, Modena\",\"logo\":{\"@id\":\"https:\/\/marcopignatti.it\/#\/schema\/person\/image\/\"},\"description\":\"Il Prof. Marco Pignatti \u00e8 un professionista affermato per la chirurgia plastica, medicina estetica e chirurgia estetica. Si dedica alla chirurgia ricostruttiva (per traumi, tumori, difetti congeniti) e alla chirurgia estetica e medicina estetica (per miglioramenti dell'aspetto del viso, del seno e del corpo); garantisce professionalit\u00e0 e risultati naturali in base ai desideri di ciascun paziente.\",\"sameAs\":[\"https:\/\/marcopignatti.it\/\",\"https:\/\/www.facebook.com\/marcopignattichirurgoplastico\/\"]}]}<\/script>\n<!-- \/ Yoast SEO plugin. -->","yoast_head_json":{"title":"Lifting facciale - Prof. Marco Pignatti","description":"MACS lift, lifting facciale. Diverse tecniche, in base alla gravit\u00e0, correggono il rilassamento del viso.","robots":{"index":"index","follow":"follow","max-snippet":"max-snippet:-1","max-image-preview":"max-image-preview:large","max-video-preview":"max-video-preview:-1"},"canonical":"https:\/\/marcopignatti.it\/it\/chirurgia-verona-bologna-modena\/lifting-facciale\/","og_locale":"it_IT","og_type":"article","og_title":"Lifting facciale - Prof. Marco Pignatti","og_description":"MACS lift, lifting facciale. Diverse tecniche, in base alla gravit\u00e0, correggono il rilassamento del viso.","og_url":"https:\/\/marcopignatti.it\/it\/chirurgia-verona-bologna-modena\/lifting-facciale\/","og_site_name":"Prof. Marco Pignatti","article_publisher":"https:\/\/www.facebook.com\/marcopignattichirurgoplastico\/","article_modified_time":"2024-04-17T08:32:18+00:00","og_image":[{"width":720,"height":1280,"url":"https:\/\/marcopignatti.it\/wp-content\/uploads\/2017\/06\/Lifting-Viso.gif","type":"image\/gif"}],"twitter_misc":{"Tempo di lettura stimato":"2 minuti"},"schema":{"@context":"https:\/\/schema.org","@graph":[{"@type":"WebPage","@id":"https:\/\/marcopignatti.it\/it\/chirurgia-verona-bologna-modena\/lifting-facciale\/","url":"https:\/\/marcopignatti.it\/it\/chirurgia-verona-bologna-modena\/lifting-facciale\/","name":"Lifting facciale - Prof. Marco Pignatti","isPartOf":{"@id":"https:\/\/marcopignatti.it\/#website"},"primaryImageOfPage":{"@id":"https:\/\/marcopignatti.it\/it\/chirurgia-verona-bologna-modena\/lifting-facciale\/#primaryimage"},"image":{"@id":"https:\/\/marcopignatti.it\/it\/chirurgia-verona-bologna-modena\/lifting-facciale\/#primaryimage"},"thumbnailUrl":"https:\/\/marcopignatti.it\/wp-content\/uploads\/2017\/06\/Lifting-Viso.gif","datePublished":"2017-06-11T07:43:47+00:00","dateModified":"2024-04-17T08:32:18+00:00","description":"MACS lift, lifting facciale. Diverse tecniche, in base alla gravit\u00e0, correggono il rilassamento del viso.","breadcrumb":{"@id":"https:\/\/marcopignatti.it\/it\/chirurgia-verona-bologna-modena\/lifting-facciale\/#breadcrumb"},"inLanguage":"it-IT","potentialAction":[{"@type":"ReadAction","target":["https:\/\/marcopignatti.it\/it\/chirurgia-verona-bologna-modena\/lifting-facciale\/"]}]},{"@type":"ImageObject","inLanguage":"it-IT","@id":"https:\/\/marcopignatti.it\/it\/chirurgia-verona-bologna-modena\/lifting-facciale\/#primaryimage","url":"https:\/\/marcopignatti.it\/wp-content\/uploads\/2017\/06\/Lifting-Viso.gif","contentUrl":"https:\/\/marcopignatti.it\/wp-content\/uploads\/2017\/06\/Lifting-Viso.gif","width":720,"height":1280},{"@type":"BreadcrumbList","@id":"https:\/\/marcopignatti.it\/it\/chirurgia-verona-bologna-modena\/lifting-facciale\/#breadcrumb","itemListElement":[{"@type":"ListItem","position":1,"name":"Home","item":"https:\/\/marcopignatti.it\/"},{"@type":"ListItem","position":2,"name":"Interventi","item":"https:\/\/marcopignatti.it\/it\/interventi\/"},{"@type":"ListItem","position":3,"name":"Lifting facciale"}]},{"@type":"WebSite","@id":"https:\/\/marcopignatti.it\/#website","url":"https:\/\/marcopignatti.it\/","name":"Prof. Marco Pignatti","description":"Specialista in Chirurgia Plastica, Ricostruttiva ed Estetica","publisher":{"@id":"https:\/\/marcopignatti.it\/#\/schema\/person\/5b86799c189c43f1edc156108f90d4eb"},"potentialAction":[{"@type":"SearchAction","target":{"@type":"EntryPoint","urlTemplate":"https:\/\/marcopignatti.it\/?s={search_term_string}"},"query-input":{"@type":"PropertyValueSpecification","valueRequired":true,"valueName":"search_term_string"}}],"inLanguage":"it-IT"},{"@type":["Person","Organization"],"@id":"https:\/\/marcopignatti.it\/#\/schema\/person\/5b86799c189c43f1edc156108f90d4eb","name":"Prof. Pignatti Marco Verona, Bologna, Modena","logo":{"@id":"https:\/\/marcopignatti.it\/#\/schema\/person\/image\/"},"description":"Il Prof. Marco Pignatti \u00e8 un professionista affermato per la chirurgia plastica, medicina estetica e chirurgia estetica. Si dedica alla chirurgia ricostruttiva (per traumi, tumori, difetti congeniti) e alla chirurgia estetica e medicina estetica (per miglioramenti dell'aspetto del viso, del seno e del corpo); garantisce professionalit\u00e0 e risultati naturali in base ai desideri di ciascun paziente.","sameAs":["https:\/\/marcopignatti.it\/","https:\/\/www.facebook.com\/marcopignattichirurgoplastico\/"]}]}},"_links":{"self":[{"href":"https:\/\/marcopignatti.it\/it\/wp-json\/wp\/v2\/product\/5982"}],"collection":[{"href":"https:\/\/marcopignatti.it\/it\/wp-json\/wp\/v2\/product"}],"about":[{"href":"https:\/\/marcopignatti.it\/it\/wp-json\/wp\/v2\/types\/product"}],"replies":[{"embeddable":true,"href":"https:\/\/marcopignatti.it\/it\/wp-json\/wp\/v2\/comments?post=5982"}],"wp:featuredmedia":[{"embeddable":true,"href":"https:\/\/marcopignatti.it\/it\/wp-json\/wp\/v2\/media\/7774"}],"wp:attachment":[{"href":"https:\/\/marcopignatti.it\/it\/wp-json\/wp\/v2\/media?parent=5982"}],"wp:term":[{"taxonomy":"product_cat","embeddable":true,"href":"https:\/\/marcopignatti.it\/it\/wp-json\/wp\/v2\/product_cat?post=5982"},{"taxonomy":"product_tag","embeddable":true,"href":"https:\/\/marcopignatti.it\/it\/wp-json\/wp\/v2\/product_tag?post=5982"}],"curies":[{"name":"wp","href":"https:\/\/api.w.org\/{rel}","templated":true}]}}