{"id":5978,"date":"2017-06-11T07:20:50","date_gmt":"2017-06-11T07:20:50","guid":{"rendered":"http:\/\/marcopignatti.it\/?post_type=product&#038;p=5978"},"modified":"2025-07-15T15:58:31","modified_gmt":"2025-07-15T15:58:31","slug":"otoplastica-correzione-delle-orecchie","status":"publish","type":"product","link":"https:\/\/marcopignatti.it\/it\/chirurgia-verona-bologna-modena\/otoplastica-correzione-delle-orecchie\/","title":{"rendered":"Otoplastica (correzione delle orecchie)"},"content":{"rendered":"<p>La <strong>Otoplastica<\/strong> \u00e8 l\u2019intervento ambulatoriale che permette di correggere le orecchie \u201ca sventola\u201d.<\/p>\n<p>Son due i difetti del padiglione auricolare (la parte visibile dell\u2019orecchio) che possono rendere l\u2019orecchio esteticamente poco piacevole. Un eccesso della conca auricolare oppure un angolo dell\u2019antelice troppo ampio.<br \/>\nIn entrambi i casi (spesso combinati) le orecchie sporgono in modo innaturale dalla testa e sono molto evidenti sia da davanti che da dietro, soprattutto quando i capelli sono corti o raccolti.<\/p>\n<p>Con la <strong>otoplastica<\/strong> si interviene sulla cartilagine del padiglione auricolare modificandone la forma.<br \/>\nMentre alcune tecniche chirurgiche modificano in modo permanente e non reversibile la struttura della cartilagine, altre, meno aggressive, plasmano in modo pi\u00f9 naturale il padiglione correggendone la forma senza danneggiare la cartilagine.<br \/>\nLa tecnica chirurgica che preferiamo perch\u00e8 meno aggressiva e con un risultato pi\u00f9 piacevole ed armonico \u00e8 la <strong>Mustard\u00e8-Furnas<\/strong>. <\/p>\n<p>La tecnica <strong>Mustard\u00e8-Furnas<\/strong> consiste, dopo anestesia locale ed una incisione cutanea dietro l\u2019orecchio, nell\u2019indebolire con strumenti appositi la rigidit\u00e0 della cartilagine. Quindi possono essere applicati dei punti di sutura permanenti che permettono di curvare il padiglione ricreandone la forma normale e riposizionandolo pi\u00f9 vicino alla testa.<br \/>\nLa ferita dietro all\u2019orecchio viene suturata e la cicatrice rimarr\u00e0 perci\u00f2 nascosta.<\/p>\n<p>Per alcuni giorni dopo l\u2019intervento \u00e8 necessario indossare una fasciatura attorno alla testa, poi (i punti di sutura vengono rimossi a una decina di giorni) si dovr\u00e0 indossare una fascetta che manterr\u00e0 le orecchi nella nuova posizione ed eviter\u00e0 che queste, soprattutto nel sonno, possano piegarsi danneggiando il risultato.<\/p>\n<p>Il miglioramento estetico dato dalla otoplastica \u00e8 evidente e l\u2019aspetto molto naturale.<\/p>\n<h2>OTOPLASTICA MASCHILE<\/h2>\n<p><a href=\"http:\/\/marcopignatti.it\/wp-content\/uploads\/2018\/03\/2018-03-01-Otoplastica-Maschile-1024.jpg\"><img loading=\"lazy\" decoding=\"async\" src=\"http:\/\/marcopignatti.it\/wp-content\/uploads\/2018\/03\/2018-03-01-Otoplastica-Maschile-1024-1024x998.jpg\" alt=\"Otoplastica Maschile\" width=\"800\" height=\"780\" class=\"aligncenter size-large wp-image-8171\" srcset=\"https:\/\/marcopignatti.it\/wp-content\/uploads\/2018\/03\/2018-03-01-Otoplastica-Maschile-1024.jpg 1024w, https:\/\/marcopignatti.it\/wp-content\/uploads\/2018\/03\/2018-03-01-Otoplastica-Maschile-1024-300x292.jpg 300w, https:\/\/marcopignatti.it\/wp-content\/uploads\/2018\/03\/2018-03-01-Otoplastica-Maschile-1024-768x749.jpg 768w, https:\/\/marcopignatti.it\/wp-content\/uploads\/2018\/03\/2018-03-01-Otoplastica-Maschile-1024-600x585.jpg 600w\" sizes=\"(max-width: 800px) 100vw, 800px\" \/><\/a><\/p>\n<h2>OTOPLASTICA FEMMINILE<\/h2>\n<div class=\"row\">\n<div class=\"col-sm-6 col-lg-6\">\n<a href=\"http:\/\/marcopignatti.it\/wp-content\/uploads\/2018\/02\/2018-02-16_154347-1024-60.jpg\"><img loading=\"lazy\" decoding=\"async\" src=\"http:\/\/marcopignatti.it\/wp-content\/uploads\/2018\/02\/2018-02-16_154347-1024-60-300x300.jpg\" alt=\"\" width=\"300\" height=\"300\" class=\"aligncenter size-medium wp-image-7893\" srcset=\"https:\/\/marcopignatti.it\/wp-content\/uploads\/2018\/02\/2018-02-16_154347-1024-60-300x300.jpg 300w, https:\/\/marcopignatti.it\/wp-content\/uploads\/2018\/02\/2018-02-16_154347-1024-60-100x100.jpg 100w, https:\/\/marcopignatti.it\/wp-content\/uploads\/2018\/02\/2018-02-16_154347-1024-60-150x150.jpg 150w, https:\/\/marcopignatti.it\/wp-content\/uploads\/2018\/02\/2018-02-16_154347-1024-60-768x768.jpg 768w, https:\/\/marcopignatti.it\/wp-content\/uploads\/2018\/02\/2018-02-16_154347-1024-60-600x600.jpg 600w, https:\/\/marcopignatti.it\/wp-content\/uploads\/2018\/02\/2018-02-16_154347-1024-60.jpg 1024w\" sizes=\"(max-width: 300px) 100vw, 300px\" \/><\/a>\n<\/div>\n<div class=\"col-sm-6 col-lg-6\">\n<a href=\"http:\/\/marcopignatti.it\/wp-content\/uploads\/2015\/03\/oto-pre-post.jpg\"><img loading=\"lazy\" decoding=\"async\" src=\"http:\/\/marcopignatti.it\/wp-content\/uploads\/2015\/03\/oto-pre-post-1024x343.jpg\" alt=\"\" width=\"800\" height=\"268\" class=\"aligncenter size-large wp-image-2500\" srcset=\"https:\/\/marcopignatti.it\/wp-content\/uploads\/2015\/03\/oto-pre-post-1024x343.jpg 1024w, https:\/\/marcopignatti.it\/wp-content\/uploads\/2015\/03\/oto-pre-post-300x100.jpg 300w, https:\/\/marcopignatti.it\/wp-content\/uploads\/2015\/03\/oto-pre-post-600x201.jpg 600w\" sizes=\"(max-width: 800px) 100vw, 800px\" \/><\/a>\n<\/div>\n<\/div>\n<h2><strong>Chirurgia ambulatoriale in anestesia locale<\/strong><\/h2>\n<p>Sono molti gli interventi sia estetici che ricostruttivi che si possono eseguire in ambulatorio in anestesia locale.<\/p>\n<p><a href=\"http:\/\/marcopignatti.it\/wp-content\/uploads\/2018\/07\/2018-07-01-lipofilling_dott_marco_pignatti.jpg\"><img loading=\"lazy\" decoding=\"async\" src=\"http:\/\/marcopignatti.it\/wp-content\/uploads\/2018\/07\/2018-07-01-lipofilling_dott_marco_pignatti.jpg\" alt=\"\" width=\"1024\" height=\"1024\" class=\"aligncenter size-full wp-image-8742\" srcset=\"https:\/\/marcopignatti.it\/wp-content\/uploads\/2018\/07\/2018-07-01-lipofilling_dott_marco_pignatti.jpg 1024w, https:\/\/marcopignatti.it\/wp-content\/uploads\/2018\/07\/2018-07-01-lipofilling_dott_marco_pignatti-150x150.jpg 150w, https:\/\/marcopignatti.it\/wp-content\/uploads\/2018\/07\/2018-07-01-lipofilling_dott_marco_pignatti-300x300.jpg 300w, https:\/\/marcopignatti.it\/wp-content\/uploads\/2018\/07\/2018-07-01-lipofilling_dott_marco_pignatti-768x768.jpg 768w, https:\/\/marcopignatti.it\/wp-content\/uploads\/2018\/07\/2018-07-01-lipofilling_dott_marco_pignatti-600x600.jpg 600w, https:\/\/marcopignatti.it\/wp-content\/uploads\/2018\/07\/2018-07-01-lipofilling_dott_marco_pignatti-100x100.jpg 100w\" sizes=\"(max-width: 1024px) 100vw, 1024px\" \/><\/a><\/p>\n<p><strong>PER SAPERE DI PIU&#8217; SUI NOSTRI INTERVENTI E TRATTAMENTI CONSULTA:<\/strong><\/p>\n<ul>\n<li><a href=\"\/chirurgia-estetica\/\" target=\"_blank\" rel=\"noopener\"><strong>CHIRURGIA ESTETICA<\/a><\/strong><\/a><\/li>\n<li><a href=\"\/portfolio\/chirurgia-intima-femminile\/\" target=\"_blank\" rel=\"noopener\"><strong>CHIRURGIA INTIMA ESTETICA<\/strong><\/a><\/li>\n<\/ul>\n<p><\/p>","protected":false},"excerpt":{"rendered":"<p>La Otoplastica \u00e8 l\u2019intervento ambulatoriale che permette di correggere le orecchie \u201ca sventola\u201d.<\/p>\n","protected":false},"featured_media":7893,"comment_status":"open","ping_status":"closed","template":"","meta":{"ngg_post_thumbnail":0},"product_cat":[205,223],"product_tag":[235,191],"yoast_head":"<!-- This site is optimized with the Yoast SEO plugin v23.8 - https:\/\/yoast.com\/wordpress\/plugins\/seo\/ -->\n<title>Otoplastica (correzione delle orecchie) - Prof. Marco Pignatti<\/title>\n<meta name=\"description\" content=\"L&#039;Otoplastica \u00e8 l\u2019intervento ambulatoriale che permette di correggere le orecchie \u201ca sventola\u201d.\" \/>\n<meta name=\"robots\" content=\"index, follow, max-snippet:-1, max-image-preview:large, max-video-preview:-1\" \/>\n<link rel=\"canonical\" href=\"https:\/\/marcopignatti.it\/chirurgia-verona-bologna-modena\/otoplastica-correzione-delle-orecchie\/\" \/>\n<meta property=\"og:locale\" content=\"it_IT\" \/>\n<meta property=\"og:type\" content=\"article\" \/>\n<meta property=\"og:title\" content=\"[:it]Otoplastica (correzione delle orecchie)[:en]Otoplasty[:] - Prof. Marco Pignatti\" \/>\n<meta property=\"og:description\" content=\"L&#039;Otoplastica \u00e8 l\u2019intervento ambulatoriale che permette di correggere le orecchie \u201ca sventola\u201d.\" \/>\n<meta property=\"og:url\" content=\"https:\/\/marcopignatti.it\/chirurgia-verona-bologna-modena\/otoplastica-correzione-delle-orecchie\/\" \/>\n<meta property=\"og:site_name\" content=\"Prof. Marco Pignatti\" \/>\n<meta property=\"article:publisher\" content=\"https:\/\/www.facebook.com\/marcopignattichirurgoplastico\/\" \/>\n<meta property=\"article:modified_time\" content=\"2025-07-15T15:58:31+00:00\" \/>\n<meta property=\"og:image\" content=\"https:\/\/marcopignatti.it\/wp-content\/uploads\/2018\/02\/2018-02-16_154347-1024-60.jpg\" \/>\n\t<meta property=\"og:image:width\" content=\"1024\" \/>\n\t<meta property=\"og:image:height\" content=\"1024\" \/>\n\t<meta property=\"og:image:type\" content=\"image\/jpeg\" \/>\n<meta name=\"twitter:label1\" content=\"Tempo di lettura stimato\" \/>\n\t<meta name=\"twitter:data1\" content=\"5 minuti\" \/>\n<script type=\"application\/ld+json\" class=\"yoast-schema-graph\">{\"@context\":\"https:\/\/schema.org\",\"@graph\":[{\"@type\":\"WebPage\",\"@id\":\"https:\/\/marcopignatti.it\/chirurgia-verona-bologna-modena\/otoplastica-correzione-delle-orecchie\/\",\"url\":\"https:\/\/marcopignatti.it\/chirurgia-verona-bologna-modena\/otoplastica-correzione-delle-orecchie\/\",\"name\":\"[:it]Otoplastica (correzione delle orecchie)[:en]Otoplasty[:] - Prof. Marco Pignatti\",\"isPartOf\":{\"@id\":\"https:\/\/marcopignatti.it\/#website\"},\"primaryImageOfPage\":{\"@id\":\"https:\/\/marcopignatti.it\/chirurgia-verona-bologna-modena\/otoplastica-correzione-delle-orecchie\/#primaryimage\"},\"image\":{\"@id\":\"https:\/\/marcopignatti.it\/chirurgia-verona-bologna-modena\/otoplastica-correzione-delle-orecchie\/#primaryimage\"},\"thumbnailUrl\":\"https:\/\/marcopignatti.it\/wp-content\/uploads\/2018\/02\/2018-02-16_154347-1024-60.jpg\",\"datePublished\":\"2017-06-11T07:20:50+00:00\",\"dateModified\":\"2025-07-15T15:58:31+00:00\",\"description\":\"L'Otoplastica \u00e8 l\u2019intervento ambulatoriale che permette di correggere le orecchie \u201ca sventola\u201d.\",\"breadcrumb\":{\"@id\":\"https:\/\/marcopignatti.it\/chirurgia-verona-bologna-modena\/otoplastica-correzione-delle-orecchie\/#breadcrumb\"},\"inLanguage\":\"it-IT\",\"potentialAction\":[{\"@type\":\"ReadAction\",\"target\":[\"https:\/\/marcopignatti.it\/chirurgia-verona-bologna-modena\/otoplastica-correzione-delle-orecchie\/\"]}]},{\"@type\":\"ImageObject\",\"inLanguage\":\"it-IT\",\"@id\":\"https:\/\/marcopignatti.it\/chirurgia-verona-bologna-modena\/otoplastica-correzione-delle-orecchie\/#primaryimage\",\"url\":\"https:\/\/marcopignatti.it\/wp-content\/uploads\/2018\/02\/2018-02-16_154347-1024-60.jpg\",\"contentUrl\":\"https:\/\/marcopignatti.it\/wp-content\/uploads\/2018\/02\/2018-02-16_154347-1024-60.jpg\",\"width\":1024,\"height\":1024,\"caption\":\"Otoplastica femminile\"},{\"@type\":\"BreadcrumbList\",\"@id\":\"https:\/\/marcopignatti.it\/chirurgia-verona-bologna-modena\/otoplastica-correzione-delle-orecchie\/#breadcrumb\",\"itemListElement\":[{\"@type\":\"ListItem\",\"position\":1,\"name\":\"Home\",\"item\":\"https:\/\/marcopignatti.it\/\"},{\"@type\":\"ListItem\",\"position\":2,\"name\":\"Interventi\",\"item\":\"https:\/\/marcopignatti.it\/it\/interventi\/\"},{\"@type\":\"ListItem\",\"position\":3,\"name\":\"Otoplastica (correzione delle orecchie)\"}]},{\"@type\":\"WebSite\",\"@id\":\"https:\/\/marcopignatti.it\/#website\",\"url\":\"https:\/\/marcopignatti.it\/\",\"name\":\"Prof. Marco Pignatti\",\"description\":\"Specialista in Chirurgia Plastica, Ricostruttiva ed Estetica\",\"publisher\":{\"@id\":\"https:\/\/marcopignatti.it\/#\/schema\/person\/5b86799c189c43f1edc156108f90d4eb\"},\"potentialAction\":[{\"@type\":\"SearchAction\",\"target\":{\"@type\":\"EntryPoint\",\"urlTemplate\":\"https:\/\/marcopignatti.it\/?s={search_term_string}\"},\"query-input\":{\"@type\":\"PropertyValueSpecification\",\"valueRequired\":true,\"valueName\":\"search_term_string\"}}],\"inLanguage\":\"it-IT\"},{\"@type\":[\"Person\",\"Organization\"],\"@id\":\"https:\/\/marcopignatti.it\/#\/schema\/person\/5b86799c189c43f1edc156108f90d4eb\",\"name\":\"Prof. Pignatti Marco Verona, Bologna, Modena\",\"logo\":{\"@id\":\"https:\/\/marcopignatti.it\/#\/schema\/person\/image\/\"},\"description\":\"Il Prof. Marco Pignatti \u00e8 un professionista affermato per la chirurgia plastica, medicina estetica e chirurgia estetica. Si dedica alla chirurgia ricostruttiva (per traumi, tumori, difetti congeniti) e alla chirurgia estetica e medicina estetica (per miglioramenti dell'aspetto del viso, del seno e del corpo); garantisce professionalit\u00e0 e risultati naturali in base ai desideri di ciascun paziente.\",\"sameAs\":[\"https:\/\/marcopignatti.it\/\",\"https:\/\/www.facebook.com\/marcopignattichirurgoplastico\/\"]}]}<\/script>\n<!-- \/ Yoast SEO plugin. -->","yoast_head_json":{"title":"[:it]Otoplastica (correzione delle orecchie)[:en]Otoplasty[:] - Prof. Marco Pignatti","description":"L'Otoplastica \u00e8 l\u2019intervento ambulatoriale che permette di correggere le orecchie \u201ca sventola\u201d.","robots":{"index":"index","follow":"follow","max-snippet":"max-snippet:-1","max-image-preview":"max-image-preview:large","max-video-preview":"max-video-preview:-1"},"canonical":"https:\/\/marcopignatti.it\/chirurgia-verona-bologna-modena\/otoplastica-correzione-delle-orecchie\/","og_locale":"it_IT","og_type":"article","og_title":"[:it]Otoplastica (correzione delle orecchie)[:en]Otoplasty[:] - Prof. Marco Pignatti","og_description":"L'Otoplastica \u00e8 l\u2019intervento ambulatoriale che permette di correggere le orecchie \u201ca sventola\u201d.","og_url":"https:\/\/marcopignatti.it\/chirurgia-verona-bologna-modena\/otoplastica-correzione-delle-orecchie\/","og_site_name":"Prof. Marco Pignatti","article_publisher":"https:\/\/www.facebook.com\/marcopignattichirurgoplastico\/","article_modified_time":"2025-07-15T15:58:31+00:00","og_image":[{"width":1024,"height":1024,"url":"https:\/\/marcopignatti.it\/wp-content\/uploads\/2018\/02\/2018-02-16_154347-1024-60.jpg","type":"image\/jpeg"}],"twitter_misc":{"Tempo di lettura stimato":"5 minuti"},"schema":{"@context":"https:\/\/schema.org","@graph":[{"@type":"WebPage","@id":"https:\/\/marcopignatti.it\/chirurgia-verona-bologna-modena\/otoplastica-correzione-delle-orecchie\/","url":"https:\/\/marcopignatti.it\/chirurgia-verona-bologna-modena\/otoplastica-correzione-delle-orecchie\/","name":"[:it]Otoplastica (correzione delle orecchie)[:en]Otoplasty[:] - Prof. Marco Pignatti","isPartOf":{"@id":"https:\/\/marcopignatti.it\/#website"},"primaryImageOfPage":{"@id":"https:\/\/marcopignatti.it\/chirurgia-verona-bologna-modena\/otoplastica-correzione-delle-orecchie\/#primaryimage"},"image":{"@id":"https:\/\/marcopignatti.it\/chirurgia-verona-bologna-modena\/otoplastica-correzione-delle-orecchie\/#primaryimage"},"thumbnailUrl":"https:\/\/marcopignatti.it\/wp-content\/uploads\/2018\/02\/2018-02-16_154347-1024-60.jpg","datePublished":"2017-06-11T07:20:50+00:00","dateModified":"2025-07-15T15:58:31+00:00","description":"L'Otoplastica \u00e8 l\u2019intervento ambulatoriale che permette di correggere le orecchie \u201ca sventola\u201d.","breadcrumb":{"@id":"https:\/\/marcopignatti.it\/chirurgia-verona-bologna-modena\/otoplastica-correzione-delle-orecchie\/#breadcrumb"},"inLanguage":"it-IT","potentialAction":[{"@type":"ReadAction","target":["https:\/\/marcopignatti.it\/chirurgia-verona-bologna-modena\/otoplastica-correzione-delle-orecchie\/"]}]},{"@type":"ImageObject","inLanguage":"it-IT","@id":"https:\/\/marcopignatti.it\/chirurgia-verona-bologna-modena\/otoplastica-correzione-delle-orecchie\/#primaryimage","url":"https:\/\/marcopignatti.it\/wp-content\/uploads\/2018\/02\/2018-02-16_154347-1024-60.jpg","contentUrl":"https:\/\/marcopignatti.it\/wp-content\/uploads\/2018\/02\/2018-02-16_154347-1024-60.jpg","width":1024,"height":1024,"caption":"Otoplastica femminile"},{"@type":"BreadcrumbList","@id":"https:\/\/marcopignatti.it\/chirurgia-verona-bologna-modena\/otoplastica-correzione-delle-orecchie\/#breadcrumb","itemListElement":[{"@type":"ListItem","position":1,"name":"Home","item":"https:\/\/marcopignatti.it\/"},{"@type":"ListItem","position":2,"name":"Interventi","item":"https:\/\/marcopignatti.it\/it\/interventi\/"},{"@type":"ListItem","position":3,"name":"Otoplastica (correzione delle orecchie)"}]},{"@type":"WebSite","@id":"https:\/\/marcopignatti.it\/#website","url":"https:\/\/marcopignatti.it\/","name":"Prof. Marco Pignatti","description":"Specialista in Chirurgia Plastica, Ricostruttiva ed Estetica","publisher":{"@id":"https:\/\/marcopignatti.it\/#\/schema\/person\/5b86799c189c43f1edc156108f90d4eb"},"potentialAction":[{"@type":"SearchAction","target":{"@type":"EntryPoint","urlTemplate":"https:\/\/marcopignatti.it\/?s={search_term_string}"},"query-input":{"@type":"PropertyValueSpecification","valueRequired":true,"valueName":"search_term_string"}}],"inLanguage":"it-IT"},{"@type":["Person","Organization"],"@id":"https:\/\/marcopignatti.it\/#\/schema\/person\/5b86799c189c43f1edc156108f90d4eb","name":"Prof. Pignatti Marco Verona, Bologna, Modena","logo":{"@id":"https:\/\/marcopignatti.it\/#\/schema\/person\/image\/"},"description":"Il Prof. Marco Pignatti \u00e8 un professionista affermato per la chirurgia plastica, medicina estetica e chirurgia estetica. Si dedica alla chirurgia ricostruttiva (per traumi, tumori, difetti congeniti) e alla chirurgia estetica e medicina estetica (per miglioramenti dell'aspetto del viso, del seno e del corpo); garantisce professionalit\u00e0 e risultati naturali in base ai desideri di ciascun paziente.","sameAs":["https:\/\/marcopignatti.it\/","https:\/\/www.facebook.com\/marcopignattichirurgoplastico\/"]}]}},"_links":{"self":[{"href":"https:\/\/marcopignatti.it\/it\/wp-json\/wp\/v2\/product\/5978"}],"collection":[{"href":"https:\/\/marcopignatti.it\/it\/wp-json\/wp\/v2\/product"}],"about":[{"href":"https:\/\/marcopignatti.it\/it\/wp-json\/wp\/v2\/types\/product"}],"replies":[{"embeddable":true,"href":"https:\/\/marcopignatti.it\/it\/wp-json\/wp\/v2\/comments?post=5978"}],"wp:featuredmedia":[{"embeddable":true,"href":"https:\/\/marcopignatti.it\/it\/wp-json\/wp\/v2\/media\/7893"}],"wp:attachment":[{"href":"https:\/\/marcopignatti.it\/it\/wp-json\/wp\/v2\/media?parent=5978"}],"wp:term":[{"taxonomy":"product_cat","embeddable":true,"href":"https:\/\/marcopignatti.it\/it\/wp-json\/wp\/v2\/product_cat?post=5978"},{"taxonomy":"product_tag","embeddable":true,"href":"https:\/\/marcopignatti.it\/it\/wp-json\/wp\/v2\/product_tag?post=5978"}],"curies":[{"name":"wp","href":"https:\/\/api.w.org\/{rel}","templated":true}]}}