{"id":5524,"date":"2017-06-16T08:19:39","date_gmt":"2017-06-16T08:19:39","guid":{"rendered":"http:\/\/marcopignatti.it\/?post_type=product&#038;p=5524"},"modified":"2017-12-07T10:01:53","modified_gmt":"2017-12-07T10:01:53","slug":"lipostruttura","status":"publish","type":"product","link":"https:\/\/marcopignatti.it\/it\/chirurgia-verona-bologna-modena\/lipostruttura\/","title":{"rendered":"Lipostruttura"},"content":{"rendered":"<p>La <strong>Lipostruttura<\/strong> permette di aumentare il volume del seno (anche in associazione a protesi), o migliorarne la forma.<\/p>\n<h1>LIPOSTRUTTURA<\/h1>\n<p>L\u2019<strong>autotrapianto adiposo<\/strong> o <strong>lipofilling<\/strong> (o <strong>lipostruttura<\/strong>) e\u2019 una tecnica chirurgica che consiste nella iniezione di grasso prelevato dal paziente stesso in una sede che necessiti di correzione di forma, volume o qualit\u00e0 dei tessuti cutaneo e sottocutaneo.\u2028<br \/>\nE\u2019 ormai dimostrato il tessuto adiposo abbia sia propriet\u00e0 riempitive che rigenerative grazie alla presenza di cellule stromali mesenchimali.<br \/>\nIn particolare le cellule derivate da grasso possiedono propriet\u00e0 anti infiammatorie ed immunomodulatorie (Bernardo E &#038; Fibbe W Cell Stem Cells 2013) utili in medicina rigererativa.<\/p>\n<p>Pu\u00f2 essere utilizzato nel seno per aumentarlo di una taglia o per correggere retrazioni cicatriziali, avvallamenti o forme non piacevoli (per esempio nel Seno Tuberoso o nelle Asimmetrie mammary).<\/p>\n<p>In associazione alla <a href=\"http:\/\/marcopignatti.it\/it\/interventi\/mastoplastica-additiva\/\" title=\"Mastoplastica Additiva Modena\" target=\"_blank\"><strong>mastoplastica additiva<\/strong><\/a> permette di ottenere un risultato ancora piu armonico e naturale.<\/p>\n<p>Il lipofilling, con le sue propriet\u00e0 rigenerative pu\u00f2 anche essere utilizzato a scopo riparativo della pelle e del tessuto sottocutaneo.<\/p>\n<p>Queste propriet\u00e0 permettono di utilizzare la lipostruttura (o lipofilling) anche in sede di chirurgia o di radioterapia allo scopo di ridurre i danni a distanza da esse causati: retrazioni cicatriziali, depressioni, arrossamenti cutanei e teleangectasie, aumentata consistenza dei tessuti.<\/p>\n<p>In alcuni casi di alterata sensibilit\u00e0 della pelle (come dopo interventi, radioterapia, ematomi), il lipofilling pu\u00f2 essere di giovamento, migliorando la sensibilit\u00e0 (se ipoestesia o anestesia) e riducendo le sensazioni anormali di sensazioni strane (disestesia) o eccessiva sensazione (iperestesia).<\/p>\n<p>Sulla pelle, \u00e8 possibile usare le cannule sottili per ripianare gli avvallamenti, usando il grasso del proprio corpo come un \u201cfiller\u201d (cio\u00e8 come un \u201criempitivo\u201d) definitivo.<\/p>\n<p>Questa tecnica prevede il prelievo di tessuto adiposo con una sottile cannula da un\u2019area del paziente dove esso sia presente (fianchi, addome, ginocchio, glutei, cosce, ecc).\u2028<br \/>\nQuesto viene preparato (centrifugato o decantato) ed il tessuto cos\u00ec ottenuto viene iniettato, con una cannula di piccolissimo diametro, nella zona da trattare.<br \/>\n\u2028Le cicatrici residue sono minime (pochi millimetri nella sede di prelievo e solo occasionalmente nella sede di iniezione).\u2028Il tessuto adiposo trapiantato pu\u00f2 subire un parziale riassorbimento fisiologico nell\u2019area ricevente; per questo motivo le correzioni vengono di solito eseguite in lieve eccesso. In molti casi e\u2019 possibile e consigliato ripetere il trattamento per stabilizzare il risultato.<\/p>\n<p>La anestesia necessaria per questa procedura dipende dalla entit\u00e0 del difetto da correggere.\u2028<br \/>\nNella maggior parte dei casi \u00e8 sufficiente la anestesia locale nella zona di prelievo e nella zona da trattare.<br \/>\nSe il difetto da trattare \u00e8 ampio, si pu\u00f2 ricorrere alla aggiunta della sedazione (solo raramente si ricorre alla anestesia generale).<\/p>","protected":false},"excerpt":{"rendered":"<p><a href=\"\/lipostruttura\/\">Questa tecnica permette di aumentare il volume del seno (anche in associazione a protesi), o migliorarne la forma.<\/a><\/p>\n","protected":false},"featured_media":4538,"comment_status":"open","ping_status":"closed","template":"","meta":{"ngg_post_thumbnail":0},"product_cat":[200,217],"product_tag":[230,188],"yoast_head":"<!-- This site is optimized with the Yoast SEO plugin v23.8 - https:\/\/yoast.com\/wordpress\/plugins\/seo\/ -->\n<title>Lipostruttura - Prof. Marco Pignatti<\/title>\n<meta name=\"description\" content=\"Lipostruttura: questa tecnica permette di aumentare il volume del seno (anche in associazione a protesi), o migliorarne la forma.\" \/>\n<meta name=\"robots\" content=\"index, follow, max-snippet:-1, max-image-preview:large, max-video-preview:-1\" \/>\n<link rel=\"canonical\" href=\"https:\/\/marcopignatti.it\/it\/chirurgia-verona-bologna-modena\/lipostruttura\/\" \/>\n<meta property=\"og:locale\" content=\"it_IT\" \/>\n<meta property=\"og:type\" content=\"article\" \/>\n<meta property=\"og:title\" content=\"[:it]Lipostruttura[:en]Lipostructure[:] - Prof. Marco Pignatti\" \/>\n<meta property=\"og:description\" content=\"Lipostruttura: questa tecnica permette di aumentare il volume del seno (anche in associazione a protesi), o migliorarne la forma.\" \/>\n<meta property=\"og:url\" content=\"https:\/\/marcopignatti.it\/it\/chirurgia-verona-bologna-modena\/lipostruttura\/\" \/>\n<meta property=\"og:site_name\" content=\"Prof. Marco Pignatti\" \/>\n<meta property=\"article:publisher\" content=\"https:\/\/www.facebook.com\/marcopignattichirurgoplastico\/\" \/>\n<meta property=\"article:modified_time\" content=\"2017-12-07T10:01:53+00:00\" \/>\n<meta property=\"og:image\" content=\"https:\/\/marcopignatti.it\/wp-content\/uploads\/2017\/02\/graftingbozza2.jpg\" \/>\n\t<meta property=\"og:image:width\" content=\"1024\" \/>\n\t<meta property=\"og:image:height\" content=\"289\" \/>\n\t<meta property=\"og:image:type\" content=\"image\/jpeg\" \/>\n<meta name=\"twitter:label1\" content=\"Tempo di lettura stimato\" \/>\n\t<meta name=\"twitter:data1\" content=\"4 minuti\" \/>\n<script type=\"application\/ld+json\" class=\"yoast-schema-graph\">{\"@context\":\"https:\/\/schema.org\",\"@graph\":[{\"@type\":\"WebPage\",\"@id\":\"https:\/\/marcopignatti.it\/it\/chirurgia-verona-bologna-modena\/lipostruttura\/\",\"url\":\"https:\/\/marcopignatti.it\/it\/chirurgia-verona-bologna-modena\/lipostruttura\/\",\"name\":\"[:it]Lipostruttura[:en]Lipostructure[:] - Prof. Marco Pignatti\",\"isPartOf\":{\"@id\":\"https:\/\/marcopignatti.it\/#website\"},\"primaryImageOfPage\":{\"@id\":\"https:\/\/marcopignatti.it\/it\/chirurgia-verona-bologna-modena\/lipostruttura\/#primaryimage\"},\"image\":{\"@id\":\"https:\/\/marcopignatti.it\/it\/chirurgia-verona-bologna-modena\/lipostruttura\/#primaryimage\"},\"thumbnailUrl\":\"https:\/\/marcopignatti.it\/wp-content\/uploads\/2017\/02\/graftingbozza2.jpg\",\"datePublished\":\"2017-06-16T08:19:39+00:00\",\"dateModified\":\"2017-12-07T10:01:53+00:00\",\"description\":\"Lipostruttura: questa tecnica permette di aumentare il volume del seno (anche in associazione a protesi), o migliorarne la forma.\",\"breadcrumb\":{\"@id\":\"https:\/\/marcopignatti.it\/it\/chirurgia-verona-bologna-modena\/lipostruttura\/#breadcrumb\"},\"inLanguage\":\"it-IT\",\"potentialAction\":[{\"@type\":\"ReadAction\",\"target\":[\"https:\/\/marcopignatti.it\/it\/chirurgia-verona-bologna-modena\/lipostruttura\/\"]}]},{\"@type\":\"ImageObject\",\"inLanguage\":\"it-IT\",\"@id\":\"https:\/\/marcopignatti.it\/it\/chirurgia-verona-bologna-modena\/lipostruttura\/#primaryimage\",\"url\":\"https:\/\/marcopignatti.it\/wp-content\/uploads\/2017\/02\/graftingbozza2.jpg\",\"contentUrl\":\"https:\/\/marcopignatti.it\/wp-content\/uploads\/2017\/02\/graftingbozza2.jpg\",\"width\":1024,\"height\":289,\"caption\":\"Lipofilling\"},{\"@type\":\"BreadcrumbList\",\"@id\":\"https:\/\/marcopignatti.it\/it\/chirurgia-verona-bologna-modena\/lipostruttura\/#breadcrumb\",\"itemListElement\":[{\"@type\":\"ListItem\",\"position\":1,\"name\":\"Home\",\"item\":\"https:\/\/marcopignatti.it\/\"},{\"@type\":\"ListItem\",\"position\":2,\"name\":\"Interventi\",\"item\":\"https:\/\/marcopignatti.it\/it\/interventi\/\"},{\"@type\":\"ListItem\",\"position\":3,\"name\":\"Lipostruttura\"}]},{\"@type\":\"WebSite\",\"@id\":\"https:\/\/marcopignatti.it\/#website\",\"url\":\"https:\/\/marcopignatti.it\/\",\"name\":\"Prof. Marco Pignatti\",\"description\":\"Specialista in Chirurgia Plastica, Ricostruttiva ed Estetica\",\"publisher\":{\"@id\":\"https:\/\/marcopignatti.it\/#\/schema\/person\/5b86799c189c43f1edc156108f90d4eb\"},\"potentialAction\":[{\"@type\":\"SearchAction\",\"target\":{\"@type\":\"EntryPoint\",\"urlTemplate\":\"https:\/\/marcopignatti.it\/?s={search_term_string}\"},\"query-input\":{\"@type\":\"PropertyValueSpecification\",\"valueRequired\":true,\"valueName\":\"search_term_string\"}}],\"inLanguage\":\"it-IT\"},{\"@type\":[\"Person\",\"Organization\"],\"@id\":\"https:\/\/marcopignatti.it\/#\/schema\/person\/5b86799c189c43f1edc156108f90d4eb\",\"name\":\"Prof. Pignatti Marco Verona, Bologna, Modena\",\"logo\":{\"@id\":\"https:\/\/marcopignatti.it\/#\/schema\/person\/image\/\"},\"description\":\"Il Prof. Marco Pignatti \u00e8 un professionista affermato per la chirurgia plastica, medicina estetica e chirurgia estetica. Si dedica alla chirurgia ricostruttiva (per traumi, tumori, difetti congeniti) e alla chirurgia estetica e medicina estetica (per miglioramenti dell'aspetto del viso, del seno e del corpo); garantisce professionalit\u00e0 e risultati naturali in base ai desideri di ciascun paziente.\",\"sameAs\":[\"https:\/\/marcopignatti.it\/\",\"https:\/\/www.facebook.com\/marcopignattichirurgoplastico\/\"]}]}<\/script>\n<!-- \/ Yoast SEO plugin. -->","yoast_head_json":{"title":"[:it]Lipostruttura[:en]Lipostructure[:] - Prof. Marco Pignatti","description":"Lipostruttura: questa tecnica permette di aumentare il volume del seno (anche in associazione a protesi), o migliorarne la forma.","robots":{"index":"index","follow":"follow","max-snippet":"max-snippet:-1","max-image-preview":"max-image-preview:large","max-video-preview":"max-video-preview:-1"},"canonical":"https:\/\/marcopignatti.it\/it\/chirurgia-verona-bologna-modena\/lipostruttura\/","og_locale":"it_IT","og_type":"article","og_title":"[:it]Lipostruttura[:en]Lipostructure[:] - Prof. Marco Pignatti","og_description":"Lipostruttura: questa tecnica permette di aumentare il volume del seno (anche in associazione a protesi), o migliorarne la forma.","og_url":"https:\/\/marcopignatti.it\/it\/chirurgia-verona-bologna-modena\/lipostruttura\/","og_site_name":"Prof. Marco Pignatti","article_publisher":"https:\/\/www.facebook.com\/marcopignattichirurgoplastico\/","article_modified_time":"2017-12-07T10:01:53+00:00","og_image":[{"width":1024,"height":289,"url":"https:\/\/marcopignatti.it\/wp-content\/uploads\/2017\/02\/graftingbozza2.jpg","type":"image\/jpeg"}],"twitter_misc":{"Tempo di lettura stimato":"4 minuti"},"schema":{"@context":"https:\/\/schema.org","@graph":[{"@type":"WebPage","@id":"https:\/\/marcopignatti.it\/it\/chirurgia-verona-bologna-modena\/lipostruttura\/","url":"https:\/\/marcopignatti.it\/it\/chirurgia-verona-bologna-modena\/lipostruttura\/","name":"[:it]Lipostruttura[:en]Lipostructure[:] - Prof. Marco Pignatti","isPartOf":{"@id":"https:\/\/marcopignatti.it\/#website"},"primaryImageOfPage":{"@id":"https:\/\/marcopignatti.it\/it\/chirurgia-verona-bologna-modena\/lipostruttura\/#primaryimage"},"image":{"@id":"https:\/\/marcopignatti.it\/it\/chirurgia-verona-bologna-modena\/lipostruttura\/#primaryimage"},"thumbnailUrl":"https:\/\/marcopignatti.it\/wp-content\/uploads\/2017\/02\/graftingbozza2.jpg","datePublished":"2017-06-16T08:19:39+00:00","dateModified":"2017-12-07T10:01:53+00:00","description":"Lipostruttura: questa tecnica permette di aumentare il volume del seno (anche in associazione a protesi), o migliorarne la forma.","breadcrumb":{"@id":"https:\/\/marcopignatti.it\/it\/chirurgia-verona-bologna-modena\/lipostruttura\/#breadcrumb"},"inLanguage":"it-IT","potentialAction":[{"@type":"ReadAction","target":["https:\/\/marcopignatti.it\/it\/chirurgia-verona-bologna-modena\/lipostruttura\/"]}]},{"@type":"ImageObject","inLanguage":"it-IT","@id":"https:\/\/marcopignatti.it\/it\/chirurgia-verona-bologna-modena\/lipostruttura\/#primaryimage","url":"https:\/\/marcopignatti.it\/wp-content\/uploads\/2017\/02\/graftingbozza2.jpg","contentUrl":"https:\/\/marcopignatti.it\/wp-content\/uploads\/2017\/02\/graftingbozza2.jpg","width":1024,"height":289,"caption":"Lipofilling"},{"@type":"BreadcrumbList","@id":"https:\/\/marcopignatti.it\/it\/chirurgia-verona-bologna-modena\/lipostruttura\/#breadcrumb","itemListElement":[{"@type":"ListItem","position":1,"name":"Home","item":"https:\/\/marcopignatti.it\/"},{"@type":"ListItem","position":2,"name":"Interventi","item":"https:\/\/marcopignatti.it\/it\/interventi\/"},{"@type":"ListItem","position":3,"name":"Lipostruttura"}]},{"@type":"WebSite","@id":"https:\/\/marcopignatti.it\/#website","url":"https:\/\/marcopignatti.it\/","name":"Prof. Marco Pignatti","description":"Specialista in Chirurgia Plastica, Ricostruttiva ed Estetica","publisher":{"@id":"https:\/\/marcopignatti.it\/#\/schema\/person\/5b86799c189c43f1edc156108f90d4eb"},"potentialAction":[{"@type":"SearchAction","target":{"@type":"EntryPoint","urlTemplate":"https:\/\/marcopignatti.it\/?s={search_term_string}"},"query-input":{"@type":"PropertyValueSpecification","valueRequired":true,"valueName":"search_term_string"}}],"inLanguage":"it-IT"},{"@type":["Person","Organization"],"@id":"https:\/\/marcopignatti.it\/#\/schema\/person\/5b86799c189c43f1edc156108f90d4eb","name":"Prof. Pignatti Marco Verona, Bologna, Modena","logo":{"@id":"https:\/\/marcopignatti.it\/#\/schema\/person\/image\/"},"description":"Il Prof. Marco Pignatti \u00e8 un professionista affermato per la chirurgia plastica, medicina estetica e chirurgia estetica. Si dedica alla chirurgia ricostruttiva (per traumi, tumori, difetti congeniti) e alla chirurgia estetica e medicina estetica (per miglioramenti dell'aspetto del viso, del seno e del corpo); garantisce professionalit\u00e0 e risultati naturali in base ai desideri di ciascun paziente.","sameAs":["https:\/\/marcopignatti.it\/","https:\/\/www.facebook.com\/marcopignattichirurgoplastico\/"]}]}},"_links":{"self":[{"href":"https:\/\/marcopignatti.it\/it\/wp-json\/wp\/v2\/product\/5524"}],"collection":[{"href":"https:\/\/marcopignatti.it\/it\/wp-json\/wp\/v2\/product"}],"about":[{"href":"https:\/\/marcopignatti.it\/it\/wp-json\/wp\/v2\/types\/product"}],"replies":[{"embeddable":true,"href":"https:\/\/marcopignatti.it\/it\/wp-json\/wp\/v2\/comments?post=5524"}],"wp:featuredmedia":[{"embeddable":true,"href":"https:\/\/marcopignatti.it\/it\/wp-json\/wp\/v2\/media\/4538"}],"wp:attachment":[{"href":"https:\/\/marcopignatti.it\/it\/wp-json\/wp\/v2\/media?parent=5524"}],"wp:term":[{"taxonomy":"product_cat","embeddable":true,"href":"https:\/\/marcopignatti.it\/it\/wp-json\/wp\/v2\/product_cat?post=5524"},{"taxonomy":"product_tag","embeddable":true,"href":"https:\/\/marcopignatti.it\/it\/wp-json\/wp\/v2\/product_tag?post=5524"}],"curies":[{"name":"wp","href":"https:\/\/api.w.org\/{rel}","templated":true}]}}