{"id":5508,"date":"2017-06-15T10:01:53","date_gmt":"2017-06-15T10:01:53","guid":{"rendered":"http:\/\/marcopignatti.it\/?post_type=product&#038;p=5508"},"modified":"2023-01-24T14:34:19","modified_gmt":"2023-01-24T14:34:19","slug":"capezzoli-introflessi","status":"publish","type":"product","link":"https:\/\/marcopignatti.it\/it\/chirurgia-verona-bologna-modena\/capezzoli-introflessi\/","title":{"rendered":"Capezzoli introflessi"},"content":{"rendered":"<p>I <strong>capezzoli introflessi<\/strong> sono un disturbo piuttosto comune caratterizzato da <strong>capezzoli piatti o retratti verso l&#8217;interno<\/strong>. Questo causa la mancanza della proiezione cio\u00e8 del normale aspetto rilevato (in fuori) del capezzolo; di solito il problema dura da molto tempo e spesso per entrambi i capezzoli.<\/p>\n<h2>CORREZIONE DEI CAPEZZOLI INTROFLESSI<\/h2>\n<p>I <strong>capezzoli introflessi<\/strong> possono portare a dei disturbi nell&#8217;allattamento o essere semplicemente una limitazione estetica: nella intimit\u00e0, quando si indossino indumenti leggeri e sottili, negli spogliatoi delle attivit\u00e0 sportive.<\/p>\n<p>E&#8217; possibile, con un piccolo intervento ambulatoriale in <strong>anestesia locale<\/strong>, correggere questo difetto.<\/p>\n<p>In seguito al piccolo intervento \u00e8 necessario portare per una settimana una medicazione. Poi questa viene ridotta al minimo e <strong>i piccoli punti vengono rimossi dopo due\/sei settimane<\/strong>.<\/p>\n<p>La <strong>cicatrice residua<\/strong> \u00e8 di pochi millimetri e diviene presto molto poco visibile.<\/p>\n<p>Nei casi meno severi pu\u00f2 essere mantenuta la capacit\u00e0 di allattare mentre negli altri potrebbe andare perduta. Nei casi pi\u00f9 severi si pu\u00f2 verificare una recidiva, che pu\u00f2 comunque essere nuovamente trattata.<\/p>\n<p>Se invece un solo capezzolo, una volta visibile, ora si \u00e8 retratto, \u00e8 necessario prima di tutto fare delle indagini ecografiche e  mammografiche.<\/p>\n<blockquote><p><strong>Un caso di capezzoli introflessi bilaterale non reversibile spontaneamente<\/strong> (i capezzoli sono sempre introflessi).<br \/>\nIl trattamento chirurgico ha richiesto una anestesia locale, una minima incisione, la liberazione dei dotti e il posizionamento di punti di sutura a stabilizzare il capezzolo nella nuova posizione. Il risultato a distanza mostra capezzoli di buona forma e proiezione.<\/p><\/blockquote>\n<h2>Intervento<\/h2>\n<figure id=\"attachment_11433\" aria-describedby=\"caption-attachment-11433\" style=\"width: 1916px\" class=\"wp-caption aligncenter\"><a href=\"https:\/\/marcopignatti.it\/wp-content\/uploads\/2023\/01\/2023-01-20_capezzoli_2_PRE_POST.jpg\"><img loading=\"lazy\" decoding=\"async\" src=\"https:\/\/marcopignatti.it\/wp-content\/uploads\/2023\/01\/2023-01-20_capezzoli_2_PRE_POST.jpg\" alt=\"Capezzoli Introflessi bilaterali non reversibili spontaneamente\" width=\"1916\" height=\"935\" class=\"size-full wp-image-11433\" srcset=\"https:\/\/marcopignatti.it\/wp-content\/uploads\/2023\/01\/2023-01-20_capezzoli_2_PRE_POST.jpg 1916w, https:\/\/marcopignatti.it\/wp-content\/uploads\/2023\/01\/2023-01-20_capezzoli_2_PRE_POST-300x146.jpg 300w, https:\/\/marcopignatti.it\/wp-content\/uploads\/2023\/01\/2023-01-20_capezzoli_2_PRE_POST-1024x500.jpg 1024w, https:\/\/marcopignatti.it\/wp-content\/uploads\/2023\/01\/2023-01-20_capezzoli_2_PRE_POST-768x375.jpg 768w, https:\/\/marcopignatti.it\/wp-content\/uploads\/2023\/01\/2023-01-20_capezzoli_2_PRE_POST-1536x750.jpg 1536w, https:\/\/marcopignatti.it\/wp-content\/uploads\/2023\/01\/2023-01-20_capezzoli_2_PRE_POST-1320x644.jpg 1320w, https:\/\/marcopignatti.it\/wp-content\/uploads\/2023\/01\/2023-01-20_capezzoli_2_PRE_POST-600x293.jpg 600w\" sizes=\"(max-width: 1916px) 100vw, 1916px\" \/><\/a><figcaption id=\"caption-attachment-11433\" class=\"wp-caption-text\">Il trattamento chirurgico ha richiesto una anestesia locale, una minima incisione, la liberazione dei dotti e il posizionamento di punti di sutura a stabilizzare il capezzolo nella nuova posizione. Il risultato a distanza mostra capezzoli di buona forma e proiezione.<\/figcaption><\/figure>\n<figure id=\"attachment_11434\" aria-describedby=\"caption-attachment-11434\" style=\"width: 515px\" class=\"wp-caption aligncenter\"><a href=\"https:\/\/marcopignatti.it\/wp-content\/uploads\/2023\/01\/2023-01-20_capezzoli_2_PRE_POST_min.jpg\"><img loading=\"lazy\" decoding=\"async\" src=\"https:\/\/marcopignatti.it\/wp-content\/uploads\/2023\/01\/2023-01-20_capezzoli_2_PRE_POST_min.jpg\" alt=\"Capezzoli Introflessi Bilaterali\" width=\"515\" height=\"454\" class=\"size-full wp-image-11434\" srcset=\"https:\/\/marcopignatti.it\/wp-content\/uploads\/2023\/01\/2023-01-20_capezzoli_2_PRE_POST_min.jpg 515w, https:\/\/marcopignatti.it\/wp-content\/uploads\/2023\/01\/2023-01-20_capezzoli_2_PRE_POST_min-300x264.jpg 300w\" sizes=\"(max-width: 515px) 100vw, 515px\" \/><\/a><figcaption id=\"caption-attachment-11434\" class=\"wp-caption-text\">Capezzoli Introflessi Bilaterali<\/figcaption><\/figure>\n<h2>Intervento<\/h2>\n<figure id=\"attachment_11334\" aria-describedby=\"caption-attachment-11334\" style=\"width: 897px\" class=\"wp-caption aligncenter\"><a href=\"https:\/\/marcopignatti.it\/wp-content\/uploads\/2022\/03\/capezzoli_introflessi_marcopignatti.png\"><img loading=\"lazy\" decoding=\"async\" src=\"https:\/\/marcopignatti.it\/wp-content\/uploads\/2022\/03\/capezzoli_introflessi_marcopignatti.png\" alt=\"\" width=\"897\" height=\"423\" class=\"size-full wp-image-11334\" srcset=\"https:\/\/marcopignatti.it\/wp-content\/uploads\/2022\/03\/capezzoli_introflessi_marcopignatti.png 897w, https:\/\/marcopignatti.it\/wp-content\/uploads\/2022\/03\/capezzoli_introflessi_marcopignatti-300x141.png 300w, https:\/\/marcopignatti.it\/wp-content\/uploads\/2022\/03\/capezzoli_introflessi_marcopignatti-768x362.png 768w, https:\/\/marcopignatti.it\/wp-content\/uploads\/2022\/03\/capezzoli_introflessi_marcopignatti-600x283.png 600w\" sizes=\"(max-width: 897px) 100vw, 897px\" \/><\/a><figcaption id=\"caption-attachment-11334\" class=\"wp-caption-text\">I capezzoli introflessi possono portare a dei disturbi nell\u2019allattamento o essere semplicemente una limitazione estetica: nella intimit\u00e0, quando si indossino indumenti leggeri e sottili, negli spogliatoi delle attivit\u00e0 sportive.<\/figcaption><\/figure>\n<div class=\"row\">\n<div class=\"col-sm-6 col-lg-6\">\n<a href=\"https:\/\/marcopignatti.it\/wp-content\/uploads\/2022\/03\/00_Capezzoli_Introflessi_pre_side_marcopignatti.png\"><img loading=\"lazy\" decoding=\"async\" src=\"https:\/\/marcopignatti.it\/wp-content\/uploads\/2022\/03\/00_Capezzoli_Introflessi_pre_side_marcopignatti.png\" alt=\"\" width=\"385\" height=\"417\" class=\"aligncenter size-full wp-image-11368\" srcset=\"https:\/\/marcopignatti.it\/wp-content\/uploads\/2022\/03\/00_Capezzoli_Introflessi_pre_side_marcopignatti.png 385w, https:\/\/marcopignatti.it\/wp-content\/uploads\/2022\/03\/00_Capezzoli_Introflessi_pre_side_marcopignatti-277x300.png 277w, https:\/\/marcopignatti.it\/wp-content\/uploads\/2022\/03\/00_Capezzoli_Introflessi_pre_side_marcopignatti-300x325.png 300w\" sizes=\"(max-width: 385px) 100vw, 385px\" \/><\/a>\n<\/div>\n<div class=\"col-sm-6 col-lg-6\">\n<a href=\"https:\/\/marcopignatti.it\/wp-content\/uploads\/2022\/03\/01_Capezzoli_Introflessi_post_side_marcopignatti.png\"><img loading=\"lazy\" decoding=\"async\" src=\"https:\/\/marcopignatti.it\/wp-content\/uploads\/2022\/03\/01_Capezzoli_Introflessi_post_side_marcopignatti.png\" alt=\"\" width=\"383\" height=\"420\" class=\"aligncenter size-full wp-image-11346\" srcset=\"https:\/\/marcopignatti.it\/wp-content\/uploads\/2022\/03\/01_Capezzoli_Introflessi_post_side_marcopignatti.png 383w, https:\/\/marcopignatti.it\/wp-content\/uploads\/2022\/03\/01_Capezzoli_Introflessi_post_side_marcopignatti-274x300.png 274w, https:\/\/marcopignatti.it\/wp-content\/uploads\/2022\/03\/01_Capezzoli_Introflessi_post_side_marcopignatti-300x329.png 300w\" sizes=\"(max-width: 383px) 100vw, 383px\" \/><\/a>\n<\/div>\n<\/div>\n<div class=\"row\">\n<div class=\"col-sm-6 col-lg-6\">\n<p><a href=\"https:\/\/marcopignatti.it\/wp-content\/uploads\/2022\/03\/02_Capezzoli_Introflessi_pre_sup_marcopignatti.png\"><img loading=\"lazy\" decoding=\"async\" src=\"https:\/\/marcopignatti.it\/wp-content\/uploads\/2022\/03\/02_Capezzoli_Introflessi_pre_sup_marcopignatti.png\" alt=\"\" width=\"400\" height=\"415\" class=\"aligncenter size-full wp-image-11347\" srcset=\"https:\/\/marcopignatti.it\/wp-content\/uploads\/2022\/03\/02_Capezzoli_Introflessi_pre_sup_marcopignatti.png 400w, https:\/\/marcopignatti.it\/wp-content\/uploads\/2022\/03\/02_Capezzoli_Introflessi_pre_sup_marcopignatti-289x300.png 289w, https:\/\/marcopignatti.it\/wp-content\/uploads\/2022\/03\/02_Capezzoli_Introflessi_pre_sup_marcopignatti-300x311.png 300w\" sizes=\"(max-width: 400px) 100vw, 400px\" \/><\/a>\n<\/div>\n<div class=\"col-sm-6 col-lg-6\">\n<a href=\"https:\/\/marcopignatti.it\/wp-content\/uploads\/2022\/03\/03_Capezzoli_Introflessi_post_sup_marcopignatti.png\"><img loading=\"lazy\" decoding=\"async\" src=\"https:\/\/marcopignatti.it\/wp-content\/uploads\/2022\/03\/03_Capezzoli_Introflessi_post_sup_marcopignatti.png\" alt=\"\" width=\"401\" height=\"421\" class=\"aligncenter size-full wp-image-11348\" srcset=\"https:\/\/marcopignatti.it\/wp-content\/uploads\/2022\/03\/03_Capezzoli_Introflessi_post_sup_marcopignatti.png 401w, https:\/\/marcopignatti.it\/wp-content\/uploads\/2022\/03\/03_Capezzoli_Introflessi_post_sup_marcopignatti-286x300.png 286w, https:\/\/marcopignatti.it\/wp-content\/uploads\/2022\/03\/03_Capezzoli_Introflessi_post_sup_marcopignatti-300x315.png 300w\" sizes=\"(max-width: 401px) 100vw, 401px\" \/><\/a>\n<\/div>\n<\/div>\n<p><a href=\"https:\/\/marcopignatti.it\/wp-content\/uploads\/2022\/03\/05_Capezzoli_Introflessi_post_front_marcopignatti.png\"><img loading=\"lazy\" decoding=\"async\" src=\"https:\/\/marcopignatti.it\/wp-content\/uploads\/2022\/03\/05_Capezzoli_Introflessi_post_front_marcopignatti.png\" alt=\"\" width=\"997\" height=\"421\" class=\"aligncenter size-full wp-image-11350\" srcset=\"https:\/\/marcopignatti.it\/wp-content\/uploads\/2022\/03\/05_Capezzoli_Introflessi_post_front_marcopignatti.png 997w, https:\/\/marcopignatti.it\/wp-content\/uploads\/2022\/03\/05_Capezzoli_Introflessi_post_front_marcopignatti-300x127.png 300w, https:\/\/marcopignatti.it\/wp-content\/uploads\/2022\/03\/05_Capezzoli_Introflessi_post_front_marcopignatti-768x324.png 768w, https:\/\/marcopignatti.it\/wp-content\/uploads\/2022\/03\/05_Capezzoli_Introflessi_post_front_marcopignatti-600x253.png 600w\" sizes=\"(max-width: 997px) 100vw, 997px\" \/><\/a><\/p>\n<p><a href=\"https:\/\/marcopignatti.it\/wp-content\/uploads\/2022\/03\/04_Capezzoli_Introflessi_pre_front_marcopignatti.png\"><img loading=\"lazy\" decoding=\"async\" src=\"https:\/\/marcopignatti.it\/wp-content\/uploads\/2022\/03\/04_Capezzoli_Introflessi_pre_front_marcopignatti.png\" alt=\"\" width=\"996\" height=\"415\" class=\"aligncenter size-full wp-image-11349\" srcset=\"https:\/\/marcopignatti.it\/wp-content\/uploads\/2022\/03\/04_Capezzoli_Introflessi_pre_front_marcopignatti.png 996w, https:\/\/marcopignatti.it\/wp-content\/uploads\/2022\/03\/04_Capezzoli_Introflessi_pre_front_marcopignatti-300x125.png 300w, https:\/\/marcopignatti.it\/wp-content\/uploads\/2022\/03\/04_Capezzoli_Introflessi_pre_front_marcopignatti-768x320.png 768w, https:\/\/marcopignatti.it\/wp-content\/uploads\/2022\/03\/04_Capezzoli_Introflessi_pre_front_marcopignatti-600x250.png 600w\" sizes=\"(max-width: 996px) 100vw, 996px\" \/><\/a><\/p>\n<h2>Intervento<\/h2>\n<figure id=\"attachment_5505\" aria-describedby=\"caption-attachment-5505\" style=\"width: 2707px\" class=\"wp-caption aligncenter\"><a href=\"https:\/\/marcopignatti.it\/wp-content\/uploads\/2017\/07\/Introflessi-4-www.marcopignatti.it_.jpg\"><img loading=\"lazy\" decoding=\"async\" src=\"https:\/\/marcopignatti.it\/wp-content\/uploads\/2017\/07\/Introflessi-4-www.marcopignatti.it_.jpg\" alt=\"\" width=\"2707\" height=\"2712\" class=\"size-full wp-image-5505\" srcset=\"https:\/\/marcopignatti.it\/wp-content\/uploads\/2017\/07\/Introflessi-4-www.marcopignatti.it_.jpg 2707w, https:\/\/marcopignatti.it\/wp-content\/uploads\/2017\/07\/Introflessi-4-www.marcopignatti.it_-300x301.jpg 300w, https:\/\/marcopignatti.it\/wp-content\/uploads\/2017\/07\/Introflessi-4-www.marcopignatti.it_-100x100.jpg 100w, https:\/\/marcopignatti.it\/wp-content\/uploads\/2017\/07\/Introflessi-4-www.marcopignatti.it_-600x601.jpg 600w, https:\/\/marcopignatti.it\/wp-content\/uploads\/2017\/07\/Introflessi-4-www.marcopignatti.it_-150x150.jpg 150w, https:\/\/marcopignatti.it\/wp-content\/uploads\/2017\/07\/Introflessi-4-www.marcopignatti.it_-768x769.jpg 768w, https:\/\/marcopignatti.it\/wp-content\/uploads\/2017\/07\/Introflessi-4-www.marcopignatti.it_-1022x1024.jpg 1022w\" sizes=\"(max-width: 2707px) 100vw, 2707px\" \/><\/a><figcaption id=\"caption-attachment-5505\" class=\"wp-caption-text\">Correzione Capezzoli<\/figcaption><\/figure>\n<p><a href=\"https:\/\/marcopignatti.it\/wp-content\/uploads\/2017\/07\/Introflessi-4-www.marcopignatti.it-940.jpg\"><img loading=\"lazy\" decoding=\"async\" src=\"https:\/\/marcopignatti.it\/wp-content\/uploads\/2017\/07\/Introflessi-4-www.marcopignatti.it-940.jpg\" alt=\"\" width=\"940\" height=\"380\" class=\"aligncenter size-full wp-image-5506\" srcset=\"https:\/\/marcopignatti.it\/wp-content\/uploads\/2017\/07\/Introflessi-4-www.marcopignatti.it-940.jpg 940w, https:\/\/marcopignatti.it\/wp-content\/uploads\/2017\/07\/Introflessi-4-www.marcopignatti.it-940-600x243.jpg 600w, https:\/\/marcopignatti.it\/wp-content\/uploads\/2017\/07\/Introflessi-4-www.marcopignatti.it-940-300x121.jpg 300w, https:\/\/marcopignatti.it\/wp-content\/uploads\/2017\/07\/Introflessi-4-www.marcopignatti.it-940-768x310.jpg 768w\" sizes=\"(max-width: 940px) 100vw, 940px\" \/><\/a><\/p>\n<p>ngg_shortcode_0_placeholder<\/p>","protected":false},"excerpt":{"rendered":"<p>I capezzoli introflessi sono un disturbo piuttosto comune caratterizzato da capezzoli piatti o retratti verso l&#8217;interno.<\/p>\n","protected":false},"featured_media":11433,"comment_status":"open","ping_status":"closed","template":"","meta":{"ngg_post_thumbnail":0},"product_cat":[200,217],"product_tag":[225,188],"yoast_head":"<!-- This site is optimized with the Yoast SEO plugin v23.8 - https:\/\/yoast.com\/wordpress\/plugins\/seo\/ -->\n<title>Capezzoli introflessi - Prof. Marco Pignatti<\/title>\n<meta name=\"description\" content=\"I capezzoli introflessi sono un disturbo piuttosto comune caratterizzato da capezzoli piatti o retratti verso l&#039;interno.\" \/>\n<meta name=\"robots\" content=\"index, follow, max-snippet:-1, max-image-preview:large, max-video-preview:-1\" \/>\n<link rel=\"canonical\" href=\"https:\/\/marcopignatti.it\/it\/chirurgia-verona-bologna-modena\/capezzoli-introflessi\/\" \/>\n<meta property=\"og:locale\" content=\"it_IT\" \/>\n<meta property=\"og:type\" content=\"article\" \/>\n<meta property=\"og:title\" content=\"Capezzoli Introflessi - Prof. Marco Pignatti\" \/>\n<meta property=\"og:description\" content=\"I capezzoli introflessi sono un disturbo piuttosto comune caratterizzato da capezzoli piatti o retratti verso l&#039;interno.\" \/>\n<meta property=\"og:url\" content=\"https:\/\/marcopignatti.it\/it\/chirurgia-verona-bologna-modena\/capezzoli-introflessi\/\" \/>\n<meta property=\"og:site_name\" content=\"Prof. Marco Pignatti\" \/>\n<meta property=\"article:publisher\" content=\"https:\/\/www.facebook.com\/marcopignattichirurgoplastico\/\" \/>\n<meta property=\"article:modified_time\" content=\"2023-01-24T14:34:19+00:00\" \/>\n<meta property=\"og:image\" content=\"https:\/\/marcopignatti.it\/wp-content\/uploads\/2022\/03\/Capezzoli_Introflessi_FB_marcopignatti_front.png\" \/>\n\t<meta property=\"og:image:width\" content=\"995\" \/>\n\t<meta property=\"og:image:height\" content=\"978\" \/>\n\t<meta property=\"og:image:type\" content=\"image\/png\" \/>\n<meta name=\"twitter:label1\" content=\"Tempo di lettura stimato\" \/>\n\t<meta name=\"twitter:data1\" content=\"4 minuti\" \/>\n<script type=\"application\/ld+json\" class=\"yoast-schema-graph\">{\"@context\":\"https:\/\/schema.org\",\"@graph\":[{\"@type\":\"WebPage\",\"@id\":\"https:\/\/marcopignatti.it\/it\/chirurgia-verona-bologna-modena\/capezzoli-introflessi\/\",\"url\":\"https:\/\/marcopignatti.it\/it\/chirurgia-verona-bologna-modena\/capezzoli-introflessi\/\",\"name\":\"[:it]Capezzoli introflessi[:en]Introflexible nipples[:] - Prof. Marco Pignatti\",\"isPartOf\":{\"@id\":\"https:\/\/marcopignatti.it\/#website\"},\"primaryImageOfPage\":{\"@id\":\"https:\/\/marcopignatti.it\/it\/chirurgia-verona-bologna-modena\/capezzoli-introflessi\/#primaryimage\"},\"image\":{\"@id\":\"https:\/\/marcopignatti.it\/it\/chirurgia-verona-bologna-modena\/capezzoli-introflessi\/#primaryimage\"},\"thumbnailUrl\":\"https:\/\/marcopignatti.it\/wp-content\/uploads\/2023\/01\/2023-01-20_capezzoli_2_PRE_POST.jpg\",\"datePublished\":\"2017-06-15T10:01:53+00:00\",\"dateModified\":\"2023-01-24T14:34:19+00:00\",\"description\":\"I capezzoli introflessi sono un disturbo piuttosto comune caratterizzato da capezzoli piatti o retratti verso l'interno.\",\"breadcrumb\":{\"@id\":\"https:\/\/marcopignatti.it\/it\/chirurgia-verona-bologna-modena\/capezzoli-introflessi\/#breadcrumb\"},\"inLanguage\":\"it-IT\",\"potentialAction\":[{\"@type\":\"ReadAction\",\"target\":[\"https:\/\/marcopignatti.it\/it\/chirurgia-verona-bologna-modena\/capezzoli-introflessi\/\"]}]},{\"@type\":\"ImageObject\",\"inLanguage\":\"it-IT\",\"@id\":\"https:\/\/marcopignatti.it\/it\/chirurgia-verona-bologna-modena\/capezzoli-introflessi\/#primaryimage\",\"url\":\"https:\/\/marcopignatti.it\/wp-content\/uploads\/2023\/01\/2023-01-20_capezzoli_2_PRE_POST.jpg\",\"contentUrl\":\"https:\/\/marcopignatti.it\/wp-content\/uploads\/2023\/01\/2023-01-20_capezzoli_2_PRE_POST.jpg\",\"width\":1916,\"height\":935,\"caption\":\"Il trattamento chirurgico ha richiesto una anestesia locale, una minima incisione, la liberazione dei dotti e il posizionamento di punti di sutura a stabilizzare il capezzolo nella nuova posizione. Il risultato a distanza mostra capezzoli di buona forma e proiezione.\"},{\"@type\":\"BreadcrumbList\",\"@id\":\"https:\/\/marcopignatti.it\/it\/chirurgia-verona-bologna-modena\/capezzoli-introflessi\/#breadcrumb\",\"itemListElement\":[{\"@type\":\"ListItem\",\"position\":1,\"name\":\"Home\",\"item\":\"https:\/\/marcopignatti.it\/\"},{\"@type\":\"ListItem\",\"position\":2,\"name\":\"Interventi\",\"item\":\"https:\/\/marcopignatti.it\/it\/interventi\/\"},{\"@type\":\"ListItem\",\"position\":3,\"name\":\"Capezzoli introflessi\"}]},{\"@type\":\"WebSite\",\"@id\":\"https:\/\/marcopignatti.it\/#website\",\"url\":\"https:\/\/marcopignatti.it\/\",\"name\":\"Prof. Marco Pignatti\",\"description\":\"Specialista in Chirurgia Plastica, Ricostruttiva ed Estetica\",\"publisher\":{\"@id\":\"https:\/\/marcopignatti.it\/#\/schema\/person\/5b86799c189c43f1edc156108f90d4eb\"},\"potentialAction\":[{\"@type\":\"SearchAction\",\"target\":{\"@type\":\"EntryPoint\",\"urlTemplate\":\"https:\/\/marcopignatti.it\/?s={search_term_string}\"},\"query-input\":{\"@type\":\"PropertyValueSpecification\",\"valueRequired\":true,\"valueName\":\"search_term_string\"}}],\"inLanguage\":\"it-IT\"},{\"@type\":[\"Person\",\"Organization\"],\"@id\":\"https:\/\/marcopignatti.it\/#\/schema\/person\/5b86799c189c43f1edc156108f90d4eb\",\"name\":\"Prof. Pignatti Marco Verona, Bologna, Modena\",\"logo\":{\"@id\":\"https:\/\/marcopignatti.it\/#\/schema\/person\/image\/\"},\"description\":\"Il Prof. Marco Pignatti \u00e8 un professionista affermato per la chirurgia plastica, medicina estetica e chirurgia estetica. Si dedica alla chirurgia ricostruttiva (per traumi, tumori, difetti congeniti) e alla chirurgia estetica e medicina estetica (per miglioramenti dell'aspetto del viso, del seno e del corpo); garantisce professionalit\u00e0 e risultati naturali in base ai desideri di ciascun paziente.\",\"sameAs\":[\"https:\/\/marcopignatti.it\/\",\"https:\/\/www.facebook.com\/marcopignattichirurgoplastico\/\"]}]}<\/script>\n<!-- \/ Yoast SEO plugin. -->","yoast_head_json":{"title":"[:it]Capezzoli introflessi[:en]Introflexible nipples[:] - Prof. Marco Pignatti","description":"I capezzoli introflessi sono un disturbo piuttosto comune caratterizzato da capezzoli piatti o retratti verso l'interno.","robots":{"index":"index","follow":"follow","max-snippet":"max-snippet:-1","max-image-preview":"max-image-preview:large","max-video-preview":"max-video-preview:-1"},"canonical":"https:\/\/marcopignatti.it\/it\/chirurgia-verona-bologna-modena\/capezzoli-introflessi\/","og_locale":"it_IT","og_type":"article","og_title":"Capezzoli Introflessi - Prof. Marco Pignatti","og_description":"I capezzoli introflessi sono un disturbo piuttosto comune caratterizzato da capezzoli piatti o retratti verso l'interno.","og_url":"https:\/\/marcopignatti.it\/it\/chirurgia-verona-bologna-modena\/capezzoli-introflessi\/","og_site_name":"Prof. Marco Pignatti","article_publisher":"https:\/\/www.facebook.com\/marcopignattichirurgoplastico\/","article_modified_time":"2023-01-24T14:34:19+00:00","og_image":[{"width":995,"height":978,"url":"https:\/\/marcopignatti.it\/wp-content\/uploads\/2022\/03\/Capezzoli_Introflessi_FB_marcopignatti_front.png","type":"image\/png"}],"twitter_misc":{"Tempo di lettura stimato":"4 minuti"},"schema":{"@context":"https:\/\/schema.org","@graph":[{"@type":"WebPage","@id":"https:\/\/marcopignatti.it\/it\/chirurgia-verona-bologna-modena\/capezzoli-introflessi\/","url":"https:\/\/marcopignatti.it\/it\/chirurgia-verona-bologna-modena\/capezzoli-introflessi\/","name":"[:it]Capezzoli introflessi[:en]Introflexible nipples[:] - Prof. Marco Pignatti","isPartOf":{"@id":"https:\/\/marcopignatti.it\/#website"},"primaryImageOfPage":{"@id":"https:\/\/marcopignatti.it\/it\/chirurgia-verona-bologna-modena\/capezzoli-introflessi\/#primaryimage"},"image":{"@id":"https:\/\/marcopignatti.it\/it\/chirurgia-verona-bologna-modena\/capezzoli-introflessi\/#primaryimage"},"thumbnailUrl":"https:\/\/marcopignatti.it\/wp-content\/uploads\/2023\/01\/2023-01-20_capezzoli_2_PRE_POST.jpg","datePublished":"2017-06-15T10:01:53+00:00","dateModified":"2023-01-24T14:34:19+00:00","description":"I capezzoli introflessi sono un disturbo piuttosto comune caratterizzato da capezzoli piatti o retratti verso l'interno.","breadcrumb":{"@id":"https:\/\/marcopignatti.it\/it\/chirurgia-verona-bologna-modena\/capezzoli-introflessi\/#breadcrumb"},"inLanguage":"it-IT","potentialAction":[{"@type":"ReadAction","target":["https:\/\/marcopignatti.it\/it\/chirurgia-verona-bologna-modena\/capezzoli-introflessi\/"]}]},{"@type":"ImageObject","inLanguage":"it-IT","@id":"https:\/\/marcopignatti.it\/it\/chirurgia-verona-bologna-modena\/capezzoli-introflessi\/#primaryimage","url":"https:\/\/marcopignatti.it\/wp-content\/uploads\/2023\/01\/2023-01-20_capezzoli_2_PRE_POST.jpg","contentUrl":"https:\/\/marcopignatti.it\/wp-content\/uploads\/2023\/01\/2023-01-20_capezzoli_2_PRE_POST.jpg","width":1916,"height":935,"caption":"Il trattamento chirurgico ha richiesto una anestesia locale, una minima incisione, la liberazione dei dotti e il posizionamento di punti di sutura a stabilizzare il capezzolo nella nuova posizione. Il risultato a distanza mostra capezzoli di buona forma e proiezione."},{"@type":"BreadcrumbList","@id":"https:\/\/marcopignatti.it\/it\/chirurgia-verona-bologna-modena\/capezzoli-introflessi\/#breadcrumb","itemListElement":[{"@type":"ListItem","position":1,"name":"Home","item":"https:\/\/marcopignatti.it\/"},{"@type":"ListItem","position":2,"name":"Interventi","item":"https:\/\/marcopignatti.it\/it\/interventi\/"},{"@type":"ListItem","position":3,"name":"Capezzoli introflessi"}]},{"@type":"WebSite","@id":"https:\/\/marcopignatti.it\/#website","url":"https:\/\/marcopignatti.it\/","name":"Prof. Marco Pignatti","description":"Specialista in Chirurgia Plastica, Ricostruttiva ed Estetica","publisher":{"@id":"https:\/\/marcopignatti.it\/#\/schema\/person\/5b86799c189c43f1edc156108f90d4eb"},"potentialAction":[{"@type":"SearchAction","target":{"@type":"EntryPoint","urlTemplate":"https:\/\/marcopignatti.it\/?s={search_term_string}"},"query-input":{"@type":"PropertyValueSpecification","valueRequired":true,"valueName":"search_term_string"}}],"inLanguage":"it-IT"},{"@type":["Person","Organization"],"@id":"https:\/\/marcopignatti.it\/#\/schema\/person\/5b86799c189c43f1edc156108f90d4eb","name":"Prof. Pignatti Marco Verona, Bologna, Modena","logo":{"@id":"https:\/\/marcopignatti.it\/#\/schema\/person\/image\/"},"description":"Il Prof. Marco Pignatti \u00e8 un professionista affermato per la chirurgia plastica, medicina estetica e chirurgia estetica. Si dedica alla chirurgia ricostruttiva (per traumi, tumori, difetti congeniti) e alla chirurgia estetica e medicina estetica (per miglioramenti dell'aspetto del viso, del seno e del corpo); garantisce professionalit\u00e0 e risultati naturali in base ai desideri di ciascun paziente.","sameAs":["https:\/\/marcopignatti.it\/","https:\/\/www.facebook.com\/marcopignattichirurgoplastico\/"]}]}},"_links":{"self":[{"href":"https:\/\/marcopignatti.it\/it\/wp-json\/wp\/v2\/product\/5508"}],"collection":[{"href":"https:\/\/marcopignatti.it\/it\/wp-json\/wp\/v2\/product"}],"about":[{"href":"https:\/\/marcopignatti.it\/it\/wp-json\/wp\/v2\/types\/product"}],"replies":[{"embeddable":true,"href":"https:\/\/marcopignatti.it\/it\/wp-json\/wp\/v2\/comments?post=5508"}],"wp:featuredmedia":[{"embeddable":true,"href":"https:\/\/marcopignatti.it\/it\/wp-json\/wp\/v2\/media\/11433"}],"wp:attachment":[{"href":"https:\/\/marcopignatti.it\/it\/wp-json\/wp\/v2\/media?parent=5508"}],"wp:term":[{"taxonomy":"product_cat","embeddable":true,"href":"https:\/\/marcopignatti.it\/it\/wp-json\/wp\/v2\/product_cat?post=5508"},{"taxonomy":"product_tag","embeddable":true,"href":"https:\/\/marcopignatti.it\/it\/wp-json\/wp\/v2\/product_tag?post=5508"}],"curies":[{"name":"wp","href":"https:\/\/api.w.org\/{rel}","templated":true}]}}