{"id":5298,"date":"2017-06-18T13:43:03","date_gmt":"2017-06-18T13:43:03","guid":{"rendered":"http:\/\/marcopignatti.it\/?post_type=product&#038;p=5298"},"modified":"2018-05-18T04:54:41","modified_gmt":"2018-05-18T04:54:41","slug":"mastoplastica-riduttiva","status":"publish","type":"product","link":"https:\/\/marcopignatti.it\/it\/chirurgia-verona-bologna-modena\/mastoplastica-riduttiva\/","title":{"rendered":"Mastoplastica riduttiva"},"content":{"rendered":"<p><strong>Mastoplastica riduttiva<\/strong>: i seni voluminosi vengono ridotti e sollevati, donandogli una forma gradevole con beneficio per schiena e spalle.<\/p>\n<h2>MASTOPLASTICA RIDUTTIVA<\/h2>\n<p>Seni molto voluminosi (ipertrofia mammaria, macromastia e gigantomastia) sono una condizione piuttosto comune. In molti casi possono compromettere la qualit\u00e0 della vita (influendo negativamente sull\u2019umore e le relazioni sociali e sessuali), procurare imbarazzo, disagi pratici fino a causare danni fisici <a href=\"http:\/\/www.ncbi.nlm.nih.gov\/pubmed\/23949126\" title=\"Mastoplastica Riduttiva Modena\" target=\"_blank\">affaticando le spalle e la schiena<\/a>.<\/p>\n<p>La mastoplastica riduttiva permette di ridurre il seno. Importanti studi dimostrano che oltre il 95% delle pazienti sono soddisfatte dell\u2019intervento e lo rifarebbero dichiarando di aver avuto un <a href=\"http:\/\/www.ncbi.nlm.nih.gov\/pubmed\/22964671\" title=\"Miglioramento della qualit\u00e0 della vita\" target=\"_blank\">miglioramento della qualit\u00e0 della vita<\/a>. <\/p>\n<p>Vi sono molte tecniche chirurgiche che permettono di ridurre le dimensioni del seno. Queste si differenziano in base alle cicatrici residue ed in base a come sia mantenuta la vascolarizzazione del complesso areola capezzolo.<\/p>\n<p>L\u2019intervento di mastoplastica riduttiva consiste nel rimuovere una parte della mammella ricreando cos\u00ec un seno pi\u00f9 piccolo ma con forme armoniche e proporzionate al resto del corpo.<br \/>\nLe cicatrici residue hanno una estensione e posizione che dipende dal volume iniziale delle mammelle e dalla entit\u00e0 della riduzione. La cosiddetta cicatrice a \u201cT invertita\u201d \u00e8 quella necessaria per grandi riduzioni di volume ed \u00e8 localizzata attorno all\u2019areola, dall\u2019areola al solco e nel solco. Per riduzioni minori si pu\u00f2 ridurre l\u2019estensione della cicatrice alla sola \u201cverticale\u201d (attorno all\u2019areola, dall\u2019areola al solco).<\/p>\n<p>Per seni estremamente voluminosi e ptosici (\u201ccadenti\u201d) si pu\u00f2 prendere in considerazione la tecnica \u201cfree nipple\u201d in cui la areola-capezzolo viene distaccata completamente dalla mammella e reinnestata (ri-applicata) alla fine dell\u2019intervento di riduzione al centro della mammella. <\/p>\n<p>I rischi specifici correlati a questo intervento sono relativi alla vitalit\u00e0 della areola-capezzolo, alla sua sensibilit\u00e0, alla capacit\u00e0 della mammella di produrre latte.<br \/>\nCon un colloquio dettagliato si potr\u00e0 decidere quale sia il metodo migliore per ridurre il seno sulla base delle caratteristiche della paziente.<\/p>\n<p>L\u2019intervento richiede l\u2019anestesia generale, il posizionamento di un drenaggio (per lato) ed un ricovero di una o due notti. Il ritorno alle attivit\u00e0 normali di base avviene in 2 o 3 giorni, mentre occorrono due o tre settimane per il recupero completo e la ripresa del lavoro (in base alla professione svolta).<\/p>\n<p>I vantaggi della mastoplastica riduttiva vanno dal <strong>miglioramento estetico<\/strong> a quello <strong>psicologico<\/strong> fino al beneficio per schiena e spalle <a href=\"http:\/\/www.ncbi.nlm.nih.gov\/pubmed\/24727444\" title=\"Benefici su schiena e spalle\"  target=\"_blank\">affaticati dall\u2019eccesso di peso<\/a>.<\/p>\n<p>Alcuni recenti studi sembrano anche dimostrare un effetto positivo della mastoplastica riduttiva sull\u2019umore e la sfera sessuale.<br \/>\n<a href=\"http:\/\/www.ncbi.nlm.nih.gov\/pubmed\/25536204 \" title=\"Benefici sull'Umore\" target=\"_blank\">Studio sull&#8217;umore in seguito a mastoplastica riduttiva.<\/a><br \/>\n<a href=\"http:\/\/www.ncbi.nlm.nih.gov\/pubmed\/25536202\" title=\"Benefici sulla Sfera Sessuale\" target=\"_blank\">Studio sulla sfera sessuale.<\/a><\/p>\n<p><a href=\"http:\/\/marcopignatti.it\/wp-content\/uploads\/2017\/02\/RIDUTTIVA-pre-post-marcopignatti.jpg\"><img loading=\"lazy\" decoding=\"async\" src=\"http:\/\/marcopignatti.it\/wp-content\/uploads\/2017\/02\/RIDUTTIVA-pre-post-marcopignatti-1024x607.jpg\" alt=\"\" width=\"800\" height=\"474\" class=\"aligncenter size-large wp-image-4679\" srcset=\"https:\/\/marcopignatti.it\/wp-content\/uploads\/2017\/02\/RIDUTTIVA-pre-post-marcopignatti.jpg 1024w, https:\/\/marcopignatti.it\/wp-content\/uploads\/2017\/02\/RIDUTTIVA-pre-post-marcopignatti-300x178.jpg 300w, https:\/\/marcopignatti.it\/wp-content\/uploads\/2017\/02\/RIDUTTIVA-pre-post-marcopignatti-600x356.jpg 600w, https:\/\/marcopignatti.it\/wp-content\/uploads\/2017\/02\/RIDUTTIVA-pre-post-marcopignatti-768x455.jpg 768w\" sizes=\"(max-width: 800px) 100vw, 800px\" \/><\/a><\/p>","protected":false},"excerpt":{"rendered":"<p>Mastoplastica riduttiva: i seni voluminosi vengono ridotti e sollevati, donandogli una forma gradevole con beneficio per schiena e spalle.<\/p>\n","protected":false},"featured_media":4679,"comment_status":"open","ping_status":"closed","template":"","meta":{"ngg_post_thumbnail":0},"product_cat":[200,211,217],"product_tag":[228,188],"yoast_head":"<!-- This site is optimized with the Yoast SEO plugin v23.8 - https:\/\/yoast.com\/wordpress\/plugins\/seo\/ -->\n<title>Mastoplastica riduttiva - Prof. Marco Pignatti<\/title>\n<meta name=\"description\" content=\"Mastoplastica riduttiva: i seni voluminosi vengono ridotti e sollevati, donandogli una forma gradevole con beneficio per schiena e spalle.\" \/>\n<meta name=\"robots\" content=\"index, follow, max-snippet:-1, max-image-preview:large, max-video-preview:-1\" \/>\n<link rel=\"canonical\" href=\"https:\/\/marcopignatti.it\/it\/chirurgia-verona-bologna-modena\/mastoplastica-riduttiva\/\" \/>\n<meta property=\"og:locale\" content=\"it_IT\" \/>\n<meta property=\"og:type\" content=\"article\" \/>\n<meta property=\"og:title\" content=\"[:it]Mastoplastica riduttiva[:en]Reductive mastoplasty[:] - Prof. Marco Pignatti\" \/>\n<meta property=\"og:description\" content=\"Mastoplastica riduttiva: i seni voluminosi vengono ridotti e sollevati, donandogli una forma gradevole con beneficio per schiena e spalle.\" \/>\n<meta property=\"og:url\" content=\"https:\/\/marcopignatti.it\/it\/chirurgia-verona-bologna-modena\/mastoplastica-riduttiva\/\" \/>\n<meta property=\"og:site_name\" content=\"Prof. Marco Pignatti\" \/>\n<meta property=\"article:publisher\" content=\"https:\/\/www.facebook.com\/marcopignattichirurgoplastico\/\" \/>\n<meta property=\"article:modified_time\" content=\"2018-05-18T04:54:41+00:00\" \/>\n<meta property=\"og:image\" content=\"https:\/\/marcopignatti.it\/wp-content\/uploads\/2017\/02\/RIDUTTIVA-pre-post-marcopignatti.jpg\" \/>\n\t<meta property=\"og:image:width\" content=\"1024\" \/>\n\t<meta property=\"og:image:height\" content=\"607\" \/>\n\t<meta property=\"og:image:type\" content=\"image\/jpeg\" \/>\n<meta name=\"twitter:label1\" content=\"Tempo di lettura stimato\" \/>\n\t<meta name=\"twitter:data1\" content=\"4 minuti\" \/>\n<script type=\"application\/ld+json\" class=\"yoast-schema-graph\">{\"@context\":\"https:\/\/schema.org\",\"@graph\":[{\"@type\":\"WebPage\",\"@id\":\"https:\/\/marcopignatti.it\/it\/chirurgia-verona-bologna-modena\/mastoplastica-riduttiva\/\",\"url\":\"https:\/\/marcopignatti.it\/it\/chirurgia-verona-bologna-modena\/mastoplastica-riduttiva\/\",\"name\":\"[:it]Mastoplastica riduttiva[:en]Reductive mastoplasty[:] - Prof. Marco Pignatti\",\"isPartOf\":{\"@id\":\"https:\/\/marcopignatti.it\/#website\"},\"primaryImageOfPage\":{\"@id\":\"https:\/\/marcopignatti.it\/it\/chirurgia-verona-bologna-modena\/mastoplastica-riduttiva\/#primaryimage\"},\"image\":{\"@id\":\"https:\/\/marcopignatti.it\/it\/chirurgia-verona-bologna-modena\/mastoplastica-riduttiva\/#primaryimage\"},\"thumbnailUrl\":\"https:\/\/marcopignatti.it\/wp-content\/uploads\/2017\/02\/RIDUTTIVA-pre-post-marcopignatti.jpg\",\"datePublished\":\"2017-06-18T13:43:03+00:00\",\"dateModified\":\"2018-05-18T04:54:41+00:00\",\"description\":\"Mastoplastica riduttiva: i seni voluminosi vengono ridotti e sollevati, donandogli una forma gradevole con beneficio per schiena e spalle.\",\"breadcrumb\":{\"@id\":\"https:\/\/marcopignatti.it\/it\/chirurgia-verona-bologna-modena\/mastoplastica-riduttiva\/#breadcrumb\"},\"inLanguage\":\"it-IT\",\"potentialAction\":[{\"@type\":\"ReadAction\",\"target\":[\"https:\/\/marcopignatti.it\/it\/chirurgia-verona-bologna-modena\/mastoplastica-riduttiva\/\"]}]},{\"@type\":\"ImageObject\",\"inLanguage\":\"it-IT\",\"@id\":\"https:\/\/marcopignatti.it\/it\/chirurgia-verona-bologna-modena\/mastoplastica-riduttiva\/#primaryimage\",\"url\":\"https:\/\/marcopignatti.it\/wp-content\/uploads\/2017\/02\/RIDUTTIVA-pre-post-marcopignatti.jpg\",\"contentUrl\":\"https:\/\/marcopignatti.it\/wp-content\/uploads\/2017\/02\/RIDUTTIVA-pre-post-marcopignatti.jpg\",\"width\":1024,\"height\":607,\"caption\":\"Mastoplastica Riduttiva\"},{\"@type\":\"BreadcrumbList\",\"@id\":\"https:\/\/marcopignatti.it\/it\/chirurgia-verona-bologna-modena\/mastoplastica-riduttiva\/#breadcrumb\",\"itemListElement\":[{\"@type\":\"ListItem\",\"position\":1,\"name\":\"Home\",\"item\":\"https:\/\/marcopignatti.it\/\"},{\"@type\":\"ListItem\",\"position\":2,\"name\":\"Interventi\",\"item\":\"https:\/\/marcopignatti.it\/it\/interventi\/\"},{\"@type\":\"ListItem\",\"position\":3,\"name\":\"Mastoplastica riduttiva\"}]},{\"@type\":\"WebSite\",\"@id\":\"https:\/\/marcopignatti.it\/#website\",\"url\":\"https:\/\/marcopignatti.it\/\",\"name\":\"Prof. Marco Pignatti\",\"description\":\"Specialista in Chirurgia Plastica, Ricostruttiva ed Estetica\",\"publisher\":{\"@id\":\"https:\/\/marcopignatti.it\/#\/schema\/person\/5b86799c189c43f1edc156108f90d4eb\"},\"potentialAction\":[{\"@type\":\"SearchAction\",\"target\":{\"@type\":\"EntryPoint\",\"urlTemplate\":\"https:\/\/marcopignatti.it\/?s={search_term_string}\"},\"query-input\":{\"@type\":\"PropertyValueSpecification\",\"valueRequired\":true,\"valueName\":\"search_term_string\"}}],\"inLanguage\":\"it-IT\"},{\"@type\":[\"Person\",\"Organization\"],\"@id\":\"https:\/\/marcopignatti.it\/#\/schema\/person\/5b86799c189c43f1edc156108f90d4eb\",\"name\":\"Prof. Pignatti Marco Verona, Bologna, Modena\",\"logo\":{\"@id\":\"https:\/\/marcopignatti.it\/#\/schema\/person\/image\/\"},\"description\":\"Il Prof. Marco Pignatti \u00e8 un professionista affermato per la chirurgia plastica, medicina estetica e chirurgia estetica. Si dedica alla chirurgia ricostruttiva (per traumi, tumori, difetti congeniti) e alla chirurgia estetica e medicina estetica (per miglioramenti dell'aspetto del viso, del seno e del corpo); garantisce professionalit\u00e0 e risultati naturali in base ai desideri di ciascun paziente.\",\"sameAs\":[\"https:\/\/marcopignatti.it\/\",\"https:\/\/www.facebook.com\/marcopignattichirurgoplastico\/\"]}]}<\/script>\n<!-- \/ Yoast SEO plugin. -->","yoast_head_json":{"title":"[:it]Mastoplastica riduttiva[:en]Reductive mastoplasty[:] - Prof. Marco Pignatti","description":"Mastoplastica riduttiva: i seni voluminosi vengono ridotti e sollevati, donandogli una forma gradevole con beneficio per schiena e spalle.","robots":{"index":"index","follow":"follow","max-snippet":"max-snippet:-1","max-image-preview":"max-image-preview:large","max-video-preview":"max-video-preview:-1"},"canonical":"https:\/\/marcopignatti.it\/it\/chirurgia-verona-bologna-modena\/mastoplastica-riduttiva\/","og_locale":"it_IT","og_type":"article","og_title":"[:it]Mastoplastica riduttiva[:en]Reductive mastoplasty[:] - Prof. Marco Pignatti","og_description":"Mastoplastica riduttiva: i seni voluminosi vengono ridotti e sollevati, donandogli una forma gradevole con beneficio per schiena e spalle.","og_url":"https:\/\/marcopignatti.it\/it\/chirurgia-verona-bologna-modena\/mastoplastica-riduttiva\/","og_site_name":"Prof. Marco Pignatti","article_publisher":"https:\/\/www.facebook.com\/marcopignattichirurgoplastico\/","article_modified_time":"2018-05-18T04:54:41+00:00","og_image":[{"width":1024,"height":607,"url":"https:\/\/marcopignatti.it\/wp-content\/uploads\/2017\/02\/RIDUTTIVA-pre-post-marcopignatti.jpg","type":"image\/jpeg"}],"twitter_misc":{"Tempo di lettura stimato":"4 minuti"},"schema":{"@context":"https:\/\/schema.org","@graph":[{"@type":"WebPage","@id":"https:\/\/marcopignatti.it\/it\/chirurgia-verona-bologna-modena\/mastoplastica-riduttiva\/","url":"https:\/\/marcopignatti.it\/it\/chirurgia-verona-bologna-modena\/mastoplastica-riduttiva\/","name":"[:it]Mastoplastica riduttiva[:en]Reductive mastoplasty[:] - Prof. Marco Pignatti","isPartOf":{"@id":"https:\/\/marcopignatti.it\/#website"},"primaryImageOfPage":{"@id":"https:\/\/marcopignatti.it\/it\/chirurgia-verona-bologna-modena\/mastoplastica-riduttiva\/#primaryimage"},"image":{"@id":"https:\/\/marcopignatti.it\/it\/chirurgia-verona-bologna-modena\/mastoplastica-riduttiva\/#primaryimage"},"thumbnailUrl":"https:\/\/marcopignatti.it\/wp-content\/uploads\/2017\/02\/RIDUTTIVA-pre-post-marcopignatti.jpg","datePublished":"2017-06-18T13:43:03+00:00","dateModified":"2018-05-18T04:54:41+00:00","description":"Mastoplastica riduttiva: i seni voluminosi vengono ridotti e sollevati, donandogli una forma gradevole con beneficio per schiena e spalle.","breadcrumb":{"@id":"https:\/\/marcopignatti.it\/it\/chirurgia-verona-bologna-modena\/mastoplastica-riduttiva\/#breadcrumb"},"inLanguage":"it-IT","potentialAction":[{"@type":"ReadAction","target":["https:\/\/marcopignatti.it\/it\/chirurgia-verona-bologna-modena\/mastoplastica-riduttiva\/"]}]},{"@type":"ImageObject","inLanguage":"it-IT","@id":"https:\/\/marcopignatti.it\/it\/chirurgia-verona-bologna-modena\/mastoplastica-riduttiva\/#primaryimage","url":"https:\/\/marcopignatti.it\/wp-content\/uploads\/2017\/02\/RIDUTTIVA-pre-post-marcopignatti.jpg","contentUrl":"https:\/\/marcopignatti.it\/wp-content\/uploads\/2017\/02\/RIDUTTIVA-pre-post-marcopignatti.jpg","width":1024,"height":607,"caption":"Mastoplastica Riduttiva"},{"@type":"BreadcrumbList","@id":"https:\/\/marcopignatti.it\/it\/chirurgia-verona-bologna-modena\/mastoplastica-riduttiva\/#breadcrumb","itemListElement":[{"@type":"ListItem","position":1,"name":"Home","item":"https:\/\/marcopignatti.it\/"},{"@type":"ListItem","position":2,"name":"Interventi","item":"https:\/\/marcopignatti.it\/it\/interventi\/"},{"@type":"ListItem","position":3,"name":"Mastoplastica riduttiva"}]},{"@type":"WebSite","@id":"https:\/\/marcopignatti.it\/#website","url":"https:\/\/marcopignatti.it\/","name":"Prof. Marco Pignatti","description":"Specialista in Chirurgia Plastica, Ricostruttiva ed Estetica","publisher":{"@id":"https:\/\/marcopignatti.it\/#\/schema\/person\/5b86799c189c43f1edc156108f90d4eb"},"potentialAction":[{"@type":"SearchAction","target":{"@type":"EntryPoint","urlTemplate":"https:\/\/marcopignatti.it\/?s={search_term_string}"},"query-input":{"@type":"PropertyValueSpecification","valueRequired":true,"valueName":"search_term_string"}}],"inLanguage":"it-IT"},{"@type":["Person","Organization"],"@id":"https:\/\/marcopignatti.it\/#\/schema\/person\/5b86799c189c43f1edc156108f90d4eb","name":"Prof. Pignatti Marco Verona, Bologna, Modena","logo":{"@id":"https:\/\/marcopignatti.it\/#\/schema\/person\/image\/"},"description":"Il Prof. Marco Pignatti \u00e8 un professionista affermato per la chirurgia plastica, medicina estetica e chirurgia estetica. Si dedica alla chirurgia ricostruttiva (per traumi, tumori, difetti congeniti) e alla chirurgia estetica e medicina estetica (per miglioramenti dell'aspetto del viso, del seno e del corpo); garantisce professionalit\u00e0 e risultati naturali in base ai desideri di ciascun paziente.","sameAs":["https:\/\/marcopignatti.it\/","https:\/\/www.facebook.com\/marcopignattichirurgoplastico\/"]}]}},"_links":{"self":[{"href":"https:\/\/marcopignatti.it\/it\/wp-json\/wp\/v2\/product\/5298"}],"collection":[{"href":"https:\/\/marcopignatti.it\/it\/wp-json\/wp\/v2\/product"}],"about":[{"href":"https:\/\/marcopignatti.it\/it\/wp-json\/wp\/v2\/types\/product"}],"replies":[{"embeddable":true,"href":"https:\/\/marcopignatti.it\/it\/wp-json\/wp\/v2\/comments?post=5298"}],"wp:featuredmedia":[{"embeddable":true,"href":"https:\/\/marcopignatti.it\/it\/wp-json\/wp\/v2\/media\/4679"}],"wp:attachment":[{"href":"https:\/\/marcopignatti.it\/it\/wp-json\/wp\/v2\/media?parent=5298"}],"wp:term":[{"taxonomy":"product_cat","embeddable":true,"href":"https:\/\/marcopignatti.it\/it\/wp-json\/wp\/v2\/product_cat?post=5298"},{"taxonomy":"product_tag","embeddable":true,"href":"https:\/\/marcopignatti.it\/it\/wp-json\/wp\/v2\/product_tag?post=5298"}],"curies":[{"name":"wp","href":"https:\/\/api.w.org\/{rel}","templated":true}]}}