{"id":5270,"date":"2017-06-12T14:41:01","date_gmt":"2017-06-12T14:41:01","guid":{"rendered":"http:\/\/marcopignatti.it\/?post_type=product&#038;p=5270"},"modified":"2017-10-25T09:50:55","modified_gmt":"2017-10-25T09:50:55","slug":"entropion","status":"publish","type":"product","link":"https:\/\/marcopignatti.it\/it\/chirurgia-verona-bologna-modena\/entropion\/","title":{"rendered":"Entropion"},"content":{"rendered":"<p>L&#8217;<strong>ENTROPION<\/strong> \u00e8 un problema della palpebra il cui bordo ruota in dentro verso l\u2019occhio.<br \/>\nLe ciglia perci\u00f2 irritano la congiuntiva e possono graffiare la cornea. Le conseguenze sono lacrimazione e dolore dovute a congiuntiviti, cheratiti, ulcere corneali.<br \/>\nPu\u00f2 interessare la palpebra superiore o, pi\u00f9 di frequente, la inferiore.<\/p>\n<p>Un piccolo intervento chirurgico (in anestesia locale) risolve il problema.<br \/>\nIn base alla gravit\u00e0 del problema, possono essere utilizzate tecniche diverse. Alcune pi\u00f9 semplici, altre pi\u00f9 sofisticate che possono essere combinate fra loro.<br \/>\nResidueranno delle piccole ferite con dei punti di sutura.<br \/>\nI punti vengono di solito rimossi dopo 5-7 giorni e le cicatrici sono, dopo qualche settimana, invisibili.<\/p>\n<p><a attid=\"4053\"  href=\"http:\/\/marcopignatti.it\/wp-content\/uploads\/2016\/09\/entropion-correzione-MP.jpg\"><img loading=\"lazy\" decoding=\"async\" src=\"http:\/\/marcopignatti.it\/wp-content\/uploads\/2016\/09\/entropion-correzione-MP-1024x566.jpg\" alt=\"Entropion correzione Chirurgo Marco Pignatti\" width=\"960\" height=\"531\" class=\"aligncenter size-large wp-image-4053\" srcset=\"https:\/\/marcopignatti.it\/wp-content\/uploads\/2016\/09\/entropion-correzione-MP-1024x566.jpg 1024w, https:\/\/marcopignatti.it\/wp-content\/uploads\/2016\/09\/entropion-correzione-MP-300x166.jpg 300w, https:\/\/marcopignatti.it\/wp-content\/uploads\/2016\/09\/entropion-correzione-MP-600x332.jpg 600w, https:\/\/marcopignatti.it\/wp-content\/uploads\/2016\/09\/entropion-correzione-MP-768x425.jpg 768w, https:\/\/marcopignatti.it\/wp-content\/uploads\/2016\/09\/entropion-correzione-MP.jpg 1666w\" sizes=\"(max-width: 960px) 100vw, 960px\" \/><\/a><\/p>\n<p>L\u2019irritazione ed arrossamento dell\u2019occhio dx perdurava da anni nonostante pregressi tentativi di trattamento dell\u2019entropion. Come si vede, l\u2019arrossamento si \u00e8 del tutto risolto dopo l\u2019intervento.<br \/> <br \/>\nLe tecniche usate in questo caso recidivo hanno richiesto il riposizionamento del muscolo retrattore della palpebra inferiore, il posizionamento di punti che permettono la rotazione della palpebra in fuori, e il ri-tensionamento e ri-ancoraggio della palpebra all\u2019osso del margine laterale dell\u2019orbita.<\/p>\n<p>La palpebra inferiore appare ora normale.<\/p>","protected":false},"excerpt":{"rendered":"<p>L&#039;<strong>ENTROPION<\/strong> \u00e8 un problema della palpebra il cui bordo ruota in dentro verso l\u2019occhio.<br \/>\nLe ciglia perci\u00f2 irritano la congiuntiva e possono graffiare la cornea. Le conseguenze sono lacrimazione e dolore dovute a congiuntiviti, cheratiti, ulcere corneali.<br \/>\nPu\u00f2 interessare la palpebra superiore o, pi\u00f9 di frequente, la inferiore.<\/p>\n","protected":false},"featured_media":4053,"comment_status":"open","ping_status":"closed","template":"","meta":{"ngg_post_thumbnail":0},"product_cat":[246],"product_tag":[247],"yoast_head":"<!-- This site is optimized with the Yoast SEO plugin v23.8 - https:\/\/yoast.com\/wordpress\/plugins\/seo\/ -->\n<title>Entropion - Prof. Marco Pignatti<\/title>\n<meta name=\"description\" content=\"L&#039;entropion \u00e8 un problema della palpebra il cui bordo ruota in dentro verso l\u2019occhio.\" \/>\n<meta name=\"robots\" content=\"index, follow, max-snippet:-1, max-image-preview:large, max-video-preview:-1\" \/>\n<link rel=\"canonical\" href=\"https:\/\/marcopignatti.it\/it\/chirurgia-verona-bologna-modena\/entropion\/\" \/>\n<meta property=\"og:locale\" content=\"it_IT\" \/>\n<meta property=\"og:type\" content=\"article\" \/>\n<meta property=\"og:title\" content=\"Entropion - Prof. Marco Pignatti\" \/>\n<meta property=\"og:description\" content=\"L&#039;entropion \u00e8 un problema della palpebra il cui bordo ruota in dentro verso l\u2019occhio.\" \/>\n<meta property=\"og:url\" content=\"https:\/\/marcopignatti.it\/it\/chirurgia-verona-bologna-modena\/entropion\/\" \/>\n<meta property=\"og:site_name\" content=\"Prof. Marco Pignatti\" \/>\n<meta property=\"article:publisher\" content=\"https:\/\/www.facebook.com\/marcopignattichirurgoplastico\/\" \/>\n<meta property=\"article:modified_time\" content=\"2017-10-25T09:50:55+00:00\" \/>\n<meta property=\"og:image\" content=\"https:\/\/marcopignatti.it\/wp-content\/uploads\/2016\/09\/entropion-correzione-MP.jpg\" \/>\n\t<meta property=\"og:image:width\" content=\"1666\" \/>\n\t<meta property=\"og:image:height\" content=\"921\" \/>\n\t<meta property=\"og:image:type\" content=\"image\/jpeg\" \/>\n<meta name=\"twitter:label1\" content=\"Tempo di lettura stimato\" \/>\n\t<meta name=\"twitter:data1\" content=\"1 minuto\" \/>\n<script type=\"application\/ld+json\" class=\"yoast-schema-graph\">{\"@context\":\"https:\/\/schema.org\",\"@graph\":[{\"@type\":\"WebPage\",\"@id\":\"https:\/\/marcopignatti.it\/it\/chirurgia-verona-bologna-modena\/entropion\/\",\"url\":\"https:\/\/marcopignatti.it\/it\/chirurgia-verona-bologna-modena\/entropion\/\",\"name\":\"Entropion - Prof. Marco Pignatti\",\"isPartOf\":{\"@id\":\"https:\/\/marcopignatti.it\/#website\"},\"primaryImageOfPage\":{\"@id\":\"https:\/\/marcopignatti.it\/it\/chirurgia-verona-bologna-modena\/entropion\/#primaryimage\"},\"image\":{\"@id\":\"https:\/\/marcopignatti.it\/it\/chirurgia-verona-bologna-modena\/entropion\/#primaryimage\"},\"thumbnailUrl\":\"https:\/\/marcopignatti.it\/wp-content\/uploads\/2016\/09\/entropion-correzione-MP.jpg\",\"datePublished\":\"2017-06-12T14:41:01+00:00\",\"dateModified\":\"2017-10-25T09:50:55+00:00\",\"description\":\"L'entropion \u00e8 un problema della palpebra il cui bordo ruota in dentro verso l\u2019occhio.\",\"breadcrumb\":{\"@id\":\"https:\/\/marcopignatti.it\/it\/chirurgia-verona-bologna-modena\/entropion\/#breadcrumb\"},\"inLanguage\":\"it-IT\",\"potentialAction\":[{\"@type\":\"ReadAction\",\"target\":[\"https:\/\/marcopignatti.it\/it\/chirurgia-verona-bologna-modena\/entropion\/\"]}]},{\"@type\":\"ImageObject\",\"inLanguage\":\"it-IT\",\"@id\":\"https:\/\/marcopignatti.it\/it\/chirurgia-verona-bologna-modena\/entropion\/#primaryimage\",\"url\":\"https:\/\/marcopignatti.it\/wp-content\/uploads\/2016\/09\/entropion-correzione-MP.jpg\",\"contentUrl\":\"https:\/\/marcopignatti.it\/wp-content\/uploads\/2016\/09\/entropion-correzione-MP.jpg\",\"width\":1666,\"height\":921},{\"@type\":\"BreadcrumbList\",\"@id\":\"https:\/\/marcopignatti.it\/it\/chirurgia-verona-bologna-modena\/entropion\/#breadcrumb\",\"itemListElement\":[{\"@type\":\"ListItem\",\"position\":1,\"name\":\"Home\",\"item\":\"https:\/\/marcopignatti.it\/\"},{\"@type\":\"ListItem\",\"position\":2,\"name\":\"Interventi\",\"item\":\"https:\/\/marcopignatti.it\/it\/interventi\/\"},{\"@type\":\"ListItem\",\"position\":3,\"name\":\"Entropion\"}]},{\"@type\":\"WebSite\",\"@id\":\"https:\/\/marcopignatti.it\/#website\",\"url\":\"https:\/\/marcopignatti.it\/\",\"name\":\"Prof. Marco Pignatti\",\"description\":\"Specialista in Chirurgia Plastica, Ricostruttiva ed Estetica\",\"publisher\":{\"@id\":\"https:\/\/marcopignatti.it\/#\/schema\/person\/5b86799c189c43f1edc156108f90d4eb\"},\"potentialAction\":[{\"@type\":\"SearchAction\",\"target\":{\"@type\":\"EntryPoint\",\"urlTemplate\":\"https:\/\/marcopignatti.it\/?s={search_term_string}\"},\"query-input\":{\"@type\":\"PropertyValueSpecification\",\"valueRequired\":true,\"valueName\":\"search_term_string\"}}],\"inLanguage\":\"it-IT\"},{\"@type\":[\"Person\",\"Organization\"],\"@id\":\"https:\/\/marcopignatti.it\/#\/schema\/person\/5b86799c189c43f1edc156108f90d4eb\",\"name\":\"Prof. Pignatti Marco Verona, Bologna, Modena\",\"logo\":{\"@id\":\"https:\/\/marcopignatti.it\/#\/schema\/person\/image\/\"},\"description\":\"Il Prof. Marco Pignatti \u00e8 un professionista affermato per la chirurgia plastica, medicina estetica e chirurgia estetica. Si dedica alla chirurgia ricostruttiva (per traumi, tumori, difetti congeniti) e alla chirurgia estetica e medicina estetica (per miglioramenti dell'aspetto del viso, del seno e del corpo); garantisce professionalit\u00e0 e risultati naturali in base ai desideri di ciascun paziente.\",\"sameAs\":[\"https:\/\/marcopignatti.it\/\",\"https:\/\/www.facebook.com\/marcopignattichirurgoplastico\/\"]}]}<\/script>\n<!-- \/ Yoast SEO plugin. -->","yoast_head_json":{"title":"Entropion - Prof. Marco Pignatti","description":"L'entropion \u00e8 un problema della palpebra il cui bordo ruota in dentro verso l\u2019occhio.","robots":{"index":"index","follow":"follow","max-snippet":"max-snippet:-1","max-image-preview":"max-image-preview:large","max-video-preview":"max-video-preview:-1"},"canonical":"https:\/\/marcopignatti.it\/it\/chirurgia-verona-bologna-modena\/entropion\/","og_locale":"it_IT","og_type":"article","og_title":"Entropion - Prof. Marco Pignatti","og_description":"L'entropion \u00e8 un problema della palpebra il cui bordo ruota in dentro verso l\u2019occhio.","og_url":"https:\/\/marcopignatti.it\/it\/chirurgia-verona-bologna-modena\/entropion\/","og_site_name":"Prof. Marco Pignatti","article_publisher":"https:\/\/www.facebook.com\/marcopignattichirurgoplastico\/","article_modified_time":"2017-10-25T09:50:55+00:00","og_image":[{"width":1666,"height":921,"url":"https:\/\/marcopignatti.it\/wp-content\/uploads\/2016\/09\/entropion-correzione-MP.jpg","type":"image\/jpeg"}],"twitter_misc":{"Tempo di lettura stimato":"1 minuto"},"schema":{"@context":"https:\/\/schema.org","@graph":[{"@type":"WebPage","@id":"https:\/\/marcopignatti.it\/it\/chirurgia-verona-bologna-modena\/entropion\/","url":"https:\/\/marcopignatti.it\/it\/chirurgia-verona-bologna-modena\/entropion\/","name":"Entropion - Prof. Marco Pignatti","isPartOf":{"@id":"https:\/\/marcopignatti.it\/#website"},"primaryImageOfPage":{"@id":"https:\/\/marcopignatti.it\/it\/chirurgia-verona-bologna-modena\/entropion\/#primaryimage"},"image":{"@id":"https:\/\/marcopignatti.it\/it\/chirurgia-verona-bologna-modena\/entropion\/#primaryimage"},"thumbnailUrl":"https:\/\/marcopignatti.it\/wp-content\/uploads\/2016\/09\/entropion-correzione-MP.jpg","datePublished":"2017-06-12T14:41:01+00:00","dateModified":"2017-10-25T09:50:55+00:00","description":"L'entropion \u00e8 un problema della palpebra il cui bordo ruota in dentro verso l\u2019occhio.","breadcrumb":{"@id":"https:\/\/marcopignatti.it\/it\/chirurgia-verona-bologna-modena\/entropion\/#breadcrumb"},"inLanguage":"it-IT","potentialAction":[{"@type":"ReadAction","target":["https:\/\/marcopignatti.it\/it\/chirurgia-verona-bologna-modena\/entropion\/"]}]},{"@type":"ImageObject","inLanguage":"it-IT","@id":"https:\/\/marcopignatti.it\/it\/chirurgia-verona-bologna-modena\/entropion\/#primaryimage","url":"https:\/\/marcopignatti.it\/wp-content\/uploads\/2016\/09\/entropion-correzione-MP.jpg","contentUrl":"https:\/\/marcopignatti.it\/wp-content\/uploads\/2016\/09\/entropion-correzione-MP.jpg","width":1666,"height":921},{"@type":"BreadcrumbList","@id":"https:\/\/marcopignatti.it\/it\/chirurgia-verona-bologna-modena\/entropion\/#breadcrumb","itemListElement":[{"@type":"ListItem","position":1,"name":"Home","item":"https:\/\/marcopignatti.it\/"},{"@type":"ListItem","position":2,"name":"Interventi","item":"https:\/\/marcopignatti.it\/it\/interventi\/"},{"@type":"ListItem","position":3,"name":"Entropion"}]},{"@type":"WebSite","@id":"https:\/\/marcopignatti.it\/#website","url":"https:\/\/marcopignatti.it\/","name":"Prof. Marco Pignatti","description":"Specialista in Chirurgia Plastica, Ricostruttiva ed Estetica","publisher":{"@id":"https:\/\/marcopignatti.it\/#\/schema\/person\/5b86799c189c43f1edc156108f90d4eb"},"potentialAction":[{"@type":"SearchAction","target":{"@type":"EntryPoint","urlTemplate":"https:\/\/marcopignatti.it\/?s={search_term_string}"},"query-input":{"@type":"PropertyValueSpecification","valueRequired":true,"valueName":"search_term_string"}}],"inLanguage":"it-IT"},{"@type":["Person","Organization"],"@id":"https:\/\/marcopignatti.it\/#\/schema\/person\/5b86799c189c43f1edc156108f90d4eb","name":"Prof. Pignatti Marco Verona, Bologna, Modena","logo":{"@id":"https:\/\/marcopignatti.it\/#\/schema\/person\/image\/"},"description":"Il Prof. Marco Pignatti \u00e8 un professionista affermato per la chirurgia plastica, medicina estetica e chirurgia estetica. Si dedica alla chirurgia ricostruttiva (per traumi, tumori, difetti congeniti) e alla chirurgia estetica e medicina estetica (per miglioramenti dell'aspetto del viso, del seno e del corpo); garantisce professionalit\u00e0 e risultati naturali in base ai desideri di ciascun paziente.","sameAs":["https:\/\/marcopignatti.it\/","https:\/\/www.facebook.com\/marcopignattichirurgoplastico\/"]}]}},"_links":{"self":[{"href":"https:\/\/marcopignatti.it\/it\/wp-json\/wp\/v2\/product\/5270"}],"collection":[{"href":"https:\/\/marcopignatti.it\/it\/wp-json\/wp\/v2\/product"}],"about":[{"href":"https:\/\/marcopignatti.it\/it\/wp-json\/wp\/v2\/types\/product"}],"replies":[{"embeddable":true,"href":"https:\/\/marcopignatti.it\/it\/wp-json\/wp\/v2\/comments?post=5270"}],"wp:featuredmedia":[{"embeddable":true,"href":"https:\/\/marcopignatti.it\/it\/wp-json\/wp\/v2\/media\/4053"}],"wp:attachment":[{"href":"https:\/\/marcopignatti.it\/it\/wp-json\/wp\/v2\/media?parent=5270"}],"wp:term":[{"taxonomy":"product_cat","embeddable":true,"href":"https:\/\/marcopignatti.it\/it\/wp-json\/wp\/v2\/product_cat?post=5270"},{"taxonomy":"product_tag","embeddable":true,"href":"https:\/\/marcopignatti.it\/it\/wp-json\/wp\/v2\/product_tag?post=5270"}],"curies":[{"name":"wp","href":"https:\/\/api.w.org\/{rel}","templated":true}]}}