{"id":8572,"date":"2018-05-20T07:44:49","date_gmt":"2018-05-20T07:44:49","guid":{"rendered":"http:\/\/marcopignatti.it\/?page_id=8572"},"modified":"2018-05-20T08:10:17","modified_gmt":"2018-05-20T08:10:17","slug":"cookie-policy","status":"publish","type":"page","link":"https:\/\/marcopignatti.it\/it\/cookie-policy\/","title":{"rendered":"Cookie Policy"},"content":{"rendered":"<p><strong>COOKIE POLICY<\/strong> <\/p>\n<p><strong>Cosa sono i cookie e a cosa servono? <\/strong><br \/>\nUn cookie \u00e8 un semplice file di testo che viene memorizzato sul Suo computer o dispositivo mobile dal server di un sito web e che solo quel server sar\u00e0 in grado di recuperare o leggerne il contenuto. Esso contiene alcune informazioni anonime e permette al sito web di ricordare alcuni dati. <\/p>\n<p>Esistono diversi tipo di cookies, che si possono definire come segue: <\/p>\n<p><strong>Cookie tecnici (che NON richiedono il tuo consenso):<\/strong> sono necessari per il funzionamento del sito e ti permettono di accedere alle sue funzioni (c.d. <em>cookie di navigazione<\/em>) e sono per lo pi\u00f9 cookie di sessione. Possiamo utilizzare anche <em>cookie funzionali<\/em> che consentono di salvare le tue preferenze e impostazioni, migliorando la tua esperienza di navigazione sul nostro sito (es. ricordarti quale utente registrato del sito quando selezioni la funzione &#8220;Ricordami&#8221;; collegarti alla sezione del sito nella lingua da te eventualmente prescelta o in base al paese dal quale accedi; ricordare le tue preferenze in termini di accettazione o meno di cookie di profilazione). Per garantire la loro funzionalit\u00e0 e poter ricordare le tue preferenze questi cookie non sono cancellati alla chiusura del browser; hanno tuttavia una durata massima predefinita (fino ad un massimo di 2 anni) e trascorso il periodo di tempo predefinito si disattivano automaticamente. Questi cookie e i dati da essi raccolti non sono utilizzati per scopi ulteriori. Per installare i cookie tecnici non occorre il tuo consenso; procediamo alla loro installazione automaticamente a seguito dell&#8217;accesso al sito o della tua richiesta di determinate funzionalit\u00e0 (es. selezionando &#8220;ricordami&#8221;). In qualsiasi momento puoi sempre decidere di disabilitarli modificando le impostazioni del tuo browser. Tuttavia, in tal caso, potresti non riuscire a visualizzare correttamente il nostro sito. <\/p>\n<p><strong>Cookie di profilazione (che richiedono il tuo CONSENSO):<\/strong> il nostro sito utilizza anche i cookie cd. di <em>profilazione<\/em> che possiamo installare solo con il tuo consenso preventivo. Attraverso il sito possono essere installati, sempre se tu consenti espressamente alla loro installazione, anche cookie di terze parti.<\/p>\n<p>I cookie definiti di profilazione dal Garante per la protezione dei dati personali, possono comprendere diverse categorie di cookie, tra cui i cookie di profilazione pubblicitaria, i cookie di retargeting, i cookie Social e i cookie analitici che non si limitano ad analisi statistiche \taggregate.<br \/>\n(i) Cookie di profilazione pubblicitaria: creano profili relativi all\u2019utente per farti visualizzare messaggi pubblicitari in linea con le preferenze da te manifestate durante la navigazione su Internet;<br \/>\n(ii) Cookie di retargeting: ti inviano pubblicit\u00e0 per proporti prodotti simili a quelli sui quali hai manifestato interesse (ad esempio, mostrandoti i prodotti che hai visionato sul nostro sito quando navighi su siti affiliati), o consentono di misurare l\u2019efficacia di una campagna pubblicitaria nostra o di terzi;<br \/>\n(iii) Cookie analitici: tengono traccia delle scelte da te operate sul sito e della tua navigazione per effettuare analisi statistiche da parte nostra e di terzi, tenendo traccia delle tue preferenze e del tuo comportamento online e per proporti messaggi personalizzati;<br \/>\n(iv) Cookie social: il sito consente inoltre ad alcuni social network (ad esempio, Facebook, LinkedIn) l&#8217;installazione di propri cookie utilizzando i loro plug-in. Questi cookie sono gestiti direttamente da tali terze parti e possono essere utilizzati anche al fine di farti visualizzare su altri siti messaggi pubblicitari in linea con le tue preferenze. <\/p>\n<p><strong>Tipi di cookies utilizzati dal nostro sito: <\/strong><br \/>\nIl nostro sito utilizza cookie che <strong>NON<\/strong> necessitano del Suo <strong>CONSENSO<\/strong> per la loro installazione perch\u00e9 cookie tecnici o funzionali, non si fa quindi uso di cookie di profilazione n\u00e9 di prima n\u00e9 di terza parte.   <\/p>\n<p><strong>Questo Sito fa utilizzo di: <\/strong><br \/>\nGoogle Analytics: uno strumento di analisi del traffico sul sito in forma anonima. Nessuna informazione verr\u00e0 resa pubblica o divulgata a enti, associazioni, organismi atti ad effettuare marketing mirato seguendo le preferenze dell\u2019Utente, ma verranno utilizzate al solo scopo di migliorare la navigazione e l\u2019esperienza dell\u2019utente stesso per le prossime visite.<\/p>\n<p>I social buttons utilizzati dal sito nel footer della homepage, nella sidebar delle pagine e nel top di tutti gli articoli del sito sono dei link che rinviano agli account del Titolare sui social network raffigurati. Tramite l\u2019utilizzo di tali pulsanti non sono pertanto installati cookie di terze parti. <\/p>\n<p><a href=\"http:\/\/marcopignatti.it\/privacy-policy\/\" rel=\"noopener\" target=\"_blank\"><strong>Leggi anche: PRIVACY POLICY<\/strong><\/a><\/p>","protected":false},"excerpt":{"rendered":"<p>COOKIE POLICY Cosa sono i cookie e a cosa servono? Un cookie \u00e8 un semplice file di testo che viene memorizzato sul Suo computer o dispositivo mobile dal server di &#8230;<\/p>\n","protected":false},"author":4,"featured_media":0,"parent":0,"menu_order":0,"comment_status":"closed","ping_status":"closed","template":"","meta":{"ngg_post_thumbnail":0,"footnotes":""},"yoast_head":"<!-- This site is optimized with the Yoast SEO plugin v23.8 - https:\/\/yoast.com\/wordpress\/plugins\/seo\/ -->\n<title>Cookie Policy - Prof. Marco Pignatti<\/title>\n<meta name=\"robots\" content=\"index, follow, max-snippet:-1, max-image-preview:large, max-video-preview:-1\" \/>\n<link rel=\"canonical\" href=\"https:\/\/marcopignatti.it\/it\/cookie-policy\/\" \/>\n<meta property=\"og:locale\" content=\"it_IT\" \/>\n<meta property=\"og:type\" content=\"article\" \/>\n<meta property=\"og:title\" content=\"[:it]Cookie Policy[:] - Prof. Marco Pignatti\" \/>\n<meta property=\"og:description\" content=\"COOKIE POLICY Cosa sono i cookie e a cosa servono? Un cookie \u00e8 un semplice file di testo che viene memorizzato sul Suo computer o dispositivo mobile dal server di ...\" \/>\n<meta property=\"og:url\" content=\"https:\/\/marcopignatti.it\/it\/cookie-policy\/\" \/>\n<meta property=\"og:site_name\" content=\"Prof. Marco Pignatti\" \/>\n<meta property=\"article:publisher\" content=\"https:\/\/www.facebook.com\/marcopignattichirurgoplastico\/\" \/>\n<meta property=\"article:modified_time\" content=\"2018-05-20T08:10:17+00:00\" \/>\n<meta property=\"og:image\" content=\"https:\/\/marcopignatti.it\/wp-content\/uploads\/2017\/11\/IMG-20171112-WA0017-MP-Nuova-1.jpg\" \/>\n\t<meta property=\"og:image:width\" content=\"1500\" \/>\n\t<meta property=\"og:image:height\" content=\"1156\" \/>\n\t<meta property=\"og:image:type\" content=\"image\/jpeg\" \/>\n<meta name=\"twitter:label1\" content=\"Tempo di lettura stimato\" \/>\n\t<meta name=\"twitter:data1\" content=\"4 minuti\" \/>\n<script type=\"application\/ld+json\" class=\"yoast-schema-graph\">{\"@context\":\"https:\/\/schema.org\",\"@graph\":[{\"@type\":\"WebPage\",\"@id\":\"https:\/\/marcopignatti.it\/it\/cookie-policy\/\",\"url\":\"https:\/\/marcopignatti.it\/it\/cookie-policy\/\",\"name\":\"[:it]Cookie Policy[:] - Prof. Marco Pignatti\",\"isPartOf\":{\"@id\":\"https:\/\/marcopignatti.it\/#website\"},\"datePublished\":\"2018-05-20T07:44:49+00:00\",\"dateModified\":\"2018-05-20T08:10:17+00:00\",\"breadcrumb\":{\"@id\":\"https:\/\/marcopignatti.it\/it\/cookie-policy\/#breadcrumb\"},\"inLanguage\":\"it-IT\",\"potentialAction\":[{\"@type\":\"ReadAction\",\"target\":[\"https:\/\/marcopignatti.it\/it\/cookie-policy\/\"]}]},{\"@type\":\"BreadcrumbList\",\"@id\":\"https:\/\/marcopignatti.it\/it\/cookie-policy\/#breadcrumb\",\"itemListElement\":[{\"@type\":\"ListItem\",\"position\":1,\"name\":\"Home\",\"item\":\"https:\/\/marcopignatti.it\/\"},{\"@type\":\"ListItem\",\"position\":2,\"name\":\"Cookie Policy\"}]},{\"@type\":\"WebSite\",\"@id\":\"https:\/\/marcopignatti.it\/#website\",\"url\":\"https:\/\/marcopignatti.it\/\",\"name\":\"Prof. Marco Pignatti\",\"description\":\"Specialista in Chirurgia Plastica, Ricostruttiva ed Estetica\",\"publisher\":{\"@id\":\"https:\/\/marcopignatti.it\/#\/schema\/person\/5b86799c189c43f1edc156108f90d4eb\"},\"potentialAction\":[{\"@type\":\"SearchAction\",\"target\":{\"@type\":\"EntryPoint\",\"urlTemplate\":\"https:\/\/marcopignatti.it\/?s={search_term_string}\"},\"query-input\":{\"@type\":\"PropertyValueSpecification\",\"valueRequired\":true,\"valueName\":\"search_term_string\"}}],\"inLanguage\":\"it-IT\"},{\"@type\":[\"Person\",\"Organization\"],\"@id\":\"https:\/\/marcopignatti.it\/#\/schema\/person\/5b86799c189c43f1edc156108f90d4eb\",\"name\":\"Prof. Pignatti Marco Verona, Bologna, Modena\",\"logo\":{\"@id\":\"https:\/\/marcopignatti.it\/#\/schema\/person\/image\/\"},\"description\":\"Il Prof. Marco Pignatti \u00e8 un professionista affermato per la chirurgia plastica, medicina estetica e chirurgia estetica. Si dedica alla chirurgia ricostruttiva (per traumi, tumori, difetti congeniti) e alla chirurgia estetica e medicina estetica (per miglioramenti dell'aspetto del viso, del seno e del corpo); garantisce professionalit\u00e0 e risultati naturali in base ai desideri di ciascun paziente.\",\"sameAs\":[\"https:\/\/marcopignatti.it\/\",\"https:\/\/www.facebook.com\/marcopignattichirurgoplastico\/\"]}]}<\/script>\n<!-- \/ Yoast SEO plugin. -->","yoast_head_json":{"title":"[:it]Cookie Policy[:] - Prof. Marco Pignatti","robots":{"index":"index","follow":"follow","max-snippet":"max-snippet:-1","max-image-preview":"max-image-preview:large","max-video-preview":"max-video-preview:-1"},"canonical":"https:\/\/marcopignatti.it\/it\/cookie-policy\/","og_locale":"it_IT","og_type":"article","og_title":"[:it]Cookie Policy[:] - Prof. Marco Pignatti","og_description":"COOKIE POLICY Cosa sono i cookie e a cosa servono? Un cookie \u00e8 un semplice file di testo che viene memorizzato sul Suo computer o dispositivo mobile dal server di ...","og_url":"https:\/\/marcopignatti.it\/it\/cookie-policy\/","og_site_name":"Prof. Marco Pignatti","article_publisher":"https:\/\/www.facebook.com\/marcopignattichirurgoplastico\/","article_modified_time":"2018-05-20T08:10:17+00:00","og_image":[{"width":1500,"height":1156,"url":"https:\/\/marcopignatti.it\/wp-content\/uploads\/2017\/11\/IMG-20171112-WA0017-MP-Nuova-1.jpg","type":"image\/jpeg"}],"twitter_misc":{"Tempo di lettura stimato":"4 minuti"},"schema":{"@context":"https:\/\/schema.org","@graph":[{"@type":"WebPage","@id":"https:\/\/marcopignatti.it\/it\/cookie-policy\/","url":"https:\/\/marcopignatti.it\/it\/cookie-policy\/","name":"[:it]Cookie Policy[:] - Prof. Marco Pignatti","isPartOf":{"@id":"https:\/\/marcopignatti.it\/#website"},"datePublished":"2018-05-20T07:44:49+00:00","dateModified":"2018-05-20T08:10:17+00:00","breadcrumb":{"@id":"https:\/\/marcopignatti.it\/it\/cookie-policy\/#breadcrumb"},"inLanguage":"it-IT","potentialAction":[{"@type":"ReadAction","target":["https:\/\/marcopignatti.it\/it\/cookie-policy\/"]}]},{"@type":"BreadcrumbList","@id":"https:\/\/marcopignatti.it\/it\/cookie-policy\/#breadcrumb","itemListElement":[{"@type":"ListItem","position":1,"name":"Home","item":"https:\/\/marcopignatti.it\/"},{"@type":"ListItem","position":2,"name":"Cookie Policy"}]},{"@type":"WebSite","@id":"https:\/\/marcopignatti.it\/#website","url":"https:\/\/marcopignatti.it\/","name":"Prof. Marco Pignatti","description":"Specialista in Chirurgia Plastica, Ricostruttiva ed Estetica","publisher":{"@id":"https:\/\/marcopignatti.it\/#\/schema\/person\/5b86799c189c43f1edc156108f90d4eb"},"potentialAction":[{"@type":"SearchAction","target":{"@type":"EntryPoint","urlTemplate":"https:\/\/marcopignatti.it\/?s={search_term_string}"},"query-input":{"@type":"PropertyValueSpecification","valueRequired":true,"valueName":"search_term_string"}}],"inLanguage":"it-IT"},{"@type":["Person","Organization"],"@id":"https:\/\/marcopignatti.it\/#\/schema\/person\/5b86799c189c43f1edc156108f90d4eb","name":"Prof. Pignatti Marco Verona, Bologna, Modena","logo":{"@id":"https:\/\/marcopignatti.it\/#\/schema\/person\/image\/"},"description":"Il Prof. Marco Pignatti \u00e8 un professionista affermato per la chirurgia plastica, medicina estetica e chirurgia estetica. Si dedica alla chirurgia ricostruttiva (per traumi, tumori, difetti congeniti) e alla chirurgia estetica e medicina estetica (per miglioramenti dell'aspetto del viso, del seno e del corpo); garantisce professionalit\u00e0 e risultati naturali in base ai desideri di ciascun paziente.","sameAs":["https:\/\/marcopignatti.it\/","https:\/\/www.facebook.com\/marcopignattichirurgoplastico\/"]}]}},"_links":{"self":[{"href":"https:\/\/marcopignatti.it\/it\/wp-json\/wp\/v2\/pages\/8572"}],"collection":[{"href":"https:\/\/marcopignatti.it\/it\/wp-json\/wp\/v2\/pages"}],"about":[{"href":"https:\/\/marcopignatti.it\/it\/wp-json\/wp\/v2\/types\/page"}],"author":[{"embeddable":true,"href":"https:\/\/marcopignatti.it\/it\/wp-json\/wp\/v2\/users\/4"}],"replies":[{"embeddable":true,"href":"https:\/\/marcopignatti.it\/it\/wp-json\/wp\/v2\/comments?post=8572"}],"version-history":[{"count":4,"href":"https:\/\/marcopignatti.it\/it\/wp-json\/wp\/v2\/pages\/8572\/revisions"}],"predecessor-version":[{"id":8589,"href":"https:\/\/marcopignatti.it\/it\/wp-json\/wp\/v2\/pages\/8572\/revisions\/8589"}],"wp:attachment":[{"href":"https:\/\/marcopignatti.it\/it\/wp-json\/wp\/v2\/media?parent=8572"}],"curies":[{"name":"wp","href":"https:\/\/api.w.org\/{rel}","templated":true}]}}