{"id":8525,"date":"2018-05-18T04:07:12","date_gmt":"2018-05-18T04:07:12","guid":{"rendered":"http:\/\/marcopignatti.it\/?page_id=8525"},"modified":"2025-05-28T09:37:08","modified_gmt":"2025-05-28T09:37:08","slug":"privacy-policy","status":"publish","type":"page","link":"https:\/\/marcopignatti.it\/it\/privacy-policy\/","title":{"rendered":"Privacy Policy"},"content":{"rendered":"<p><strong>PRIVACY POLICY <\/strong><\/p>\n<p>Ai sensi della normativa vigente e di quanto previsto dall\u2019art. 13 del Regolamento UE 2016\/679 del Parlamento europeo e del Consiglio, del 27 aprile 2016, relativo alla protezione delle persone fisiche con riguardo al trattamento dei dati personali, nonch\u00e9 alla libera circolazione di tali dati, la informiamo che il <strong>Titolare del trattamento dei dati<\/strong> da Lei forniti \u00e8 il Prof. Marco Pignatti presso Ospedale di Borgo Trento Verona, Azienda Ospedaliera Universitaria Integrata Verona, Piazzale Aristide Stefani, 1 &#8211; 37126 Verona VR<br \/>\n<strong>Telefono: <\/strong><a href=\"tel:0452455677\"><strong><i class=\"fa fa-phone\"><\/i> 045 24556 77<\/strong><\/a> &#8211; <strong>Email:<\/strong> <a href=\"mailto:info@marcopignatti.it\"><strong><i class=\"fa fa-envelope-o\"><\/i> info@marcopignatti.it<\/strong><\/a><\/p>\n<p>Gli indirizzi dei nostri siti web sono:<br \/>\n<a href=\"https:\/\/marcopignatti.it\" rel=\"noopener noreferrer\" target=\"_blank\"><strong>https:\/\/marcopignatti.it<\/strong><\/a><br \/>\n<a href=\"https:\/\/chirurgiaintimaestetica.it\" rel=\"noopener noreferrer\" target=\"_blank\"><strong>https:\/\/chirurgiaintimaestetica.it<\/strong><\/a><\/p>\n<p>La Societ\u00e0 pu\u00f2 modificare o semplicemente aggiornare, in tutto o in parte la presente Privacy Policy. Qualsiasi modifica o aggiornamento alla Privacy Policy sar\u00e0 disponibile per tutti gli utenti nella sezione Privacy del sito appena gli aggiornamenti saranno attivi e saranno vincolanti non appena pubblicati sul sito in questa sezione. Qualora l&#8217;Utente non intenda accettare tali modifiche, potr\u00e0 interrompere l&#8217;utilizzo del nostro sito. L&#8217;uso continuato del nostro sito web e dei nostri prodotti e servizi a seguito della pubblicazione delle suddette modifiche e\/o aggiornamenti equivarr\u00e0 ad accettazione delle modifiche ed al riconoscimento del carattere vincolante dei nuovi termini e condizioni. <\/p>\n<p><strong>RACCOLTA E TRATTAMENTO DI DATI PERSONALI <\/strong><br \/>\n<strong>Dati di navigazione<\/strong><br \/>\nI sistemi informatici e le procedure software preposte al funzionamento di questo sito Web acquisiscono, nel corso del loro normale esercizio, alcuni dati personali la cui trasmissione \u00e8 implicita nell\u2019uso dei protocolli di comunicazione di Internet. Si tratta di informazioni che non sono raccolte per essere associate a interessati identificati, ma che, per loro stessa natura, potrebbero, attraverso elaborazioni ed associazioni con dati detenuti da terzi, permettere di identificare gli utenti.<br \/>\nIn questa categoria di dati rientrano gli indirizzi IP o i nomi a dominio dei computer utilizzati dagli utenti che si connettono al sito, gli indirizzi in notazione URI (Uniform Resource Identifier) delle risorse richieste, l\u2019orario della richiesta, il metodo utilizzato nel sottoporre la richiesta al server, la dimensione del file ottenuto in risposta, il codice numerico indicante lo stato della risposta data dal server (buon fine, errore, ecc.) ed altri parametri relativi al sistema operativo e all\u2019ambiente informatico dell\u2019utente.<br \/>\nQuesti dati vengono utilizzati al fine di consentire l\u2019accesso e la navigazione del sito, di ricavare informazioni statistiche anonime sull\u2019uso del sito, per controllarne il corretto funzionamento dello stesso, e vengono trattati per il tempo strettamente necessario al soddisfacimento delle finalit\u00e0, che nella fattispecie dei visitatori del sito \u00e8 di 1 anno. I dati potrebbero essere utilizzati per l\u2019accertamento di responsabilit\u00e0 in caso di ipotetici reati informatici ai danni del sito o di illeciti commessi durante la navigazione.<br \/>\nI dati trattati dal Prof. Marco Pignatti sono protetti da adeguate misure di sicurezza come previsto dalla normativa vigente. <\/p>\n<p><strong>DATI FORNITI VOLONTARIAMENTE DALL\u2019UTENTE <\/strong><br \/>\nPer la consultazione del sito non \u00e8 richiesto alcun conferimento dei dati personali da parte dell\u2019utente. In modo particolare si specifica che <strong>non vengono usati cookie con scopo di profilazione<\/strong>, n\u00e9 di prima n\u00e9 di terze parti, ma solo cookie tecnici, funzionali, e analitici anonimizzati con lo scopo di migliorare la qualit\u00e0 della navigazione dell\u2019utente all\u2019interno del sito in questione.<br \/>\nTuttavia, \u00e8 possibile, da parte dell\u2019utente procedere con la registrazione al sito o alla richiesta di informazioni, tramite modulo di contatto, senza effettuare la suddetta registrazione. Queste operazioni comportano da parte del Prof. Marco Pignatti Medico Chirurgo l\u2019acquisizione di dati personali, quali l\u2019e-mail o numerazione telefonica, nome, motivo del contatto necessari per adempiere alle richieste degli utenti. Tali dati saranno utilizzati al solo fine di dar seguito alla richiesta dell\u2019utente; nel caso in cui dovesse essere necessario saranno trattati per finalit\u00e0 connesse ad obblighi contrattuali, fiscali e contabili; storico fatturazione; contenzioso e tutela del credito; adempimento di obblighi previsti dalle leggi vigenti e potranno essere comunicati a terzi solo nel caso in cui ci\u00f2 sia necessario a tal fine. Il trattamento sar\u00e0 effettuato con sistemi manuali e automatizzati su supporto magnetico, elettronico e telematico, atti a memorizzare, gestire e trasmettere i dati stessi, con logiche strettamente correlate alle finalit\u00e0 stesse, sulla base dei dati in nostro possesso e con impegno da parte Vostra\/Sua di comunicarci tempestivamente eventuali correzioni, variazioni, integrazioni e\/o aggiornamenti. <\/p>\n<p>Per il trattamento di dati raccolti in funzione dell\u2019iscrizione alla newsletter occorre il Suo <strong>CONSENSO<\/strong> poich\u00e9 i Suoi dati di contatto (e-mail o recapito telefonico) potranno essere usati per attivit\u00e0 di marketing diretto, quali l\u2019invio &#8211; tramite e-mail di materiale pubblicitario e di comunicazioni aventi contenuto informativo e\/o promozionale in relazione a prodotti o servizi forniti e\/o promossi dal Titolare o da suoi partner commerciali. Il mancato consenso non implica nessuna conseguenza sulla possibilit\u00e0 di consultazione del sito, se non la rinuncia alla ricezione di materiale informativo, pubblicitario e promozionale.<br \/>\n<strong><br \/>\nIncaricati al trattamento. <\/strong><br \/>\nIl trattamento dei dati avverr\u00e0, da parte di personale incaricato e istruito da Prof. Marco Pignatti Medico Chirurgo con procedure, strumenti tecnici e informatici idonei a tutelare la riservatezza e la sicurezza dei Suoi dati e consiste nella loro raccolta, registrazione, organizzazione, conservazione, consultazione, elaborazione, modificazione, selezione, estrazione, raffronto, utilizzo, interconnessione, blocco, comunicazione, cancellazione, distruzione degli stessi comprese la combinazione di due o pi\u00f9 delle attivit\u00e0 suddette. <\/p>\n<p><strong>Comunicazione, diffusione e durata. <\/strong><br \/>\nI dati personali saranno oggetto di comunicazione ai soggetti autorizzati da Prof. Marco Pignatti per poter rispondere alle richieste informative, ovvero potranno essere comunicati agli Enti ed Istituti per l\u2019espletamento degli obblighi di legge o all\u2019autorit\u00e0 giudiziale, ove vi fosse richiesta. I predetti soggetti hanno accesso solo ai dati personali strettamente necessari per svolgere i propri compiti. La Societ\u00e0 sottolinea il divieto di utilizzo da parte degli stessi per scopi diversi nonch\u00e9 l\u2019obbligo di trattamento in conformit\u00e0 alla presente Privacy Policy e la normativa vigente.<br \/>\nNell\u2019ambito della sua attivit\u00e0 e per le sue finalit\u00e0 sopra indicate il Prof. Marco Pignatti Medico Chirurgo potr\u00e0 avvalersi di servizi resi da soggetti terzi che operano per conto del Prof. Marco Pignatti Medico Chirurgo e secondo le sue istruzioni, quali responsabili del trattamento. L\u2019interessato potr\u00e0 richiedere un elenco completo e aggiornato dei soggetti nominati responsabili del trattamento rivolgendosi ad uno dei contatti sotto indicati.<br \/>\nLe informazioni e i dati personali dei visitatori\/utenti raccolti da questo sito, ivi inclusi i dati liberamente forniti al fine di ottenere l\u2019invio di materiale informativo o di altre comunicazioni compilando gli appositi curriculum presenti sul sito, saranno conservati al solo fine di fornire il servizio richiesto e per la durata necessaria al medesimo fine. La richiesta di consenso al trattamento dati verr\u00e0 rinnovata ogni due anni.<\/p>\n<p>I Suoi dati <strong>NON SARANNO DIFFUSI.<\/strong> <\/p>\n<p><strong>Dati particolari <\/strong><br \/>\nAttraverso il presente sito web, il Prof. Marco Pignatti Medico Chirurgo non raccoglie deliberatamente categorie particolari di dati, definiti nell\u2019art. 9 del Regolamento UE 679\/16 come quei dati che rivelino l&#8217;origine razziale o etnica, le opinioni politiche, le convinzioni religiose o filosofiche, o l&#8217;appartenenza sindacale, nonch\u00e9 dati genetici, dati biometrici intesi a identificare in modo univoco una persona fisica, dati relativi alla vita sessuale o all&#8217;orientamento sessuale della persona. <\/p>\n<p><strong>Diritti dell\u2019interessato <\/strong><br \/>\nL\u2019interessato pu\u00f2 esplicare i propri diritti di seguito elencati in qualunque momento scrivendo ai contatti forniti nella presente informativa.<br \/>\n<strong>Diritti dell\u2019interessato artt.15-22<\/strong> del Reg. Ue 2016\/679 <\/p>\n<p><strong>Art. 15 Diritto di accesso dell\u2019interessato: <\/strong><br \/>\nl\u2019interessato ha diritto di ottenere la conferma che sia o meno in corso un trattamento di dati personali che lo riguardano in tal caso, di ottenere l\u2019accesso ai dati personali e alle informazioni connesse (categorie di dati, finalit\u00e0, eventuali destinatari, il periodo o il criterio di conservazione\u2026) <\/p>\n<p><strong>Art. 16 Diritto di rettifica<\/strong>: l\u2019interessato ha il diritto di ottenere dal titolare del trattamento la rettifica dei dati personali inesatti che lo riguardano senza ingiustificato ritardo. Tenuto conto delle finalit\u00e0 del trattamento, l\u2019interessato ha il diritto di ottenere l\u2019integrazione dei dati personali incompleti, anche fornendo una dichiarazione integrativa. <\/p>\n<p><strong>Art. 17 Diritto alla cancellazione (<< diritto all\u2019oblio >>)<\/strong>: l\u2019interessato ha il diritto di ottenere dal titolare del trattamento la cancellazione dei dati personali che lo riguardano senza ingiustificato ritardo e il titolare del trattamento ha l\u2019obbligo di cancellare senza ingiustificato ritardo i dati personali, se sussiste uno dei motivi di cui all\u2019art. 17 par.1 lett. a,b,c,d,e,f, par.2, par. 3 lett. a,b,c,d,e.<\/p>\n<p><strong>Art.18. Diritto di limitazione di trattamento<\/strong>: L\u2019interessato ha il diritto di ottenere dal titolare del trattamento la limitazione del trattamento quando ricorre una delle ipotesi di cui all\u2019art.18 par. 1 lett. a,b,c,d, par. 2, par.3.  <\/p>\n<p><strong>Art. 19 Obbligo di notifica in caso di rettifica o cancellazione dei dati personali o limitazione del trattamento<\/strong>: Il titolare del trattamento comunica a ciascuno dei destinatari cui sono stati trasmessi i dati personali le eventuali rettifiche o cancellazioni o limitazioni del trattamento effettuate a norma dell\u2019art.16, dell\u2019art. 17, par.1, e dell\u2019art.18, salvo che ci\u00f2 si riveli impossibile o implichi uno sforzo sproporzionato. Il titolare del trattamento comunica all\u2019interessato tali destinatari qualora l\u2019interessato lo richieda.  <\/p>\n<p><strong>Art.20 Diritto alla portabilit\u00e0 dei dati<\/strong>: l\u2019interessato ha il diritto di ricevere in un formato strutturato, di uso comune e leggibile da dispositivo automatico i dati personali che lo riguardano forniti a un titolare del trattamento e ha il diritto di trasmettere tali dati a un altro titolare del trattamento senza impedimenti da parte del titolar del trattamento cui li ha forniti qualora si presentino i casi di cui all\u2019art.20 par.1 lett. a, b, par.2 ,3,4.<\/p>\n<p><strong>Art.21 Diritto di opposizione<\/strong>. L\u2019interessato ha il diritto di opporsi in qualsiasi momento, per motivi connessi alla sua situazione particolare, al trattamento dei dati personali che lo riguardano ai sensi dell\u2019articolo 6, par. 1, lett. e o f, compresa la profilazione sulla base di tali disposizioni. Qualora i dati personali siano trattati per finalit\u00e0 di marketing diretto, l\u2019interessato ha il diritto di opporsi in qualsiasi momento al trattamento dei dati personali che lo riguardano effettuato per tali finalit\u00e0, compresa la profilazione nella misura in cui sia connessa a tale marketing diretto. Qualora l\u2019interessato si opponga al trattamento per finalit\u00e0 di marketing diretto, i dati personali non sono pi\u00f9 oggetto di trattamento per tali finalit\u00e0. <\/p>\n<p>Avr\u00e0 facolt\u00e0 in qualsiasi momento, di esercitare i diritti previsti dalla normativa vigente inviando specifica richiesta all\u2019ufficio privacy, domiciliato in Piazzale Aristide Stefani, 1 &#8211; 37126 Verona VR<br \/>\n<strong>Telefono: <\/strong><a href=\"tel:0452455677\"><strong><i class=\"fa fa-phone\"><\/i> 045 24556 77<\/strong><\/a> &#8211; <strong>Email:<\/strong> <a href=\"mailto:info@marcopignatti.it\"><strong><i class=\"fa fa-envelope-o\"><\/i> info@marcopignatti.it<\/strong><\/a><\/p>\n<p><a href=\"https:\/\/marcopignatti.it\/cookie-policy\/\" rel=\"noopener noreferrer\" target=\"_blank\"><strong>Leggi anche: COOKIE POLICY<\/strong><\/a><\/p>\n<p> <\/p>","protected":false},"excerpt":{"rendered":"<p>PRIVACY POLICY Ai sensi della normativa vigente e di quanto previsto dall\u2019art. 13 del Regolamento UE 2016\/679 del Parlamento europeo e del Consiglio, del 27 aprile 2016, relativo alla protezione &#8230;<\/p>\n","protected":false},"author":1,"featured_media":0,"parent":0,"menu_order":0,"comment_status":"closed","ping_status":"closed","template":"","meta":{"ngg_post_thumbnail":0,"footnotes":""},"yoast_head":"<!-- This site is optimized with the Yoast SEO plugin v23.8 - https:\/\/yoast.com\/wordpress\/plugins\/seo\/ -->\n<title>Privacy Policy - Prof. Marco Pignatti<\/title>\n<meta name=\"robots\" content=\"index, follow, max-snippet:-1, max-image-preview:large, max-video-preview:-1\" \/>\n<link rel=\"canonical\" href=\"https:\/\/marcopignatti.it\/privacy-policy\/\" \/>\n<meta property=\"og:locale\" content=\"it_IT\" \/>\n<meta property=\"og:type\" content=\"article\" \/>\n<meta property=\"og:title\" content=\"Privacy Policy - Prof. Marco Pignatti\" \/>\n<meta property=\"og:description\" content=\"PRIVACY POLICY Ai sensi della normativa vigente e di quanto previsto dall\u2019art. 13 del Regolamento UE 2016\/679 del Parlamento europeo e del Consiglio, del 27 aprile 2016, relativo alla protezione ...\" \/>\n<meta property=\"og:url\" content=\"https:\/\/marcopignatti.it\/privacy-policy\/\" \/>\n<meta property=\"og:site_name\" content=\"Prof. Marco Pignatti\" \/>\n<meta property=\"article:publisher\" content=\"https:\/\/www.facebook.com\/marcopignattichirurgoplastico\/\" \/>\n<meta property=\"article:modified_time\" content=\"2025-05-28T09:37:08+00:00\" \/>\n<meta property=\"og:image\" content=\"https:\/\/marcopignatti.it\/wp-content\/uploads\/2017\/11\/IMG-20171112-WA0017-MP-Nuova-1.jpg\" \/>\n\t<meta property=\"og:image:width\" content=\"1500\" \/>\n\t<meta property=\"og:image:height\" content=\"1156\" \/>\n\t<meta property=\"og:image:type\" content=\"image\/jpeg\" \/>\n<meta name=\"twitter:label1\" content=\"Tempo di lettura stimato\" \/>\n\t<meta name=\"twitter:data1\" content=\"13 minuti\" \/>\n<script type=\"application\/ld+json\" class=\"yoast-schema-graph\">{\"@context\":\"https:\/\/schema.org\",\"@graph\":[{\"@type\":\"WebPage\",\"@id\":\"https:\/\/marcopignatti.it\/privacy-policy\/\",\"url\":\"https:\/\/marcopignatti.it\/privacy-policy\/\",\"name\":\"Privacy Policy - Prof. Marco Pignatti\",\"isPartOf\":{\"@id\":\"https:\/\/marcopignatti.it\/#website\"},\"datePublished\":\"2018-05-18T04:07:12+00:00\",\"dateModified\":\"2025-05-28T09:37:08+00:00\",\"breadcrumb\":{\"@id\":\"https:\/\/marcopignatti.it\/privacy-policy\/#breadcrumb\"},\"inLanguage\":\"it-IT\",\"potentialAction\":[{\"@type\":\"ReadAction\",\"target\":[\"https:\/\/marcopignatti.it\/privacy-policy\/\"]}]},{\"@type\":\"BreadcrumbList\",\"@id\":\"https:\/\/marcopignatti.it\/privacy-policy\/#breadcrumb\",\"itemListElement\":[{\"@type\":\"ListItem\",\"position\":1,\"name\":\"Home\",\"item\":\"https:\/\/marcopignatti.it\/\"},{\"@type\":\"ListItem\",\"position\":2,\"name\":\"Privacy Policy\"}]},{\"@type\":\"WebSite\",\"@id\":\"https:\/\/marcopignatti.it\/#website\",\"url\":\"https:\/\/marcopignatti.it\/\",\"name\":\"Prof. Marco Pignatti\",\"description\":\"Specialista in Chirurgia Plastica, Ricostruttiva ed Estetica\",\"publisher\":{\"@id\":\"https:\/\/marcopignatti.it\/#\/schema\/person\/5b86799c189c43f1edc156108f90d4eb\"},\"potentialAction\":[{\"@type\":\"SearchAction\",\"target\":{\"@type\":\"EntryPoint\",\"urlTemplate\":\"https:\/\/marcopignatti.it\/?s={search_term_string}\"},\"query-input\":{\"@type\":\"PropertyValueSpecification\",\"valueRequired\":true,\"valueName\":\"search_term_string\"}}],\"inLanguage\":\"it-IT\"},{\"@type\":[\"Person\",\"Organization\"],\"@id\":\"https:\/\/marcopignatti.it\/#\/schema\/person\/5b86799c189c43f1edc156108f90d4eb\",\"name\":\"Prof. Pignatti Marco Verona, Bologna, Modena\",\"logo\":{\"@id\":\"https:\/\/marcopignatti.it\/#\/schema\/person\/image\/\"},\"description\":\"Il Prof. Marco Pignatti \u00e8 un professionista affermato per la chirurgia plastica, medicina estetica e chirurgia estetica. Si dedica alla chirurgia ricostruttiva (per traumi, tumori, difetti congeniti) e alla chirurgia estetica e medicina estetica (per miglioramenti dell'aspetto del viso, del seno e del corpo); garantisce professionalit\u00e0 e risultati naturali in base ai desideri di ciascun paziente.\",\"sameAs\":[\"https:\/\/marcopignatti.it\/\",\"https:\/\/www.facebook.com\/marcopignattichirurgoplastico\/\"]}]}<\/script>\n<!-- \/ Yoast SEO plugin. -->","yoast_head_json":{"title":"Privacy Policy - Prof. Marco Pignatti","robots":{"index":"index","follow":"follow","max-snippet":"max-snippet:-1","max-image-preview":"max-image-preview:large","max-video-preview":"max-video-preview:-1"},"canonical":"https:\/\/marcopignatti.it\/privacy-policy\/","og_locale":"it_IT","og_type":"article","og_title":"Privacy Policy - Prof. Marco Pignatti","og_description":"PRIVACY POLICY Ai sensi della normativa vigente e di quanto previsto dall\u2019art. 13 del Regolamento UE 2016\/679 del Parlamento europeo e del Consiglio, del 27 aprile 2016, relativo alla protezione ...","og_url":"https:\/\/marcopignatti.it\/privacy-policy\/","og_site_name":"Prof. Marco Pignatti","article_publisher":"https:\/\/www.facebook.com\/marcopignattichirurgoplastico\/","article_modified_time":"2025-05-28T09:37:08+00:00","og_image":[{"width":1500,"height":1156,"url":"https:\/\/marcopignatti.it\/wp-content\/uploads\/2017\/11\/IMG-20171112-WA0017-MP-Nuova-1.jpg","type":"image\/jpeg"}],"twitter_misc":{"Tempo di lettura stimato":"13 minuti"},"schema":{"@context":"https:\/\/schema.org","@graph":[{"@type":"WebPage","@id":"https:\/\/marcopignatti.it\/privacy-policy\/","url":"https:\/\/marcopignatti.it\/privacy-policy\/","name":"Privacy Policy - Prof. Marco Pignatti","isPartOf":{"@id":"https:\/\/marcopignatti.it\/#website"},"datePublished":"2018-05-18T04:07:12+00:00","dateModified":"2025-05-28T09:37:08+00:00","breadcrumb":{"@id":"https:\/\/marcopignatti.it\/privacy-policy\/#breadcrumb"},"inLanguage":"it-IT","potentialAction":[{"@type":"ReadAction","target":["https:\/\/marcopignatti.it\/privacy-policy\/"]}]},{"@type":"BreadcrumbList","@id":"https:\/\/marcopignatti.it\/privacy-policy\/#breadcrumb","itemListElement":[{"@type":"ListItem","position":1,"name":"Home","item":"https:\/\/marcopignatti.it\/"},{"@type":"ListItem","position":2,"name":"Privacy Policy"}]},{"@type":"WebSite","@id":"https:\/\/marcopignatti.it\/#website","url":"https:\/\/marcopignatti.it\/","name":"Prof. Marco Pignatti","description":"Specialista in Chirurgia Plastica, Ricostruttiva ed Estetica","publisher":{"@id":"https:\/\/marcopignatti.it\/#\/schema\/person\/5b86799c189c43f1edc156108f90d4eb"},"potentialAction":[{"@type":"SearchAction","target":{"@type":"EntryPoint","urlTemplate":"https:\/\/marcopignatti.it\/?s={search_term_string}"},"query-input":{"@type":"PropertyValueSpecification","valueRequired":true,"valueName":"search_term_string"}}],"inLanguage":"it-IT"},{"@type":["Person","Organization"],"@id":"https:\/\/marcopignatti.it\/#\/schema\/person\/5b86799c189c43f1edc156108f90d4eb","name":"Prof. Pignatti Marco Verona, Bologna, Modena","logo":{"@id":"https:\/\/marcopignatti.it\/#\/schema\/person\/image\/"},"description":"Il Prof. Marco Pignatti \u00e8 un professionista affermato per la chirurgia plastica, medicina estetica e chirurgia estetica. Si dedica alla chirurgia ricostruttiva (per traumi, tumori, difetti congeniti) e alla chirurgia estetica e medicina estetica (per miglioramenti dell'aspetto del viso, del seno e del corpo); garantisce professionalit\u00e0 e risultati naturali in base ai desideri di ciascun paziente.","sameAs":["https:\/\/marcopignatti.it\/","https:\/\/www.facebook.com\/marcopignattichirurgoplastico\/"]}]}},"_links":{"self":[{"href":"https:\/\/marcopignatti.it\/it\/wp-json\/wp\/v2\/pages\/8525"}],"collection":[{"href":"https:\/\/marcopignatti.it\/it\/wp-json\/wp\/v2\/pages"}],"about":[{"href":"https:\/\/marcopignatti.it\/it\/wp-json\/wp\/v2\/types\/page"}],"author":[{"embeddable":true,"href":"https:\/\/marcopignatti.it\/it\/wp-json\/wp\/v2\/users\/1"}],"replies":[{"embeddable":true,"href":"https:\/\/marcopignatti.it\/it\/wp-json\/wp\/v2\/comments?post=8525"}],"version-history":[{"count":23,"href":"https:\/\/marcopignatti.it\/it\/wp-json\/wp\/v2\/pages\/8525\/revisions"}],"predecessor-version":[{"id":12183,"href":"https:\/\/marcopignatti.it\/it\/wp-json\/wp\/v2\/pages\/8525\/revisions\/12183"}],"wp:attachment":[{"href":"https:\/\/marcopignatti.it\/it\/wp-json\/wp\/v2\/media?parent=8525"}],"curies":[{"name":"wp","href":"https:\/\/api.w.org\/{rel}","templated":true}]}}