{"id":845,"date":"2014-12-10T23:05:19","date_gmt":"2014-12-10T23:05:19","guid":{"rendered":"http:\/\/marcopignatti.it\/?page_id=845"},"modified":"2018-02-15T10:32:38","modified_gmt":"2018-02-15T10:32:38","slug":"addominoplastica","status":"publish","type":"page","link":"https:\/\/marcopignatti.it\/it\/addominoplastica\/","title":{"rendered":"Addominoplastica"},"content":{"rendered":"<p>La <strong>Addominoplastica<\/strong> \u00e8 un intervento chirurgico che elimina l\u2019eccesso di pelle e di tessuto adiposo dell\u2019addome al di sotto dell\u2019ombelico. La pelle che stava al di sopra dell\u2019ombelico viene riunita alla pelle al di sopra del pube e l\u2019ombelico viene riposizionato nel punto dove sta normalmente. Le cicatrici residue sarannno una nella parte bassa dell\u2019addome (da una spina iliaca all\u2019altra), che viene bene nascosta da slip o costume, e una attorno all\u2019ombelico (solitamente poco visibile).<\/p>\n<p>Durante l\u2019intervento di addominoplastica si pu\u00f2 anche eseguire la correzione della <em>diastasi dei muscoli retti<\/em> (avvicinando tra loro i muscoli della parete addominale qualora siano separati il destro dal sinistro) o la correzione di <em>ernie<\/em> addominali-ombelicali. Qualora sia necessario si potr\u00e0 in aggiunta eseguire una liposuzione dei fianchi.<\/p>\n<p>L\u2019intervento chirurgico dura dalle 2 alle 3 ore, necessita di due drenaggi che vengono rimossi nei primi giorni dopo l\u2019intervento. La degenza media \u00e8 di 2 notti.<\/p>\n<p>Per i primi 3-4 giorni dopo l\u2019intervento e\u2019 consigliato riposo, per poi iniziare una graduale ripresa delle normali attivit\u00e0 quotidiane fino alla norma in circa 3-4 settimane.<br \/>\n<img loading=\"lazy\" decoding=\"async\" src=\"http:\/\/marcopignatti.it\/wp-content\/uploads\/2017\/07\/lipo1_marcopignatti-ris50-1920-1024x213.jpg\" alt=\"\" width=\"800\" height=\"166\" class=\"aligncenter size-large wp-image-5462\" srcset=\"https:\/\/marcopignatti.it\/wp-content\/uploads\/2017\/07\/lipo1_marcopignatti-ris50-1920-1024x213.jpg 1024w, https:\/\/marcopignatti.it\/wp-content\/uploads\/2017\/07\/lipo1_marcopignatti-ris50-1920-300x63.jpg 300w, https:\/\/marcopignatti.it\/wp-content\/uploads\/2017\/07\/lipo1_marcopignatti-ris50-1920-600x125.jpg 600w, https:\/\/marcopignatti.it\/wp-content\/uploads\/2017\/07\/lipo1_marcopignatti-ris50-1920-768x160.jpg 768w, https:\/\/marcopignatti.it\/wp-content\/uploads\/2017\/07\/lipo1_marcopignatti-ris50-1920.jpg 1920w\" sizes=\"(max-width: 800px) 100vw, 800px\" \/><br \/>\n<strong>Mini-addominoplastica<\/strong><br \/>\nAlcune variazioni tecniche possono essere utili rispetto alla addominoplastica classica in casi particolari.<br \/>\nUna addominoplastica che pu\u00f2 essere eseguita quando l\u2019eccesso adiposo e cutaneo sia minore \u00e8 la cosiddetta \u201c<strong>mini-addominoplastica<\/strong>\u201d.<\/p>\n<p>Questa consiste in una incisione sovrapubica simile a quella della addominoplastica ma prevede uno scollamento minore e non richiede il riposizonamento dell\u2019ombelico (quindi senza cicatrice ombelicale).<br \/>\nI tempi operatori sono ridotti ad 1-2 ore e a seconda dei casi. L\u2019intervento pu\u00f2 essere eseguito in anestesia locale (con sedazione) in regime ambulatoriale o con una sola notte di degenza. Un drenaggio \u00e8 sufficiente. Il recupero ed il ritorno alle normali attivit\u00e0 pu\u00f2 avvenire in 2-3 settimane.<\/p>\n<p><img loading=\"lazy\" decoding=\"async\" src=\"http:\/\/marcopignatti.it\/wp-content\/uploads\/2017\/10\/lipo2_marcopignatti-ris50-resize-scale.jpg\" alt=\"\" width=\"940\" height=\"380\" class=\"aligncenter size-full wp-image-6043\" srcset=\"https:\/\/marcopignatti.it\/wp-content\/uploads\/2017\/10\/lipo2_marcopignatti-ris50-resize-scale.jpg 940w, https:\/\/marcopignatti.it\/wp-content\/uploads\/2017\/10\/lipo2_marcopignatti-ris50-resize-scale-300x121.jpg 300w, https:\/\/marcopignatti.it\/wp-content\/uploads\/2017\/10\/lipo2_marcopignatti-ris50-resize-scale-600x243.jpg 600w, https:\/\/marcopignatti.it\/wp-content\/uploads\/2017\/10\/lipo2_marcopignatti-ris50-resize-scale-768x310.jpg 768w\" sizes=\"(max-width: 940px) 100vw, 940px\" \/><\/p>\n<p> <\/p>","protected":false},"excerpt":{"rendered":"<p>La addominoplastica \u00e8 un intervento chirurgico che elimina l\u2019eccesso di pelle e di tessuto adiposo dell\u2019addome al di sotto dell\u2019ombelico.<\/p>\n","protected":false},"author":1,"featured_media":0,"parent":0,"menu_order":0,"comment_status":"closed","ping_status":"closed","template":"","meta":{"ngg_post_thumbnail":0,"footnotes":""},"yoast_head":"<!-- This site is optimized with the Yoast SEO plugin v23.8 - https:\/\/yoast.com\/wordpress\/plugins\/seo\/ -->\n<title>Addominoplastica<\/title>\n<meta name=\"description\" content=\"La addominoplastica \u00e8 un intervento chirurgico che elimina l\u2019eccesso di pelle e di tessuto adiposo dell\u2019addome al di sotto dell\u2019ombelico.\" \/>\n<meta name=\"robots\" content=\"index, follow, max-snippet:-1, max-image-preview:large, max-video-preview:-1\" \/>\n<link rel=\"canonical\" href=\"https:\/\/marcopignatti.it\/it\/addominoplastica\/\" \/>\n<meta property=\"og:locale\" content=\"it_IT\" \/>\n<meta property=\"og:type\" content=\"article\" \/>\n<meta property=\"og:title\" content=\"Addominoplastica\" \/>\n<meta property=\"og:description\" content=\"La addominoplastica \u00e8 un intervento chirurgico che elimina l\u2019eccesso di pelle e di tessuto adiposo dell\u2019addome al di sotto dell\u2019ombelico.\" \/>\n<meta property=\"og:url\" content=\"https:\/\/marcopignatti.it\/it\/addominoplastica\/\" \/>\n<meta property=\"og:site_name\" content=\"Prof. Marco Pignatti\" \/>\n<meta property=\"article:publisher\" content=\"https:\/\/www.facebook.com\/marcopignattichirurgoplastico\/\" \/>\n<meta property=\"article:modified_time\" content=\"2018-02-15T10:32:38+00:00\" \/>\n<meta property=\"og:image\" content=\"http:\/\/marcopignatti.it\/wp-content\/uploads\/2017\/07\/lipo1_marcopignatti-ris50-1920-1024x213.jpg\" \/>\n<meta name=\"twitter:label1\" content=\"Tempo di lettura stimato\" \/>\n\t<meta name=\"twitter:data1\" content=\"3 minuti\" \/>\n<script type=\"application\/ld+json\" class=\"yoast-schema-graph\">{\"@context\":\"https:\/\/schema.org\",\"@graph\":[{\"@type\":\"WebPage\",\"@id\":\"https:\/\/marcopignatti.it\/it\/addominoplastica\/\",\"url\":\"https:\/\/marcopignatti.it\/it\/addominoplastica\/\",\"name\":\"Addominoplastica\",\"isPartOf\":{\"@id\":\"https:\/\/marcopignatti.it\/#website\"},\"primaryImageOfPage\":{\"@id\":\"https:\/\/marcopignatti.it\/it\/addominoplastica\/#primaryimage\"},\"image\":{\"@id\":\"https:\/\/marcopignatti.it\/it\/addominoplastica\/#primaryimage\"},\"thumbnailUrl\":\"http:\/\/marcopignatti.it\/wp-content\/uploads\/2017\/07\/lipo1_marcopignatti-ris50-1920-1024x213.jpg\",\"datePublished\":\"2014-12-10T23:05:19+00:00\",\"dateModified\":\"2018-02-15T10:32:38+00:00\",\"description\":\"La addominoplastica \u00e8 un intervento chirurgico che elimina l\u2019eccesso di pelle e di tessuto adiposo dell\u2019addome al di sotto dell\u2019ombelico.\",\"breadcrumb\":{\"@id\":\"https:\/\/marcopignatti.it\/it\/addominoplastica\/#breadcrumb\"},\"inLanguage\":\"it-IT\",\"potentialAction\":[{\"@type\":\"ReadAction\",\"target\":[\"https:\/\/marcopignatti.it\/it\/addominoplastica\/\"]}]},{\"@type\":\"ImageObject\",\"inLanguage\":\"it-IT\",\"@id\":\"https:\/\/marcopignatti.it\/it\/addominoplastica\/#primaryimage\",\"url\":\"http:\/\/marcopignatti.it\/wp-content\/uploads\/2017\/07\/lipo1_marcopignatti-ris50-1920-1024x213.jpg\",\"contentUrl\":\"http:\/\/marcopignatti.it\/wp-content\/uploads\/2017\/07\/lipo1_marcopignatti-ris50-1920-1024x213.jpg\"},{\"@type\":\"BreadcrumbList\",\"@id\":\"https:\/\/marcopignatti.it\/it\/addominoplastica\/#breadcrumb\",\"itemListElement\":[{\"@type\":\"ListItem\",\"position\":1,\"name\":\"Home\",\"item\":\"https:\/\/marcopignatti.it\/\"},{\"@type\":\"ListItem\",\"position\":2,\"name\":\"Addominoplastica\"}]},{\"@type\":\"WebSite\",\"@id\":\"https:\/\/marcopignatti.it\/#website\",\"url\":\"https:\/\/marcopignatti.it\/\",\"name\":\"Prof. Marco Pignatti\",\"description\":\"Specialista in Chirurgia Plastica, Ricostruttiva ed Estetica\",\"publisher\":{\"@id\":\"https:\/\/marcopignatti.it\/#\/schema\/person\/5b86799c189c43f1edc156108f90d4eb\"},\"potentialAction\":[{\"@type\":\"SearchAction\",\"target\":{\"@type\":\"EntryPoint\",\"urlTemplate\":\"https:\/\/marcopignatti.it\/?s={search_term_string}\"},\"query-input\":{\"@type\":\"PropertyValueSpecification\",\"valueRequired\":true,\"valueName\":\"search_term_string\"}}],\"inLanguage\":\"it-IT\"},{\"@type\":[\"Person\",\"Organization\"],\"@id\":\"https:\/\/marcopignatti.it\/#\/schema\/person\/5b86799c189c43f1edc156108f90d4eb\",\"name\":\"Prof. Pignatti Marco Verona, Bologna, Modena\",\"logo\":{\"@id\":\"https:\/\/marcopignatti.it\/#\/schema\/person\/image\/\"},\"description\":\"Il Prof. Marco Pignatti \u00e8 un professionista affermato per la chirurgia plastica, medicina estetica e chirurgia estetica. Si dedica alla chirurgia ricostruttiva (per traumi, tumori, difetti congeniti) e alla chirurgia estetica e medicina estetica (per miglioramenti dell'aspetto del viso, del seno e del corpo); garantisce professionalit\u00e0 e risultati naturali in base ai desideri di ciascun paziente.\",\"sameAs\":[\"https:\/\/marcopignatti.it\/\",\"https:\/\/www.facebook.com\/marcopignattichirurgoplastico\/\"]}]}<\/script>\n<!-- \/ Yoast SEO plugin. -->","yoast_head_json":{"title":"Addominoplastica","description":"La addominoplastica \u00e8 un intervento chirurgico che elimina l\u2019eccesso di pelle e di tessuto adiposo dell\u2019addome al di sotto dell\u2019ombelico.","robots":{"index":"index","follow":"follow","max-snippet":"max-snippet:-1","max-image-preview":"max-image-preview:large","max-video-preview":"max-video-preview:-1"},"canonical":"https:\/\/marcopignatti.it\/it\/addominoplastica\/","og_locale":"it_IT","og_type":"article","og_title":"Addominoplastica","og_description":"La addominoplastica \u00e8 un intervento chirurgico che elimina l\u2019eccesso di pelle e di tessuto adiposo dell\u2019addome al di sotto dell\u2019ombelico.","og_url":"https:\/\/marcopignatti.it\/it\/addominoplastica\/","og_site_name":"Prof. Marco Pignatti","article_publisher":"https:\/\/www.facebook.com\/marcopignattichirurgoplastico\/","article_modified_time":"2018-02-15T10:32:38+00:00","og_image":[{"url":"http:\/\/marcopignatti.it\/wp-content\/uploads\/2017\/07\/lipo1_marcopignatti-ris50-1920-1024x213.jpg"}],"twitter_misc":{"Tempo di lettura stimato":"3 minuti"},"schema":{"@context":"https:\/\/schema.org","@graph":[{"@type":"WebPage","@id":"https:\/\/marcopignatti.it\/it\/addominoplastica\/","url":"https:\/\/marcopignatti.it\/it\/addominoplastica\/","name":"Addominoplastica","isPartOf":{"@id":"https:\/\/marcopignatti.it\/#website"},"primaryImageOfPage":{"@id":"https:\/\/marcopignatti.it\/it\/addominoplastica\/#primaryimage"},"image":{"@id":"https:\/\/marcopignatti.it\/it\/addominoplastica\/#primaryimage"},"thumbnailUrl":"http:\/\/marcopignatti.it\/wp-content\/uploads\/2017\/07\/lipo1_marcopignatti-ris50-1920-1024x213.jpg","datePublished":"2014-12-10T23:05:19+00:00","dateModified":"2018-02-15T10:32:38+00:00","description":"La addominoplastica \u00e8 un intervento chirurgico che elimina l\u2019eccesso di pelle e di tessuto adiposo dell\u2019addome al di sotto dell\u2019ombelico.","breadcrumb":{"@id":"https:\/\/marcopignatti.it\/it\/addominoplastica\/#breadcrumb"},"inLanguage":"it-IT","potentialAction":[{"@type":"ReadAction","target":["https:\/\/marcopignatti.it\/it\/addominoplastica\/"]}]},{"@type":"ImageObject","inLanguage":"it-IT","@id":"https:\/\/marcopignatti.it\/it\/addominoplastica\/#primaryimage","url":"http:\/\/marcopignatti.it\/wp-content\/uploads\/2017\/07\/lipo1_marcopignatti-ris50-1920-1024x213.jpg","contentUrl":"http:\/\/marcopignatti.it\/wp-content\/uploads\/2017\/07\/lipo1_marcopignatti-ris50-1920-1024x213.jpg"},{"@type":"BreadcrumbList","@id":"https:\/\/marcopignatti.it\/it\/addominoplastica\/#breadcrumb","itemListElement":[{"@type":"ListItem","position":1,"name":"Home","item":"https:\/\/marcopignatti.it\/"},{"@type":"ListItem","position":2,"name":"Addominoplastica"}]},{"@type":"WebSite","@id":"https:\/\/marcopignatti.it\/#website","url":"https:\/\/marcopignatti.it\/","name":"Prof. Marco Pignatti","description":"Specialista in Chirurgia Plastica, Ricostruttiva ed Estetica","publisher":{"@id":"https:\/\/marcopignatti.it\/#\/schema\/person\/5b86799c189c43f1edc156108f90d4eb"},"potentialAction":[{"@type":"SearchAction","target":{"@type":"EntryPoint","urlTemplate":"https:\/\/marcopignatti.it\/?s={search_term_string}"},"query-input":{"@type":"PropertyValueSpecification","valueRequired":true,"valueName":"search_term_string"}}],"inLanguage":"it-IT"},{"@type":["Person","Organization"],"@id":"https:\/\/marcopignatti.it\/#\/schema\/person\/5b86799c189c43f1edc156108f90d4eb","name":"Prof. Pignatti Marco Verona, Bologna, Modena","logo":{"@id":"https:\/\/marcopignatti.it\/#\/schema\/person\/image\/"},"description":"Il Prof. Marco Pignatti \u00e8 un professionista affermato per la chirurgia plastica, medicina estetica e chirurgia estetica. Si dedica alla chirurgia ricostruttiva (per traumi, tumori, difetti congeniti) e alla chirurgia estetica e medicina estetica (per miglioramenti dell'aspetto del viso, del seno e del corpo); garantisce professionalit\u00e0 e risultati naturali in base ai desideri di ciascun paziente.","sameAs":["https:\/\/marcopignatti.it\/","https:\/\/www.facebook.com\/marcopignattichirurgoplastico\/"]}]}},"_links":{"self":[{"href":"https:\/\/marcopignatti.it\/it\/wp-json\/wp\/v2\/pages\/845"}],"collection":[{"href":"https:\/\/marcopignatti.it\/it\/wp-json\/wp\/v2\/pages"}],"about":[{"href":"https:\/\/marcopignatti.it\/it\/wp-json\/wp\/v2\/types\/page"}],"author":[{"embeddable":true,"href":"https:\/\/marcopignatti.it\/it\/wp-json\/wp\/v2\/users\/1"}],"replies":[{"embeddable":true,"href":"https:\/\/marcopignatti.it\/it\/wp-json\/wp\/v2\/comments?post=845"}],"version-history":[{"count":34,"href":"https:\/\/marcopignatti.it\/it\/wp-json\/wp\/v2\/pages\/845\/revisions"}],"predecessor-version":[{"id":7878,"href":"https:\/\/marcopignatti.it\/it\/wp-json\/wp\/v2\/pages\/845\/revisions\/7878"}],"wp:attachment":[{"href":"https:\/\/marcopignatti.it\/it\/wp-json\/wp\/v2\/media?parent=845"}],"curies":[{"name":"wp","href":"https:\/\/api.w.org\/{rel}","templated":true}]}}