{"id":6192,"date":"2017-10-14T09:37:55","date_gmt":"2017-10-14T09:37:55","guid":{"rendered":"http:\/\/marcopignatti.it\/?page_id=6192"},"modified":"2024-01-21T15:29:03","modified_gmt":"2024-01-21T15:29:03","slug":"chirurgia-della-bellezza","status":"publish","type":"page","link":"https:\/\/marcopignatti.it\/it\/chirurgia-della-bellezza\/","title":{"rendered":"Chirurgia della bellezza"},"content":{"rendered":"<p>Come chirurgo plastico con solide basi di Chirurgia Ricostruttiva \u00e8 stato naturale  approfondire l&#8217;interesse per la Chirurgia Estetica e dedicarmici con passione. Questa disciplina \u00e8 una branca della Chirurgia Plastica e richiede cura del dettaglio e visione della bellezza ideale.<br \/>\nCi\u00f2 che desidero \u00e8 sempre capire esattamente i desideri di chi viene in visita cos\u00ec da proporre il trattamento pi\u00f9 adatto.<br \/>\nIn generale preferisco proporre trattamenti ed interventi che diano un risultato naturale, usando le tecniche pi\u00f9 moderne<\/p>\n<p><img loading=\"lazy\" decoding=\"async\" src=\"http:\/\/marcopignatti.it\/wp-content\/uploads\/2017\/11\/Screen-Shot-2017-11-16-at-16.25.29-1033-center-1024x683.png\" alt=\"\" width=\"800\" height=\"534\" class=\"aligncenter size-large wp-image-6768\" srcset=\"https:\/\/marcopignatti.it\/wp-content\/uploads\/2017\/11\/Screen-Shot-2017-11-16-at-16.25.29-1033-center-1024x683.png 1024w, https:\/\/marcopignatti.it\/wp-content\/uploads\/2017\/11\/Screen-Shot-2017-11-16-at-16.25.29-1033-center-300x200.png 300w, https:\/\/marcopignatti.it\/wp-content\/uploads\/2017\/11\/Screen-Shot-2017-11-16-at-16.25.29-1033-center-600x400.png 600w, https:\/\/marcopignatti.it\/wp-content\/uploads\/2017\/11\/Screen-Shot-2017-11-16-at-16.25.29-1033-center-768x512.png 768w, https:\/\/marcopignatti.it\/wp-content\/uploads\/2017\/11\/Screen-Shot-2017-11-16-at-16.25.29-1033-center.png 1033w\" sizes=\"(max-width: 800px) 100vw, 800px\" \/><br \/>\n<\/p>","protected":false},"excerpt":{"rendered":"<p>Come chirurgo plastico con solide basi di Chirurgia Ricostruttiva \u00e8 stato naturale  approfondire l&#8217;interesse per la Chirurgia Estetica e dedicarmici con passione. Questa disciplina \u00e8 una branca della Chirurgia Plastica e richiede cura del dettaglio e visione della bellezza ideale.<\/p>\n","protected":false},"author":1,"featured_media":11602,"parent":0,"menu_order":0,"comment_status":"closed","ping_status":"closed","template":"template-portfolios.php","meta":{"ngg_post_thumbnail":0,"footnotes":""},"yoast_head":"<!-- This site is optimized with the Yoast SEO plugin v23.8 - https:\/\/yoast.com\/wordpress\/plugins\/seo\/ -->\n<title>Chirurgia della bellezza - Prof. Marco Pignatti<\/title>\n<meta name=\"description\" content=\"Come chirurgo plastico con solide basi di Chirurgia Ricostruttiva \u00e8 stato naturale approfondire l&#039;interesse per la Chirurgia Estetica e dedicarmici con passione.\" \/>\n<meta name=\"robots\" content=\"index, follow, max-snippet:-1, max-image-preview:large, max-video-preview:-1\" \/>\n<link rel=\"canonical\" href=\"https:\/\/marcopignatti.it\/chirurgia-della-bellezza\/\" \/>\n<meta property=\"og:locale\" content=\"it_IT\" \/>\n<meta property=\"og:type\" content=\"article\" \/>\n<meta property=\"og:title\" content=\"[:it]Chirurgia della bellezza[:] - Prof. Marco Pignatti\" \/>\n<meta property=\"og:description\" content=\"Come chirurgo plastico con solide basi di Chirurgia Ricostruttiva \u00e8 stato naturale approfondire l&#039;interesse per la Chirurgia Estetica e dedicarmici con passione.\" \/>\n<meta property=\"og:url\" content=\"https:\/\/marcopignatti.it\/chirurgia-della-bellezza\/\" \/>\n<meta property=\"og:site_name\" content=\"Prof. Marco Pignatti\" \/>\n<meta property=\"article:publisher\" content=\"https:\/\/www.facebook.com\/marcopignattichirurgoplastico\/\" \/>\n<meta property=\"article:modified_time\" content=\"2024-01-21T15:29:03+00:00\" \/>\n<meta property=\"og:image\" content=\"https:\/\/marcopignatti.it\/wp-content\/uploads\/2024\/01\/marco_pignatti_2_4_2024-2-scaled-e1705829763505.jpg\" \/>\n\t<meta property=\"og:image:width\" content=\"2304\" \/>\n\t<meta property=\"og:image:height\" content=\"2304\" \/>\n\t<meta property=\"og:image:type\" content=\"image\/jpeg\" \/>\n<meta name=\"twitter:label1\" content=\"Tempo di lettura stimato\" \/>\n\t<meta name=\"twitter:data1\" content=\"1 minuto\" \/>\n<script type=\"application\/ld+json\" class=\"yoast-schema-graph\">{\"@context\":\"https:\/\/schema.org\",\"@graph\":[{\"@type\":\"WebPage\",\"@id\":\"https:\/\/marcopignatti.it\/chirurgia-della-bellezza\/\",\"url\":\"https:\/\/marcopignatti.it\/chirurgia-della-bellezza\/\",\"name\":\"[:it]Chirurgia della bellezza[:] - Prof. Marco Pignatti\",\"isPartOf\":{\"@id\":\"https:\/\/marcopignatti.it\/#website\"},\"primaryImageOfPage\":{\"@id\":\"https:\/\/marcopignatti.it\/chirurgia-della-bellezza\/#primaryimage\"},\"image\":{\"@id\":\"https:\/\/marcopignatti.it\/chirurgia-della-bellezza\/#primaryimage\"},\"thumbnailUrl\":\"https:\/\/marcopignatti.it\/wp-content\/uploads\/2024\/01\/marco_pignatti_2_4_2024-2-scaled-e1705829763505.jpg\",\"datePublished\":\"2017-10-14T09:37:55+00:00\",\"dateModified\":\"2024-01-21T15:29:03+00:00\",\"description\":\"Come chirurgo plastico con solide basi di Chirurgia Ricostruttiva \u00e8 stato naturale approfondire l'interesse per la Chirurgia Estetica e dedicarmici con passione.\",\"breadcrumb\":{\"@id\":\"https:\/\/marcopignatti.it\/chirurgia-della-bellezza\/#breadcrumb\"},\"inLanguage\":\"it-IT\",\"potentialAction\":[{\"@type\":\"ReadAction\",\"target\":[\"https:\/\/marcopignatti.it\/chirurgia-della-bellezza\/\"]}]},{\"@type\":\"ImageObject\",\"inLanguage\":\"it-IT\",\"@id\":\"https:\/\/marcopignatti.it\/chirurgia-della-bellezza\/#primaryimage\",\"url\":\"https:\/\/marcopignatti.it\/wp-content\/uploads\/2024\/01\/marco_pignatti_2_4_2024-2-scaled-e1705829763505.jpg\",\"contentUrl\":\"https:\/\/marcopignatti.it\/wp-content\/uploads\/2024\/01\/marco_pignatti_2_4_2024-2-scaled-e1705829763505.jpg\",\"width\":2304,\"height\":2304},{\"@type\":\"BreadcrumbList\",\"@id\":\"https:\/\/marcopignatti.it\/chirurgia-della-bellezza\/#breadcrumb\",\"itemListElement\":[{\"@type\":\"ListItem\",\"position\":1,\"name\":\"Home\",\"item\":\"https:\/\/marcopignatti.it\/\"},{\"@type\":\"ListItem\",\"position\":2,\"name\":\"Chirurgia della bellezza\"}]},{\"@type\":\"WebSite\",\"@id\":\"https:\/\/marcopignatti.it\/#website\",\"url\":\"https:\/\/marcopignatti.it\/\",\"name\":\"Prof. Marco Pignatti\",\"description\":\"Specialista in Chirurgia Plastica, Ricostruttiva ed Estetica\",\"publisher\":{\"@id\":\"https:\/\/marcopignatti.it\/#\/schema\/person\/5b86799c189c43f1edc156108f90d4eb\"},\"potentialAction\":[{\"@type\":\"SearchAction\",\"target\":{\"@type\":\"EntryPoint\",\"urlTemplate\":\"https:\/\/marcopignatti.it\/?s={search_term_string}\"},\"query-input\":{\"@type\":\"PropertyValueSpecification\",\"valueRequired\":true,\"valueName\":\"search_term_string\"}}],\"inLanguage\":\"it-IT\"},{\"@type\":[\"Person\",\"Organization\"],\"@id\":\"https:\/\/marcopignatti.it\/#\/schema\/person\/5b86799c189c43f1edc156108f90d4eb\",\"name\":\"Prof. Pignatti Marco Verona, Bologna, Modena\",\"logo\":{\"@id\":\"https:\/\/marcopignatti.it\/#\/schema\/person\/image\/\"},\"description\":\"Il Prof. Marco Pignatti \u00e8 un professionista affermato per la chirurgia plastica, medicina estetica e chirurgia estetica. Si dedica alla chirurgia ricostruttiva (per traumi, tumori, difetti congeniti) e alla chirurgia estetica e medicina estetica (per miglioramenti dell'aspetto del viso, del seno e del corpo); garantisce professionalit\u00e0 e risultati naturali in base ai desideri di ciascun paziente.\",\"sameAs\":[\"https:\/\/marcopignatti.it\/\",\"https:\/\/www.facebook.com\/marcopignattichirurgoplastico\/\"]}]}<\/script>\n<!-- \/ Yoast SEO plugin. -->","yoast_head_json":{"title":"[:it]Chirurgia della bellezza[:] - Prof. Marco Pignatti","description":"Come chirurgo plastico con solide basi di Chirurgia Ricostruttiva \u00e8 stato naturale approfondire l'interesse per la Chirurgia Estetica e dedicarmici con passione.","robots":{"index":"index","follow":"follow","max-snippet":"max-snippet:-1","max-image-preview":"max-image-preview:large","max-video-preview":"max-video-preview:-1"},"canonical":"https:\/\/marcopignatti.it\/chirurgia-della-bellezza\/","og_locale":"it_IT","og_type":"article","og_title":"[:it]Chirurgia della bellezza[:] - Prof. Marco Pignatti","og_description":"Come chirurgo plastico con solide basi di Chirurgia Ricostruttiva \u00e8 stato naturale approfondire l'interesse per la Chirurgia Estetica e dedicarmici con passione.","og_url":"https:\/\/marcopignatti.it\/chirurgia-della-bellezza\/","og_site_name":"Prof. Marco Pignatti","article_publisher":"https:\/\/www.facebook.com\/marcopignattichirurgoplastico\/","article_modified_time":"2024-01-21T15:29:03+00:00","og_image":[{"width":2304,"height":2304,"url":"https:\/\/marcopignatti.it\/wp-content\/uploads\/2024\/01\/marco_pignatti_2_4_2024-2-scaled-e1705829763505.jpg","type":"image\/jpeg"}],"twitter_misc":{"Tempo di lettura stimato":"1 minuto"},"schema":{"@context":"https:\/\/schema.org","@graph":[{"@type":"WebPage","@id":"https:\/\/marcopignatti.it\/chirurgia-della-bellezza\/","url":"https:\/\/marcopignatti.it\/chirurgia-della-bellezza\/","name":"[:it]Chirurgia della bellezza[:] - Prof. Marco Pignatti","isPartOf":{"@id":"https:\/\/marcopignatti.it\/#website"},"primaryImageOfPage":{"@id":"https:\/\/marcopignatti.it\/chirurgia-della-bellezza\/#primaryimage"},"image":{"@id":"https:\/\/marcopignatti.it\/chirurgia-della-bellezza\/#primaryimage"},"thumbnailUrl":"https:\/\/marcopignatti.it\/wp-content\/uploads\/2024\/01\/marco_pignatti_2_4_2024-2-scaled-e1705829763505.jpg","datePublished":"2017-10-14T09:37:55+00:00","dateModified":"2024-01-21T15:29:03+00:00","description":"Come chirurgo plastico con solide basi di Chirurgia Ricostruttiva \u00e8 stato naturale approfondire l'interesse per la Chirurgia Estetica e dedicarmici con passione.","breadcrumb":{"@id":"https:\/\/marcopignatti.it\/chirurgia-della-bellezza\/#breadcrumb"},"inLanguage":"it-IT","potentialAction":[{"@type":"ReadAction","target":["https:\/\/marcopignatti.it\/chirurgia-della-bellezza\/"]}]},{"@type":"ImageObject","inLanguage":"it-IT","@id":"https:\/\/marcopignatti.it\/chirurgia-della-bellezza\/#primaryimage","url":"https:\/\/marcopignatti.it\/wp-content\/uploads\/2024\/01\/marco_pignatti_2_4_2024-2-scaled-e1705829763505.jpg","contentUrl":"https:\/\/marcopignatti.it\/wp-content\/uploads\/2024\/01\/marco_pignatti_2_4_2024-2-scaled-e1705829763505.jpg","width":2304,"height":2304},{"@type":"BreadcrumbList","@id":"https:\/\/marcopignatti.it\/chirurgia-della-bellezza\/#breadcrumb","itemListElement":[{"@type":"ListItem","position":1,"name":"Home","item":"https:\/\/marcopignatti.it\/"},{"@type":"ListItem","position":2,"name":"Chirurgia della bellezza"}]},{"@type":"WebSite","@id":"https:\/\/marcopignatti.it\/#website","url":"https:\/\/marcopignatti.it\/","name":"Prof. Marco Pignatti","description":"Specialista in Chirurgia Plastica, Ricostruttiva ed Estetica","publisher":{"@id":"https:\/\/marcopignatti.it\/#\/schema\/person\/5b86799c189c43f1edc156108f90d4eb"},"potentialAction":[{"@type":"SearchAction","target":{"@type":"EntryPoint","urlTemplate":"https:\/\/marcopignatti.it\/?s={search_term_string}"},"query-input":{"@type":"PropertyValueSpecification","valueRequired":true,"valueName":"search_term_string"}}],"inLanguage":"it-IT"},{"@type":["Person","Organization"],"@id":"https:\/\/marcopignatti.it\/#\/schema\/person\/5b86799c189c43f1edc156108f90d4eb","name":"Prof. Pignatti Marco Verona, Bologna, Modena","logo":{"@id":"https:\/\/marcopignatti.it\/#\/schema\/person\/image\/"},"description":"Il Prof. Marco Pignatti \u00e8 un professionista affermato per la chirurgia plastica, medicina estetica e chirurgia estetica. Si dedica alla chirurgia ricostruttiva (per traumi, tumori, difetti congeniti) e alla chirurgia estetica e medicina estetica (per miglioramenti dell'aspetto del viso, del seno e del corpo); garantisce professionalit\u00e0 e risultati naturali in base ai desideri di ciascun paziente.","sameAs":["https:\/\/marcopignatti.it\/","https:\/\/www.facebook.com\/marcopignattichirurgoplastico\/"]}]}},"_links":{"self":[{"href":"https:\/\/marcopignatti.it\/it\/wp-json\/wp\/v2\/pages\/6192"}],"collection":[{"href":"https:\/\/marcopignatti.it\/it\/wp-json\/wp\/v2\/pages"}],"about":[{"href":"https:\/\/marcopignatti.it\/it\/wp-json\/wp\/v2\/types\/page"}],"author":[{"embeddable":true,"href":"https:\/\/marcopignatti.it\/it\/wp-json\/wp\/v2\/users\/1"}],"replies":[{"embeddable":true,"href":"https:\/\/marcopignatti.it\/it\/wp-json\/wp\/v2\/comments?post=6192"}],"version-history":[{"count":9,"href":"https:\/\/marcopignatti.it\/it\/wp-json\/wp\/v2\/pages\/6192\/revisions"}],"predecessor-version":[{"id":8447,"href":"https:\/\/marcopignatti.it\/it\/wp-json\/wp\/v2\/pages\/6192\/revisions\/8447"}],"wp:featuredmedia":[{"embeddable":true,"href":"https:\/\/marcopignatti.it\/it\/wp-json\/wp\/v2\/media\/11602"}],"wp:attachment":[{"href":"https:\/\/marcopignatti.it\/it\/wp-json\/wp\/v2\/media?parent=6192"}],"curies":[{"name":"wp","href":"https:\/\/api.w.org\/{rel}","templated":true}]}}