{"id":2749,"date":"2025-07-18T14:46:48","date_gmt":"2025-07-18T14:46:48","guid":{"rendered":"http:\/\/marcopignatti.it\/?page_id=2749"},"modified":"2025-07-18T15:38:24","modified_gmt":"2025-07-18T15:38:24","slug":"chirurgia-estetica-e-chirurgia-plastica","status":"publish","type":"page","link":"https:\/\/marcopignatti.it\/it\/","title":{"rendered":"Chirurgia Estetica e Chirurgia Plastica"},"content":{"rendered":"<p>Marco Pignatti Chirurgo Plastico Specialista in Chirurgia Plastica Ricostruttiva ed Estetica<br \/>\n<a href=\"https:\/\/chirurgiaintimaestetica.it\/\" rel=\"noopener noreferrer\" target=\"_blank\">Chirurgia Intima<\/a><br \/>\n<a href=\"http:\/\/marcopignatti.it\">Dott. Marco Pignatti Chirurgo Plastico, Ricostruttivo ed Estetico<\/a><\/p>\n<p><strong>Da Dicembre 2018 &#8211; Medico Chirurgo al <a href=\"https:\/\/www.google.com\/maps\/search\/Policlinico+di+Sant'Orsola+Bologna,+via+Albertoni+15\/@44.4907385,11.3572063,15z\/data=!3m1!4b1\" rel=\"noopener noreferrer\" target=\"_blank\">Policlinico di Sant&#8217;Orsola Bologna<\/a> e Ricercatore <a href=\"https:\/\/www.unibo.it\/it\" rel=\"noopener noreferrer\" target=\"_blank\">presso Alma Mater Studiorum Universit\u00e0 di Bologna<\/a><\/strong><\/p>\n<p><a href=\"http:\/\/marcopignatti.it\/wp-content\/uploads\/2018\/12\/RIF%202891%20Approv_atti.pdf\" rel=\"noopener noreferrer\" target=\"_blank\"><\/p>\n<blockquote><p><strong>ALMA MATER STUDIORUM, UNIVERSITA&#8217; DI BOLOGNA, 30\/10\/2018<br \/>\nAPPROVAZIONE ATTI DELLA PROCEDURA DI VALUTAZIONE COMPARATIVA AVVIATA CON BANDO DI SELEZIONE PUBBLICA D.D. 2891 DEL 31\/05\/2018 PER IL RECLUTAMENTO DI 1 POSTO DA\tRICERCATORE A TEMPO DETERMINATO AI SENSI DELL&#8217;ART. 24 COMMA 3 LETTERA B) (SENIOR) <\/p>\n<li>PER IL SETTORE CONCORSUALE 06\/E2 CHIRURGIA PLASTICA-RICOSTRUTTIVA, CHIRURGIA PEDIATRICA E UROLOGIA,<\/li>\n<li>PER IL SETTORE DISCIPLINARE MED\/19 CHIRURGIA PLASTICA<\/li>\n<p>Leggi tutto &#8230;<br \/>\n<\/strong><\/p><\/blockquote>\n<p> <\/a><\/p>\n<p>Dal 2010 Dirigente Medico presso la Chirurgia Plastica e Ricostruttiva della Azienda Ospedaliero-Universitaria Policlinico di Modena.<br \/>\nSpecialista in Chirurgia Plastica, Chirurgia Ricostruttiva e Chirurgia Estetica.<br \/>\nIl Dott. Marco Pignatti si \u00e8 laureato e specializzato presso l&#8217;Universit\u00e0 degli studi di Verona. \u00c8 un professionista affermato.<br \/>\nSi dedica alla chirurgia ricostruttiva (per traumi, tumori, difetti congeniti) e alla chirurgia estetica e medicina estetica (per miglioramenti dell&#8217;aspetto del viso, del seno e del corpo).<br \/>\n<img loading=\"lazy\" decoding=\"async\" src=\"http:\/\/marcopignatti.it\/wp-content\/uploads\/2018\/04\/FRE_2469_marco_pignatti-1024-1024x617.jpg\" alt=\"Dott. Marco Pignatti - Specialista in Chirurgia Plastica, Ricostruttiva ed Estetica\" width=\"800\" height=\"482\" class=\"aligncenter size-large wp-image-8456\" srcset=\"https:\/\/marcopignatti.it\/wp-content\/uploads\/2018\/04\/FRE_2469_marco_pignatti-1024.jpg 1024w, https:\/\/marcopignatti.it\/wp-content\/uploads\/2018\/04\/FRE_2469_marco_pignatti-1024-300x181.jpg 300w, https:\/\/marcopignatti.it\/wp-content\/uploads\/2018\/04\/FRE_2469_marco_pignatti-1024-768x463.jpg 768w, https:\/\/marcopignatti.it\/wp-content\/uploads\/2018\/04\/FRE_2469_marco_pignatti-1024-600x362.jpg 600w\" sizes=\"(max-width: 800px) 100vw, 800px\" \/><br \/>\nngg_shortcode_0_placeholder<\/p>\n<p><img loading=\"lazy\" decoding=\"async\" src=\"http:\/\/marcopignatti.it\/wp-content\/uploads\/2017\/11\/FRE_2930-video-watermarket-160.jpg\" alt=\"marco pignatti chirurgo plastico\" width=\"160\" height=\"30\" class=\"aligncenter size-full wp-image-6994\" \/><br \/>\n<img loading=\"lazy\" decoding=\"async\" src=\"http:\/\/marcopignatti.it\/wp-content\/uploads\/2015\/09\/marcopignatti-header-APR2015-Garamond-OpenSans-OK-scale.png\" alt=\"logo\" width=\"250\" height=\"46\" class=\"aligncenter size-full wp-image-3370\" \/><\/p>","protected":false},"excerpt":{"rendered":"<p>Marco Pignatti Chirurgo Plastico. Medico Chirurgo. Specialista in Chirurgia Plastica Ricostruttiva ed Estetica Da dicembre 2018 presso Chirurgia Plastica Policlinico di Sant&#8217;Orsola, Bologna &#8211; Alma Mater Studiorum Universit\u00e0 di Bologna<\/p>\n","protected":false},"author":1,"featured_media":12034,"parent":0,"menu_order":0,"comment_status":"open","ping_status":"open","template":"template-frontpage.php","meta":{"ngg_post_thumbnail":0,"footnotes":""},"yoast_head":"<!-- This site is optimized with the Yoast SEO plugin v23.8 - https:\/\/yoast.com\/wordpress\/plugins\/seo\/ -->\n<title>Marco Pignatti Chirurgo Plastico e Chirurgo Estetico<\/title>\n<meta name=\"description\" content=\"Marco Pignatti Chirurgo Plastico. Medico Chirurgo. Specialista in Chirurgia Plastica Ricostruttiva ed Estetica Da dicembre 2018 presso Chirurgia Plastica Policlinico di Sant&#039;Orsola, Bologna - Alma Mater Studiorum, Universit\u00e0 di Bologna\" \/>\n<meta name=\"robots\" content=\"index, follow, max-snippet:-1, max-image-preview:large, max-video-preview:-1\" \/>\n<link rel=\"canonical\" href=\"https:\/\/marcopignatti.it\/\" \/>\n<meta property=\"og:locale\" content=\"it_IT\" \/>\n<meta property=\"og:type\" content=\"article\" \/>\n<meta property=\"og:title\" content=\"Marco Pignatti Chirurgo Plastico e Chirurgo Estetico\" \/>\n<meta property=\"og:description\" content=\"Marco Pignatti Chirurgo Plastico. Medico Chirurgo. Specialista in Chirurgia Plastica Ricostruttiva ed Estetica Da dicembre 2018 presso Chirurgia Plastica Policlinico di Sant&#039;Orsola, Bologna - Alma Mater Studiorum, Universit\u00e0 di Bologna\" \/>\n<meta property=\"og:url\" content=\"https:\/\/marcopignatti.it\/\" \/>\n<meta property=\"og:site_name\" content=\"Prof. Marco Pignatti\" \/>\n<meta property=\"article:publisher\" content=\"https:\/\/www.facebook.com\/marcopignattichirurgoplastico\/\" \/>\n<meta property=\"article:modified_time\" content=\"2025-07-18T15:38:24+00:00\" \/>\n<meta property=\"og:image\" content=\"https:\/\/marcopignatti.it\/wp-content\/uploads\/2025\/05\/marco_pignatti_professore_chirurgo_plastico_verona.png\" \/>\n\t<meta property=\"og:image:width\" content=\"1437\" \/>\n\t<meta property=\"og:image:height\" content=\"792\" \/>\n\t<meta property=\"og:image:type\" content=\"image\/png\" \/>\n<meta name=\"twitter:label1\" content=\"Tempo di lettura stimato\" \/>\n\t<meta name=\"twitter:data1\" content=\"3 minuti\" \/>\n<script type=\"application\/ld+json\" class=\"yoast-schema-graph\">{\"@context\":\"https:\/\/schema.org\",\"@graph\":[{\"@type\":\"WebPage\",\"@id\":\"https:\/\/marcopignatti.it\/\",\"url\":\"https:\/\/marcopignatti.it\/\",\"name\":\"Marco Pignatti Chirurgo Plastico e Chirurgo Estetico\",\"isPartOf\":{\"@id\":\"https:\/\/marcopignatti.it\/#website\"},\"primaryImageOfPage\":{\"@id\":\"https:\/\/marcopignatti.it\/#primaryimage\"},\"image\":{\"@id\":\"https:\/\/marcopignatti.it\/#primaryimage\"},\"thumbnailUrl\":\"https:\/\/marcopignatti.it\/wp-content\/uploads\/2025\/05\/marco_pignatti_professore_chirurgo_plastico_verona.png\",\"datePublished\":\"2025-07-18T14:46:48+00:00\",\"dateModified\":\"2025-07-18T15:38:24+00:00\",\"description\":\"Marco Pignatti Chirurgo Plastico. Medico Chirurgo. Specialista in Chirurgia Plastica Ricostruttiva ed Estetica Da dicembre 2018 presso Chirurgia Plastica Policlinico di Sant'Orsola, Bologna - Alma Mater Studiorum, Universit\u00e0 di Bologna\",\"breadcrumb\":{\"@id\":\"https:\/\/marcopignatti.it\/#breadcrumb\"},\"inLanguage\":\"it-IT\",\"potentialAction\":[{\"@type\":\"ReadAction\",\"target\":[\"https:\/\/marcopignatti.it\/\"]}]},{\"@type\":\"ImageObject\",\"inLanguage\":\"it-IT\",\"@id\":\"https:\/\/marcopignatti.it\/#primaryimage\",\"url\":\"https:\/\/marcopignatti.it\/wp-content\/uploads\/2025\/05\/marco_pignatti_professore_chirurgo_plastico_verona.png\",\"contentUrl\":\"https:\/\/marcopignatti.it\/wp-content\/uploads\/2025\/05\/marco_pignatti_professore_chirurgo_plastico_verona.png\",\"width\":1437,\"height\":792},{\"@type\":\"BreadcrumbList\",\"@id\":\"https:\/\/marcopignatti.it\/#breadcrumb\",\"itemListElement\":[{\"@type\":\"ListItem\",\"position\":1,\"name\":\"Home\",\"item\":\"https:\/\/marcopignatti.it\/\"},{\"@type\":\"ListItem\",\"position\":2,\"name\":\"Chirurgia Estetica e Chirurgia Plastica\"}]},{\"@type\":\"WebSite\",\"@id\":\"https:\/\/marcopignatti.it\/#website\",\"url\":\"https:\/\/marcopignatti.it\/\",\"name\":\"Prof. Marco Pignatti\",\"description\":\"Specialista in Chirurgia Plastica, Ricostruttiva ed Estetica\",\"publisher\":{\"@id\":\"https:\/\/marcopignatti.it\/#\/schema\/person\/5b86799c189c43f1edc156108f90d4eb\"},\"potentialAction\":[{\"@type\":\"SearchAction\",\"target\":{\"@type\":\"EntryPoint\",\"urlTemplate\":\"https:\/\/marcopignatti.it\/?s={search_term_string}\"},\"query-input\":{\"@type\":\"PropertyValueSpecification\",\"valueRequired\":true,\"valueName\":\"search_term_string\"}}],\"inLanguage\":\"it-IT\"},{\"@type\":[\"Person\",\"Organization\"],\"@id\":\"https:\/\/marcopignatti.it\/#\/schema\/person\/5b86799c189c43f1edc156108f90d4eb\",\"name\":\"Prof. Pignatti Marco Verona, Bologna, Modena\",\"logo\":{\"@id\":\"https:\/\/marcopignatti.it\/#\/schema\/person\/image\/\"},\"description\":\"Il Prof. Marco Pignatti \u00e8 un professionista affermato per la chirurgia plastica, medicina estetica e chirurgia estetica. Si dedica alla chirurgia ricostruttiva (per traumi, tumori, difetti congeniti) e alla chirurgia estetica e medicina estetica (per miglioramenti dell'aspetto del viso, del seno e del corpo); garantisce professionalit\u00e0 e risultati naturali in base ai desideri di ciascun paziente.\",\"sameAs\":[\"https:\/\/marcopignatti.it\/\",\"https:\/\/www.facebook.com\/marcopignattichirurgoplastico\/\"]}]}<\/script>\n<!-- \/ Yoast SEO plugin. -->","yoast_head_json":{"title":"Marco Pignatti Chirurgo Plastico e Chirurgo Estetico","description":"Marco Pignatti Chirurgo Plastico. Medico Chirurgo. Specialista in Chirurgia Plastica Ricostruttiva ed Estetica Da dicembre 2018 presso Chirurgia Plastica Policlinico di Sant'Orsola, Bologna - Alma Mater Studiorum, Universit\u00e0 di Bologna","robots":{"index":"index","follow":"follow","max-snippet":"max-snippet:-1","max-image-preview":"max-image-preview:large","max-video-preview":"max-video-preview:-1"},"canonical":"https:\/\/marcopignatti.it\/","og_locale":"it_IT","og_type":"article","og_title":"Marco Pignatti Chirurgo Plastico e Chirurgo Estetico","og_description":"Marco Pignatti Chirurgo Plastico. Medico Chirurgo. Specialista in Chirurgia Plastica Ricostruttiva ed Estetica Da dicembre 2018 presso Chirurgia Plastica Policlinico di Sant'Orsola, Bologna - Alma Mater Studiorum, Universit\u00e0 di Bologna","og_url":"https:\/\/marcopignatti.it\/","og_site_name":"Prof. Marco Pignatti","article_publisher":"https:\/\/www.facebook.com\/marcopignattichirurgoplastico\/","article_modified_time":"2025-07-18T15:38:24+00:00","og_image":[{"width":1437,"height":792,"url":"https:\/\/marcopignatti.it\/wp-content\/uploads\/2025\/05\/marco_pignatti_professore_chirurgo_plastico_verona.png","type":"image\/png"}],"twitter_misc":{"Tempo di lettura stimato":"3 minuti"},"schema":{"@context":"https:\/\/schema.org","@graph":[{"@type":"WebPage","@id":"https:\/\/marcopignatti.it\/","url":"https:\/\/marcopignatti.it\/","name":"Marco Pignatti Chirurgo Plastico e Chirurgo Estetico","isPartOf":{"@id":"https:\/\/marcopignatti.it\/#website"},"primaryImageOfPage":{"@id":"https:\/\/marcopignatti.it\/#primaryimage"},"image":{"@id":"https:\/\/marcopignatti.it\/#primaryimage"},"thumbnailUrl":"https:\/\/marcopignatti.it\/wp-content\/uploads\/2025\/05\/marco_pignatti_professore_chirurgo_plastico_verona.png","datePublished":"2025-07-18T14:46:48+00:00","dateModified":"2025-07-18T15:38:24+00:00","description":"Marco Pignatti Chirurgo Plastico. Medico Chirurgo. Specialista in Chirurgia Plastica Ricostruttiva ed Estetica Da dicembre 2018 presso Chirurgia Plastica Policlinico di Sant'Orsola, Bologna - Alma Mater Studiorum, Universit\u00e0 di Bologna","breadcrumb":{"@id":"https:\/\/marcopignatti.it\/#breadcrumb"},"inLanguage":"it-IT","potentialAction":[{"@type":"ReadAction","target":["https:\/\/marcopignatti.it\/"]}]},{"@type":"ImageObject","inLanguage":"it-IT","@id":"https:\/\/marcopignatti.it\/#primaryimage","url":"https:\/\/marcopignatti.it\/wp-content\/uploads\/2025\/05\/marco_pignatti_professore_chirurgo_plastico_verona.png","contentUrl":"https:\/\/marcopignatti.it\/wp-content\/uploads\/2025\/05\/marco_pignatti_professore_chirurgo_plastico_verona.png","width":1437,"height":792},{"@type":"BreadcrumbList","@id":"https:\/\/marcopignatti.it\/#breadcrumb","itemListElement":[{"@type":"ListItem","position":1,"name":"Home","item":"https:\/\/marcopignatti.it\/"},{"@type":"ListItem","position":2,"name":"Chirurgia Estetica e Chirurgia Plastica"}]},{"@type":"WebSite","@id":"https:\/\/marcopignatti.it\/#website","url":"https:\/\/marcopignatti.it\/","name":"Prof. Marco Pignatti","description":"Specialista in Chirurgia Plastica, Ricostruttiva ed Estetica","publisher":{"@id":"https:\/\/marcopignatti.it\/#\/schema\/person\/5b86799c189c43f1edc156108f90d4eb"},"potentialAction":[{"@type":"SearchAction","target":{"@type":"EntryPoint","urlTemplate":"https:\/\/marcopignatti.it\/?s={search_term_string}"},"query-input":{"@type":"PropertyValueSpecification","valueRequired":true,"valueName":"search_term_string"}}],"inLanguage":"it-IT"},{"@type":["Person","Organization"],"@id":"https:\/\/marcopignatti.it\/#\/schema\/person\/5b86799c189c43f1edc156108f90d4eb","name":"Prof. Pignatti Marco Verona, Bologna, Modena","logo":{"@id":"https:\/\/marcopignatti.it\/#\/schema\/person\/image\/"},"description":"Il Prof. Marco Pignatti \u00e8 un professionista affermato per la chirurgia plastica, medicina estetica e chirurgia estetica. Si dedica alla chirurgia ricostruttiva (per traumi, tumori, difetti congeniti) e alla chirurgia estetica e medicina estetica (per miglioramenti dell'aspetto del viso, del seno e del corpo); garantisce professionalit\u00e0 e risultati naturali in base ai desideri di ciascun paziente.","sameAs":["https:\/\/marcopignatti.it\/","https:\/\/www.facebook.com\/marcopignattichirurgoplastico\/"]}]}},"_links":{"self":[{"href":"https:\/\/marcopignatti.it\/it\/wp-json\/wp\/v2\/pages\/2749"}],"collection":[{"href":"https:\/\/marcopignatti.it\/it\/wp-json\/wp\/v2\/pages"}],"about":[{"href":"https:\/\/marcopignatti.it\/it\/wp-json\/wp\/v2\/types\/page"}],"author":[{"embeddable":true,"href":"https:\/\/marcopignatti.it\/it\/wp-json\/wp\/v2\/users\/1"}],"replies":[{"embeddable":true,"href":"https:\/\/marcopignatti.it\/it\/wp-json\/wp\/v2\/comments?post=2749"}],"version-history":[{"count":51,"href":"https:\/\/marcopignatti.it\/it\/wp-json\/wp\/v2\/pages\/2749\/revisions"}],"predecessor-version":[{"id":8497,"href":"https:\/\/marcopignatti.it\/it\/wp-json\/wp\/v2\/pages\/2749\/revisions\/8497"}],"wp:featuredmedia":[{"embeddable":true,"href":"https:\/\/marcopignatti.it\/it\/wp-json\/wp\/v2\/media\/12034"}],"wp:attachment":[{"href":"https:\/\/marcopignatti.it\/it\/wp-json\/wp\/v2\/media?parent=2749"}],"curies":[{"name":"wp","href":"https:\/\/api.w.org\/{rel}","templated":true}]}}