{"id":2055,"date":"2015-02-17T10:09:26","date_gmt":"2015-02-17T10:09:26","guid":{"rendered":"http:\/\/marcopignatti.brainstorm.it\/?page_id=2055"},"modified":"2025-05-29T09:50:00","modified_gmt":"2025-05-29T09:50:00","slug":"mastoplastica-additiva","status":"publish","type":"page","link":"https:\/\/marcopignatti.it\/it\/mastoplastica-additiva\/","title":{"rendered":"Mastoplastica additiva ( aumento del seno )"},"content":{"rendered":"<p>Seni vuoti o poco voluminosi possono essere riempiti o ingranditi con diversi metodi.<br \/>\nI pi\u00f9 comuni sono la mastoplastica additiva con protesi e l\u2019aumento di volume con il proprio grasso.<\/p>\n<div id='gallery-1' class='gallery galleryid-2055 gallery-columns-3 gallery-size-medium'><figure class='gallery-item'>\n\t\t\t<div class='gallery-icon landscape'>\n\t\t\t\t<a href='https:\/\/marcopignatti.it\/wp-content\/uploads\/2017\/11\/pixlr.jpg'><img loading=\"lazy\" decoding=\"async\" width=\"300\" height=\"300\" src=\"https:\/\/marcopignatti.it\/wp-content\/uploads\/2017\/11\/pixlr-300x300.jpg\" class=\"attachment-medium size-medium\" alt=\"\" aria-describedby=\"gallery-1-6929\" srcset=\"https:\/\/marcopignatti.it\/wp-content\/uploads\/2017\/11\/pixlr-300x300.jpg 300w, https:\/\/marcopignatti.it\/wp-content\/uploads\/2017\/11\/pixlr-150x150.jpg 150w, https:\/\/marcopignatti.it\/wp-content\/uploads\/2017\/11\/pixlr-768x768.jpg 768w, https:\/\/marcopignatti.it\/wp-content\/uploads\/2017\/11\/pixlr-600x600.jpg 600w, https:\/\/marcopignatti.it\/wp-content\/uploads\/2017\/11\/pixlr-100x100.jpg 100w, https:\/\/marcopignatti.it\/wp-content\/uploads\/2017\/11\/pixlr.jpg 1024w\" sizes=\"(max-width: 300px) 100vw, 300px\" \/><\/a>\n\t\t\t<\/div>\n\t\t\t\t<figcaption class='wp-caption-text gallery-caption' id='gallery-1-6929'>\n\t\t\t\tMastoplastica Additiva\n\t\t\t\t<\/figcaption><\/figure><figure class='gallery-item'>\n\t\t\t<div class='gallery-icon landscape'>\n\t\t\t\t<a href='https:\/\/marcopignatti.it\/wp-content\/uploads\/2017\/11\/pixlr_20171117183301343.jpg'><img loading=\"lazy\" decoding=\"async\" width=\"300\" height=\"300\" src=\"https:\/\/marcopignatti.it\/wp-content\/uploads\/2017\/11\/pixlr_20171117183301343-300x300.jpg\" class=\"attachment-medium size-medium\" alt=\"\" aria-describedby=\"gallery-1-6828\" srcset=\"https:\/\/marcopignatti.it\/wp-content\/uploads\/2017\/11\/pixlr_20171117183301343-300x300.jpg 300w, https:\/\/marcopignatti.it\/wp-content\/uploads\/2017\/11\/pixlr_20171117183301343-150x150.jpg 150w, https:\/\/marcopignatti.it\/wp-content\/uploads\/2017\/11\/pixlr_20171117183301343-768x768.jpg 768w, https:\/\/marcopignatti.it\/wp-content\/uploads\/2017\/11\/pixlr_20171117183301343-600x600.jpg 600w, https:\/\/marcopignatti.it\/wp-content\/uploads\/2017\/11\/pixlr_20171117183301343-100x100.jpg 100w, https:\/\/marcopignatti.it\/wp-content\/uploads\/2017\/11\/pixlr_20171117183301343.jpg 1024w\" sizes=\"(max-width: 300px) 100vw, 300px\" \/><\/a>\n\t\t\t<\/div>\n\t\t\t\t<figcaption class='wp-caption-text gallery-caption' id='gallery-1-6828'>\n\t\t\t\tMastoplastica Additiva Prima\n\t\t\t\t<\/figcaption><\/figure><figure class='gallery-item'>\n\t\t\t<div class='gallery-icon landscape'>\n\t\t\t\t<a href='https:\/\/marcopignatti.it\/wp-content\/uploads\/2017\/11\/pixlr_20171117191340486.jpg'><img loading=\"lazy\" decoding=\"async\" width=\"300\" height=\"300\" src=\"https:\/\/marcopignatti.it\/wp-content\/uploads\/2017\/11\/pixlr_20171117191340486-300x300.jpg\" class=\"attachment-medium size-medium\" alt=\"Mastoplastica Additiva Dopo\" aria-describedby=\"gallery-1-6827\" srcset=\"https:\/\/marcopignatti.it\/wp-content\/uploads\/2017\/11\/pixlr_20171117191340486-300x300.jpg 300w, https:\/\/marcopignatti.it\/wp-content\/uploads\/2017\/11\/pixlr_20171117191340486-150x150.jpg 150w, https:\/\/marcopignatti.it\/wp-content\/uploads\/2017\/11\/pixlr_20171117191340486-768x768.jpg 768w, https:\/\/marcopignatti.it\/wp-content\/uploads\/2017\/11\/pixlr_20171117191340486-600x600.jpg 600w, https:\/\/marcopignatti.it\/wp-content\/uploads\/2017\/11\/pixlr_20171117191340486-100x100.jpg 100w, https:\/\/marcopignatti.it\/wp-content\/uploads\/2017\/11\/pixlr_20171117191340486.jpg 1024w\" sizes=\"(max-width: 300px) 100vw, 300px\" \/><\/a>\n\t\t\t<\/div>\n\t\t\t\t<figcaption class='wp-caption-text gallery-caption' id='gallery-1-6827'>\n\t\t\t\tMastoplastica Additiva Dopo\n\t\t\t\t<\/figcaption><\/figure>\n\t\t<\/div>\n\n<div id='gallery-2' class='gallery galleryid-2055 gallery-columns-3 gallery-size-medium'><figure class='gallery-item'>\n\t\t\t<div class='gallery-icon portrait'>\n\t\t\t\t<a href='https:\/\/marcopignatti.it\/wp-content\/uploads\/2015\/03\/Additiva-post-marcopignatti-scale.jpg'><img loading=\"lazy\" decoding=\"async\" width=\"246\" height=\"300\" src=\"https:\/\/marcopignatti.it\/wp-content\/uploads\/2015\/03\/Additiva-post-marcopignatti-scale-246x300.jpg\" class=\"attachment-medium size-medium\" alt=\"\" srcset=\"https:\/\/marcopignatti.it\/wp-content\/uploads\/2015\/03\/Additiva-post-marcopignatti-scale-246x300.jpg 246w, https:\/\/marcopignatti.it\/wp-content\/uploads\/2015\/03\/Additiva-post-marcopignatti-scale-300x367.jpg 300w, https:\/\/marcopignatti.it\/wp-content\/uploads\/2015\/03\/Additiva-post-marcopignatti-scale.jpg 311w\" sizes=\"(max-width: 246px) 100vw, 246px\" \/><\/a>\n\t\t\t<\/div><\/figure><figure class='gallery-item'>\n\t\t\t<div class='gallery-icon landscape'>\n\t\t\t\t<a href='https:\/\/marcopignatti.it\/wp-content\/uploads\/2015\/04\/Additiva_marcopignatti.it-1.jpg'><img loading=\"lazy\" decoding=\"async\" width=\"300\" height=\"234\" src=\"https:\/\/marcopignatti.it\/wp-content\/uploads\/2015\/04\/Additiva_marcopignatti.it-1-300x234.jpg\" class=\"attachment-medium size-medium\" alt=\"Mastoplastica additiva\" aria-describedby=\"gallery-2-2935\" srcset=\"https:\/\/marcopignatti.it\/wp-content\/uploads\/2015\/04\/Additiva_marcopignatti.it-1-300x234.jpg 300w, https:\/\/marcopignatti.it\/wp-content\/uploads\/2015\/04\/Additiva_marcopignatti.it-1-768x599.jpg 768w, https:\/\/marcopignatti.it\/wp-content\/uploads\/2015\/04\/Additiva_marcopignatti.it-1.jpg 1024w, https:\/\/marcopignatti.it\/wp-content\/uploads\/2015\/04\/Additiva_marcopignatti.it-1-600x468.jpg 600w\" sizes=\"(max-width: 300px) 100vw, 300px\" \/><\/a>\n\t\t\t<\/div>\n\t\t\t\t<figcaption class='wp-caption-text gallery-caption' id='gallery-2-2935'>\n\t\t\t\tMastoplastica Additiva\n\t\t\t\t<\/figcaption><\/figure><figure class='gallery-item'>\n\t\t\t<div class='gallery-icon landscape'>\n\t\t\t\t<a href='https:\/\/marcopignatti.it\/wp-content\/uploads\/2015\/03\/Additiva-post-marcopignatti-crop.jpg'><img loading=\"lazy\" decoding=\"async\" width=\"300\" height=\"281\" src=\"https:\/\/marcopignatti.it\/wp-content\/uploads\/2015\/03\/Additiva-post-marcopignatti-crop-300x281.jpg\" class=\"attachment-medium size-medium\" alt=\"\" aria-describedby=\"gallery-2-2667\" srcset=\"https:\/\/marcopignatti.it\/wp-content\/uploads\/2015\/03\/Additiva-post-marcopignatti-crop-300x281.jpg 300w, https:\/\/marcopignatti.it\/wp-content\/uploads\/2015\/03\/Additiva-post-marcopignatti-crop-600x562.jpg 600w, https:\/\/marcopignatti.it\/wp-content\/uploads\/2015\/03\/Additiva-post-marcopignatti-crop.jpg 726w\" sizes=\"(max-width: 300px) 100vw, 300px\" \/><\/a>\n\t\t\t<\/div>\n\t\t\t\t<figcaption class='wp-caption-text gallery-caption' id='gallery-2-2667'>\n\t\t\t\tMAstoplastica Additiva\n\t\t\t\t<\/figcaption><\/figure>\n\t\t<\/div>\n\n<h2>MASTOPLASTICA additiva con protesi<\/h2>\n<p>Le protesi mammarie sono dispositivi medici che vengono posizionati al di sotto della ghiandola mammaria o al di sotto del muscolo grande pettorale e che migliorano la forma e aumentano il volume del seno.<\/p>\n<p><a href=\"https:\/\/marcopignatti.it\/wp-content\/uploads\/2017\/07\/2017-02-14_ADDITIVA_pre-post_marcopignatti_2-1680.jpg\"><img loading=\"lazy\" decoding=\"async\" src=\"https:\/\/marcopignatti.it\/wp-content\/uploads\/2017\/07\/2017-02-14_ADDITIVA_pre-post_marcopignatti_2-1680-1024x551.jpg\" alt=\"\" width=\"800\" height=\"430\" class=\"aligncenter size-large wp-image-5535\" srcset=\"https:\/\/marcopignatti.it\/wp-content\/uploads\/2017\/07\/2017-02-14_ADDITIVA_pre-post_marcopignatti_2-1680.jpg 1024w, https:\/\/marcopignatti.it\/wp-content\/uploads\/2017\/07\/2017-02-14_ADDITIVA_pre-post_marcopignatti_2-1680-300x161.jpg 300w, https:\/\/marcopignatti.it\/wp-content\/uploads\/2017\/07\/2017-02-14_ADDITIVA_pre-post_marcopignatti_2-1680-768x413.jpg 768w, https:\/\/marcopignatti.it\/wp-content\/uploads\/2017\/07\/2017-02-14_ADDITIVA_pre-post_marcopignatti_2-1680-600x323.jpg 600w\" sizes=\"(max-width: 800px) 100vw, 800px\" \/><\/a><br \/>\n<a href=\"http:\/\/marcopignatti.it\/wp-content\/uploads\/2017\/12\/2017-02-14_protesi_mammarie_marco_pignatti-1024.jpg\"><img loading=\"lazy\" decoding=\"async\" src=\"http:\/\/marcopignatti.it\/wp-content\/uploads\/2017\/12\/2017-02-14_protesi_mammarie_marco_pignatti-1024-1024x489.jpg\" alt=\"protesi mammarie\" width=\"800\" height=\"382\" class=\"aligncenter size-large wp-image-7294\" srcset=\"https:\/\/marcopignatti.it\/wp-content\/uploads\/2017\/12\/2017-02-14_protesi_mammarie_marco_pignatti-1024.jpg 1024w, https:\/\/marcopignatti.it\/wp-content\/uploads\/2017\/12\/2017-02-14_protesi_mammarie_marco_pignatti-1024-300x143.jpg 300w, https:\/\/marcopignatti.it\/wp-content\/uploads\/2017\/12\/2017-02-14_protesi_mammarie_marco_pignatti-1024-768x367.jpg 768w, https:\/\/marcopignatti.it\/wp-content\/uploads\/2017\/12\/2017-02-14_protesi_mammarie_marco_pignatti-1024-600x287.jpg 600w\" sizes=\"(max-width: 800px) 100vw, 800px\" \/><\/a><\/p>\n<p><strong>Le protesi mammarie<\/strong> moderne, pi\u00f9 diffuse e sicure, sono fatte di un involucro di silicone e contengono un gel di silicone. Vi sono protesi di diverse forme (rotonde e anatomiche sono le due principali famiglie) e volumi,  con diametri (quanto \u00e8 larga ed alta) e proiezioni (che determina quanto il seno sporger\u00e0 in fuori) diversi; contenuti di gel di silicone con consistenze diverse (pi\u00f9 o meno coesivi); involucri di silicone pi\u00f9 o meno ruvidi; rivestimenti di poliuretano attorno all\u2019involucro di silicone.<br \/>\nTutte le protesi hanno una durata limitata nel tempo che, mediamente, si considera attorno ai 10-15 anni. Pur utilizzando protesi di ottima qualit\u00e0 (pi\u00f9 sicure e resistenti) ci sar\u00e0 comunque bisogno di sostituirle a circa 10-15 anni.<br \/>\n<strong>Gli interventi<\/strong> che permettono di aumentare il volume del seno con le protesi variano in base alle caratteristiche e ai desideri della paziente.<br \/>\nLa incisione di accesso (e la conseguente cicatrice) pu\u00f2 essere posizionata al di sotto del seno (nel solco sottomammario) o attorno alla areola.<br \/>\nLe protesi possono essere posizionate al di sotto delle sole ghiandole mammarie (sopra al muscolo) o al di sotto del muscolo grande pettorale.<\/p>\n<p>Tutte le varianti di tipo, forma e dimensione di protesi, localizzazione delle cicatrici, piano di posizionamento hanno vantaggi e svantaggi che dovranno essere discussi nel dettaglio con la paziente, cercando di assecondare i suoi desideri arrivando cos\u00ec ad una scelta ottimale ed individualizzata allo scopo di ottenere un miglioramento estetico elegante e naturale.<\/p>\n<p><a href=\"http:\/\/marcopignatti.it\/wp-content\/uploads\/2017\/11\/pixlr.jpg\"><img loading=\"lazy\" decoding=\"async\" src=\"http:\/\/marcopignatti.it\/wp-content\/uploads\/2017\/11\/pixlr-300x300.jpg\" alt=\"\" width=\"300\" height=\"300\" class=\"aligncenter size-medium wp-image-6929\" srcset=\"https:\/\/marcopignatti.it\/wp-content\/uploads\/2017\/11\/pixlr-300x300.jpg 300w, https:\/\/marcopignatti.it\/wp-content\/uploads\/2017\/11\/pixlr-150x150.jpg 150w, https:\/\/marcopignatti.it\/wp-content\/uploads\/2017\/11\/pixlr-768x768.jpg 768w, https:\/\/marcopignatti.it\/wp-content\/uploads\/2017\/11\/pixlr-600x600.jpg 600w, https:\/\/marcopignatti.it\/wp-content\/uploads\/2017\/11\/pixlr-100x100.jpg 100w, https:\/\/marcopignatti.it\/wp-content\/uploads\/2017\/11\/pixlr.jpg 1024w\" sizes=\"(max-width: 300px) 100vw, 300px\" \/><\/a><\/p>\n<h2>Mastoplastica additiva con tessuto adiposo<\/h2>\n<p><strong>La lipostruttura o lipofilling (trapianto adiposo autologo)<\/strong> permette di aumentare il volume del seno di circa una taglia o di correggere difetti di forma.<br \/>\nQuesta tecnica prevede il prelievo di grasso con una sottile cannula da un\u2019area del paziente dove esso sia presente (fianchi, addome, ginocchio, glutei, cosce, ecc).<br \/>\nQuesto viene preparato (centrifugato o decantato) per eliminare i fluidi in eccesso (anestetico, acqua, sangue).<br \/>\nIl tessuto cos\u00ec ottenuto viene iniettato nella zona da trattare con una cannula di piccolo diametro.<br \/>\nLe cicatrici residue sono minime (pochi millimetri nella sede di prelievo e solo occasionalmente nella sede di iniezione).<br \/>\nIl tessuto adiposo trapiantato pu\u00f2 subire un parziale riassorbimento fisiologico nell\u2019area ricevente; per questo motivo le correzioni vengono di solito eseguite in lieve eccesso. In molti casi e\u2019 possibile e consigliato ripetere il trattamento per stabilizzare il risultato.<\/p>\n<p>La anestesia necessaria per questa procedura dipende dalla entit\u00e0 del difetto da correggere.<br \/>\nNella maggior parte dei casi \u00e8 sufficiente la anestesia locale nella zona di prelievo e nella zona da trattare con la aggiunta di una sedazione (solo in rari casi si ricorre alla anestesia generale).<\/p>\n<h2>Mastoplastica additiva composita<br \/> (protesi e tessuto adiposo)<\/h2>\n<p>Una delle tecniche pi\u00f9 recenti prevede di combinare la mastoplastica additiva con protesi alla iniezione di tessuto adiposo per migliorare il volume la consistenza e la naturalezza del risultato.<\/p>\n<p><a attid=\"3012\"  href=\"http:\/\/marcopignatti.it\/wp-content\/uploads\/2015\/04\/11109501_1570621169878510_1485828279024129189_n.jpg\"><img loading=\"lazy\" decoding=\"async\" src=\"http:\/\/marcopignatti.it\/wp-content\/uploads\/2015\/04\/11109501_1570621169878510_1485828279024129189_n-300x169.jpg\" alt=\"Chirurgo Marco Pignatti\" width=\"300\" height=\"169\" class=\"aligncenter size-medium wp-image-3012\" srcset=\"https:\/\/marcopignatti.it\/wp-content\/uploads\/2015\/04\/11109501_1570621169878510_1485828279024129189_n-300x169.jpg 300w, https:\/\/marcopignatti.it\/wp-content\/uploads\/2015\/04\/11109501_1570621169878510_1485828279024129189_n-600x338.jpg 600w, https:\/\/marcopignatti.it\/wp-content\/uploads\/2015\/04\/11109501_1570621169878510_1485828279024129189_n.jpg 960w\" sizes=\"(max-width: 300px) 100vw, 300px\" \/><\/a><\/p>\n<h2>MASTOPLASTICA additiva<\/h2>\n<p> per saperne di pi\u00f9 &#8230;<br \/>\n<div style=\"width: 640px;\" class=\"wp-video\"><!--[if lt IE 9]><script>document.createElement('video');<\/script><![endif]-->\n<video class=\"wp-video-shortcode\" id=\"video-2055-1\" width=\"640\" height=\"360\" preload=\"metadata\" controls=\"controls\"><source type=\"video\/vimeo\" src=\"https:\/\/player.vimeo.com\/video\/206264902?loop=0&#038;_=1\" \/><a href=\"https:\/\/player.vimeo.com\/video\/206264902?loop=0\">https:\/\/player.vimeo.com\/video\/206264902?loop=0<\/a><\/video><\/div><br \/>\n<\/p>","protected":false},"excerpt":{"rendered":"<p>Seni vuoti o poco voluminosi possono essere riempiti o ingranditi con diversi metodi. I pi\u00f9 comuni sono la mastoplastica additiva con protesi e l\u2019aumento di volume con il proprio grasso. &#8230;<\/p>\n","protected":false},"author":1,"featured_media":6929,"parent":0,"menu_order":0,"comment_status":"open","ping_status":"open","template":"","meta":{"ngg_post_thumbnail":0,"footnotes":""},"yoast_head":"<!-- This site is optimized with the Yoast SEO plugin v23.8 - https:\/\/yoast.com\/wordpress\/plugins\/seo\/ -->\n<title>Mastoplastica additiva ( aumento del seno ) | Dott. Marco Pignatti<\/title>\n<meta name=\"description\" content=\"{:it}Nella mastoplastica additiva il volume del seno viene aumentato con protesi di silicone o con la lipostruttura con tessuto adiposo.{:en}Il volume del seno viene aumentato con protesi di silicone o con la lipostruttura.{:}\" \/>\n<meta name=\"robots\" content=\"index, follow, max-snippet:-1, max-image-preview:large, max-video-preview:-1\" \/>\n<link rel=\"canonical\" href=\"https:\/\/marcopignatti.it\/mastoplastica-additiva\/\" \/>\n<meta property=\"og:locale\" content=\"it_IT\" \/>\n<meta property=\"og:type\" content=\"article\" \/>\n<meta property=\"og:title\" content=\"[:it]Mastoplastica additiva ( aumento del seno ) | Dott. Marco Pignatti[:en]Mastoplastica additiva (aumento del seno)[:]\" \/>\n<meta property=\"og:description\" content=\"{:it}Nella mastoplastica additiva il volume del seno viene aumentato con protesi di silicone o con la lipostruttura con tessuto adiposo.{:en}Il volume del seno viene aumentato con protesi di silicone o con la lipostruttura.{:}\" \/>\n<meta property=\"og:url\" content=\"https:\/\/marcopignatti.it\/mastoplastica-additiva\/\" \/>\n<meta property=\"og:site_name\" content=\"Prof. Marco Pignatti\" \/>\n<meta property=\"article:publisher\" content=\"https:\/\/www.facebook.com\/marcopignattichirurgoplastico\/\" \/>\n<meta property=\"article:modified_time\" content=\"2025-05-29T09:50:00+00:00\" \/>\n<meta property=\"og:image\" content=\"https:\/\/marcopignatti.it\/wp-content\/uploads\/2017\/11\/pixlr.jpg\" \/>\n\t<meta property=\"og:image:width\" content=\"1024\" \/>\n\t<meta property=\"og:image:height\" content=\"1024\" \/>\n\t<meta property=\"og:image:type\" content=\"image\/jpeg\" \/>\n<meta name=\"twitter:label1\" content=\"Tempo di lettura stimato\" \/>\n\t<meta name=\"twitter:data1\" content=\"5 minuti\" \/>\n<script type=\"application\/ld+json\" class=\"yoast-schema-graph\">{\"@context\":\"https:\/\/schema.org\",\"@graph\":[{\"@type\":\"WebPage\",\"@id\":\"https:\/\/marcopignatti.it\/mastoplastica-additiva\/\",\"url\":\"https:\/\/marcopignatti.it\/mastoplastica-additiva\/\",\"name\":\"[:it]Mastoplastica additiva ( aumento del seno ) | Dott. Marco Pignatti[:en]Mastoplastica additiva (aumento del seno)[:]\",\"isPartOf\":{\"@id\":\"https:\/\/marcopignatti.it\/#website\"},\"primaryImageOfPage\":{\"@id\":\"https:\/\/marcopignatti.it\/mastoplastica-additiva\/#primaryimage\"},\"image\":{\"@id\":\"https:\/\/marcopignatti.it\/mastoplastica-additiva\/#primaryimage\"},\"thumbnailUrl\":\"https:\/\/marcopignatti.it\/wp-content\/uploads\/2017\/11\/pixlr.jpg\",\"datePublished\":\"2015-02-17T10:09:26+00:00\",\"dateModified\":\"2025-05-29T09:50:00+00:00\",\"description\":\"{:it}Nella mastoplastica additiva il volume del seno viene aumentato con protesi di silicone o con la lipostruttura con tessuto adiposo.{:en}Il volume del seno viene aumentato con protesi di silicone o con la lipostruttura.{:}\",\"breadcrumb\":{\"@id\":\"https:\/\/marcopignatti.it\/mastoplastica-additiva\/#breadcrumb\"},\"inLanguage\":\"it-IT\",\"potentialAction\":[{\"@type\":\"ReadAction\",\"target\":[\"https:\/\/marcopignatti.it\/mastoplastica-additiva\/\"]}]},{\"@type\":\"ImageObject\",\"inLanguage\":\"it-IT\",\"@id\":\"https:\/\/marcopignatti.it\/mastoplastica-additiva\/#primaryimage\",\"url\":\"https:\/\/marcopignatti.it\/wp-content\/uploads\/2017\/11\/pixlr.jpg\",\"contentUrl\":\"https:\/\/marcopignatti.it\/wp-content\/uploads\/2017\/11\/pixlr.jpg\",\"width\":1024,\"height\":1024,\"caption\":\"Mastoplastica Additiva\"},{\"@type\":\"BreadcrumbList\",\"@id\":\"https:\/\/marcopignatti.it\/mastoplastica-additiva\/#breadcrumb\",\"itemListElement\":[{\"@type\":\"ListItem\",\"position\":1,\"name\":\"Home\",\"item\":\"https:\/\/marcopignatti.it\/\"},{\"@type\":\"ListItem\",\"position\":2,\"name\":\"Mastoplastica additiva ( aumento del seno )\"}]},{\"@type\":\"WebSite\",\"@id\":\"https:\/\/marcopignatti.it\/#website\",\"url\":\"https:\/\/marcopignatti.it\/\",\"name\":\"Prof. Marco Pignatti\",\"description\":\"Specialista in Chirurgia Plastica, Ricostruttiva ed Estetica\",\"publisher\":{\"@id\":\"https:\/\/marcopignatti.it\/#\/schema\/person\/5b86799c189c43f1edc156108f90d4eb\"},\"potentialAction\":[{\"@type\":\"SearchAction\",\"target\":{\"@type\":\"EntryPoint\",\"urlTemplate\":\"https:\/\/marcopignatti.it\/?s={search_term_string}\"},\"query-input\":{\"@type\":\"PropertyValueSpecification\",\"valueRequired\":true,\"valueName\":\"search_term_string\"}}],\"inLanguage\":\"it-IT\"},{\"@type\":[\"Person\",\"Organization\"],\"@id\":\"https:\/\/marcopignatti.it\/#\/schema\/person\/5b86799c189c43f1edc156108f90d4eb\",\"name\":\"Prof. Pignatti Marco Verona, Bologna, Modena\",\"logo\":{\"@id\":\"https:\/\/marcopignatti.it\/#\/schema\/person\/image\/\"},\"description\":\"Il Prof. Marco Pignatti \u00e8 un professionista affermato per la chirurgia plastica, medicina estetica e chirurgia estetica. Si dedica alla chirurgia ricostruttiva (per traumi, tumori, difetti congeniti) e alla chirurgia estetica e medicina estetica (per miglioramenti dell'aspetto del viso, del seno e del corpo); garantisce professionalit\u00e0 e risultati naturali in base ai desideri di ciascun paziente.\",\"sameAs\":[\"https:\/\/marcopignatti.it\/\",\"https:\/\/www.facebook.com\/marcopignattichirurgoplastico\/\"]}]}<\/script>\n<!-- \/ Yoast SEO plugin. -->","yoast_head_json":{"title":"[:it]Mastoplastica additiva ( aumento del seno ) | Dott. Marco Pignatti[:en]Mastoplastica additiva (aumento del seno)[:]","description":"{:it}Nella mastoplastica additiva il volume del seno viene aumentato con protesi di silicone o con la lipostruttura con tessuto adiposo.{:en}Il volume del seno viene aumentato con protesi di silicone o con la lipostruttura.{:}","robots":{"index":"index","follow":"follow","max-snippet":"max-snippet:-1","max-image-preview":"max-image-preview:large","max-video-preview":"max-video-preview:-1"},"canonical":"https:\/\/marcopignatti.it\/mastoplastica-additiva\/","og_locale":"it_IT","og_type":"article","og_title":"[:it]Mastoplastica additiva ( aumento del seno ) | Dott. Marco Pignatti[:en]Mastoplastica additiva (aumento del seno)[:]","og_description":"{:it}Nella mastoplastica additiva il volume del seno viene aumentato con protesi di silicone o con la lipostruttura con tessuto adiposo.{:en}Il volume del seno viene aumentato con protesi di silicone o con la lipostruttura.{:}","og_url":"https:\/\/marcopignatti.it\/mastoplastica-additiva\/","og_site_name":"Prof. Marco Pignatti","article_publisher":"https:\/\/www.facebook.com\/marcopignattichirurgoplastico\/","article_modified_time":"2025-05-29T09:50:00+00:00","og_image":[{"width":1024,"height":1024,"url":"https:\/\/marcopignatti.it\/wp-content\/uploads\/2017\/11\/pixlr.jpg","type":"image\/jpeg"}],"twitter_misc":{"Tempo di lettura stimato":"5 minuti"},"schema":{"@context":"https:\/\/schema.org","@graph":[{"@type":"WebPage","@id":"https:\/\/marcopignatti.it\/mastoplastica-additiva\/","url":"https:\/\/marcopignatti.it\/mastoplastica-additiva\/","name":"[:it]Mastoplastica additiva ( aumento del seno ) | Dott. Marco Pignatti[:en]Mastoplastica additiva (aumento del seno)[:]","isPartOf":{"@id":"https:\/\/marcopignatti.it\/#website"},"primaryImageOfPage":{"@id":"https:\/\/marcopignatti.it\/mastoplastica-additiva\/#primaryimage"},"image":{"@id":"https:\/\/marcopignatti.it\/mastoplastica-additiva\/#primaryimage"},"thumbnailUrl":"https:\/\/marcopignatti.it\/wp-content\/uploads\/2017\/11\/pixlr.jpg","datePublished":"2015-02-17T10:09:26+00:00","dateModified":"2025-05-29T09:50:00+00:00","description":"{:it}Nella mastoplastica additiva il volume del seno viene aumentato con protesi di silicone o con la lipostruttura con tessuto adiposo.{:en}Il volume del seno viene aumentato con protesi di silicone o con la lipostruttura.{:}","breadcrumb":{"@id":"https:\/\/marcopignatti.it\/mastoplastica-additiva\/#breadcrumb"},"inLanguage":"it-IT","potentialAction":[{"@type":"ReadAction","target":["https:\/\/marcopignatti.it\/mastoplastica-additiva\/"]}]},{"@type":"ImageObject","inLanguage":"it-IT","@id":"https:\/\/marcopignatti.it\/mastoplastica-additiva\/#primaryimage","url":"https:\/\/marcopignatti.it\/wp-content\/uploads\/2017\/11\/pixlr.jpg","contentUrl":"https:\/\/marcopignatti.it\/wp-content\/uploads\/2017\/11\/pixlr.jpg","width":1024,"height":1024,"caption":"Mastoplastica Additiva"},{"@type":"BreadcrumbList","@id":"https:\/\/marcopignatti.it\/mastoplastica-additiva\/#breadcrumb","itemListElement":[{"@type":"ListItem","position":1,"name":"Home","item":"https:\/\/marcopignatti.it\/"},{"@type":"ListItem","position":2,"name":"Mastoplastica additiva ( aumento del seno )"}]},{"@type":"WebSite","@id":"https:\/\/marcopignatti.it\/#website","url":"https:\/\/marcopignatti.it\/","name":"Prof. Marco Pignatti","description":"Specialista in Chirurgia Plastica, Ricostruttiva ed Estetica","publisher":{"@id":"https:\/\/marcopignatti.it\/#\/schema\/person\/5b86799c189c43f1edc156108f90d4eb"},"potentialAction":[{"@type":"SearchAction","target":{"@type":"EntryPoint","urlTemplate":"https:\/\/marcopignatti.it\/?s={search_term_string}"},"query-input":{"@type":"PropertyValueSpecification","valueRequired":true,"valueName":"search_term_string"}}],"inLanguage":"it-IT"},{"@type":["Person","Organization"],"@id":"https:\/\/marcopignatti.it\/#\/schema\/person\/5b86799c189c43f1edc156108f90d4eb","name":"Prof. Pignatti Marco Verona, Bologna, Modena","logo":{"@id":"https:\/\/marcopignatti.it\/#\/schema\/person\/image\/"},"description":"Il Prof. Marco Pignatti \u00e8 un professionista affermato per la chirurgia plastica, medicina estetica e chirurgia estetica. Si dedica alla chirurgia ricostruttiva (per traumi, tumori, difetti congeniti) e alla chirurgia estetica e medicina estetica (per miglioramenti dell'aspetto del viso, del seno e del corpo); garantisce professionalit\u00e0 e risultati naturali in base ai desideri di ciascun paziente.","sameAs":["https:\/\/marcopignatti.it\/","https:\/\/www.facebook.com\/marcopignattichirurgoplastico\/"]}]}},"_links":{"self":[{"href":"https:\/\/marcopignatti.it\/it\/wp-json\/wp\/v2\/pages\/2055"}],"collection":[{"href":"https:\/\/marcopignatti.it\/it\/wp-json\/wp\/v2\/pages"}],"about":[{"href":"https:\/\/marcopignatti.it\/it\/wp-json\/wp\/v2\/types\/page"}],"author":[{"embeddable":true,"href":"https:\/\/marcopignatti.it\/it\/wp-json\/wp\/v2\/users\/1"}],"replies":[{"embeddable":true,"href":"https:\/\/marcopignatti.it\/it\/wp-json\/wp\/v2\/comments?post=2055"}],"version-history":[{"count":16,"href":"https:\/\/marcopignatti.it\/it\/wp-json\/wp\/v2\/pages\/2055\/revisions"}],"predecessor-version":[{"id":12187,"href":"https:\/\/marcopignatti.it\/it\/wp-json\/wp\/v2\/pages\/2055\/revisions\/12187"}],"wp:featuredmedia":[{"embeddable":true,"href":"https:\/\/marcopignatti.it\/it\/wp-json\/wp\/v2\/media\/6929"}],"wp:attachment":[{"href":"https:\/\/marcopignatti.it\/it\/wp-json\/wp\/v2\/media?parent=2055"}],"curies":[{"name":"wp","href":"https:\/\/api.w.org\/{rel}","templated":true}]}}