{"id":1958,"date":"2015-02-09T20:14:24","date_gmt":"2015-02-09T20:14:24","guid":{"rendered":"http:\/\/marcopignatti.brainstorm.it\/?page_id=1958"},"modified":"2018-04-25T14:26:59","modified_gmt":"2018-04-25T14:26:59","slug":"ricostruzione-mammaria-dopo-interventi-oncologici","status":"publish","type":"page","link":"https:\/\/marcopignatti.it\/it\/ricostruzione-mammaria-dopo-interventi-oncologici\/","title":{"rendered":"<em>Ricostruzione mammaria (dopo interventi oncologici)<\/em>"},"content":{"rendered":"<p>L\u2019intervento di asportazione delle ghiandole mammarie eseguito dal Chirurgo Senologo pu\u00f2 essere seguito dall\u2019intervento ricostruttivo ad opera del Chirurgo Plastico, da effettuarsi o nella stessa seduta o in un secondo momento.<br \/>\nLe tecniche di ricostruzione pi\u00f9 adatte al singolo caso vanno discusse con il Chirurgo Plastico.<br \/>\nDi seguito sono illustrate tutte le possibili tecniche ricostruttive.<\/p>\n<p><strong>INFORMAZIONI RELATIVE ALLE POSSIBILI TECNICHE RICOSTRUTTIVE:<\/strong><br \/>\nLa ricostruzione mammaria \u00e8 un metodo chirurgico che consente di ricreare il volume e la forma della mammella quando la mammella sia stata rimossa (mastectomia).<br \/>\nL\u2019intento della ricostruzione non \u00e8 ricreare la funzione mammaria (allattamento) ma restituire alla paziente un\u2019integrit\u00e0 corporea tale da poterle garantire una buona qualit\u00e0 di vita sociale e relazionale. <\/p>\n<p>Diverse tecniche operatorie sono disponibili:<br \/>\n&#8211; espansore-protesi<br \/>\n&#8211; lembo addominale (DIEP\/TRAM),<br \/>\n&#8211; lembo di muscolo gran dorsale (con protesi)<br \/>\n&#8211; altri lembi (dal gluteo, dalla coscia)<br \/>\nLa scelta di una determinata metodica dipende da diversi fattori: struttura fisica ed et\u00e0 della paziente, condizioni generali, qualit\u00e0 della pelle, tipo di demolizione effettuata, forma e volume della mammella del lato opposto, preferenze della paziente.<br \/>\nLa ricostruzione mammaria pu\u00f2 essere eseguita, o iniziata, nello stesso tempo operatorio della mastectomia (ricostruzione immediata, pi\u00f9 comunemente) o in un tempo operatorio successivo a quello della mastectomia (ricostruzione differita, pi\u00f9 raramente). Tale differenza \u00e8 data dalla tecnica ricostruttiva scelta e dalla eventuale necessit\u00e0 di eseguire radioterapia. \u00c8 comunque fondamentale ricordare che per completare tutto l\u2019iter ricostruttivo sono quasi sempre necessari pi\u00f9 interventi.<\/p>\n<p><strong>METODO ESPANSORE-PROTESI<\/strong><br \/>\n<em>Espansore<\/em>: trattasi di un involucro di silicone, provvisto di valvola, privo di contenuto.<br \/>\nHa lo scopo di distendere la pelle dall\u2019interno e stimolarne cos\u00ec l\u2019accrescimento.<br \/>\nHa una forma non simile a quella della mammella naturale e, per sua caratteristica, deve produrre tensione.<\/p>\n<p><em>Protesi<\/em>: trattasi di un involucro di silicone, contenente gel di silicone. Ha una forma e una consistenza simile a quella della mammella naturale. La protesi ha una durata limitata (considerata in genere attorno ai 10-12 anni), dopodich\u00e9 deve essere sostituita.<br \/>\nQuesto \u00e8 il metodo tecnicamente pi\u00f9 semplice ma richiede almeno 2 interventi.<br \/>\nDurante l\u2019intervento di mastectomia, alla fine della fase demolitiva (chirurgia generale), il chirurgo plastico posiziona un espansore mammario (sgonfio) al di sotto del muscolo grande pettorale e dentato anteriore. La tasca muscolare viene chiusa ed al di sopra di essa viene suturata la cute.<br \/>\nVengono solitamente posizionati 2 drenaggi in aspirazione.<br \/>\nDopo qualche giorno si pu\u00f2 iniziare l\u2019espansione che viene effettuata ambulatorialmente pungendo con un ago la pelle della regione mammaria in corrispondenza della valvola dell\u2019espansore ed iniettandovi soluzione fisiologica (normalmente 20-40cc a seduta).<br \/>\nUna volta raggiunto un volume mammario simile o leggermente superiore al volume della mammella controlaterale si pu\u00f2 eseguire il secondo intervento chirurgico (in anestesia generale) che consiste nell&#8217;incidere sulla stessa cicatrice della mastectomia, rimuovere l\u2019espansore, posizionare una protesi.<\/p>\n<p><strong>LEMBO ADDOMINALE (DIEP\/TRAM)<\/strong><br \/>\nDIEP: il lembo DIEP \u00e8 una porzione di tessuto formata da pelle e tessuto sottocutaneo (grasso) che viene prelevata dalla regione addominale compresa tra l\u2019ombelico e il pube. Assieme al tessuto vengono prelevati i vasi sanguigni che lo nutrono.<br \/>\nAlla fine della mastectomia, il lembo viene trasferito alla regione mammaria dove i vasi del lembo vengono uniti (sotto il microscopio) ai vasi del torace, in modo da ripristinare la circolazione.<br \/>\nL\u2019addome viene chiuso lasciando una cicatrice di circa 35cm in zona sovrapubica e una cicatrice attorno all\u2019ombelico. In questo intervento il muscolo retto dell\u2019addome viene lasciato in sede e conserva la sua funzione. Questo intervento ha una durata e complessit\u00e0 maggiore del metodo espansore-protesi, ma permette di ricostruire le mammelle con tessuto proprio del paziente.<br \/>\nTRAM: \u00e8 un lembo simile a quello DIEP, viene prelevato dalla stessa zona dell\u2019addome, ma prevede la asportazione di una parte o di tutto il muscolo retto dell\u2019addome. La riduzione di forza nella contrazione dell\u2019addome e\/o una debolezza della parete addominale (con rischio di ernia) sono i rischi correlati.<\/p>\n<p><strong>LEMBO DI MUSCOLO GRAN DORSALE (CON PROTESI)<\/strong><br \/>\nQuesto \u00e8 un lembo prelevato dalla regione posteriore del tronco e costituito dal muscolo gran dorsale e da una isola di pelle (di dimensioni pi\u00f9 o meno grandi).<br \/>\nAlla fine della mastectomia, il lembo viene trasferito, passando nella zona della ascella, nella regione mammaria, dove viene posizionato.<br \/>\nNella maggior parte dei casi \u00e8 necessario posizionare una protesi mammaria al di sotto del lembo per ottenere una mammella di volume adeguato.<br \/>\nSul dorso residua una cicatrice (variabile in lunghezza ma attorno ai 15-20 cm circa) circa all\u2019altezza del reggiseno.<br \/>\nLa limitazione funzionale conseguente alla asportazione del muscolo gran dorsale \u00e8 minima in pazienti che non siano grandi sportive.<\/p>\n<p><strong>ALTRI LEMBI (dal GLUTEO, dalla COSCIA)<\/strong><br \/>\nSi utilizzano pi\u00f9 raramente, in pazienti che abbiano tessuto a sufficienza in queste aree.<br \/>\nSono lembi di pelle e grasso che necessitano, come il DIEP, l\u2019unione dei vasi del lembo (sotto il microscopio) ai vasi del torace.<br \/>\nUna cicatrice residua nella zona da cui \u00e8 stato prelevato il lembo.<\/p>\n<p><strong>RICOSTRUZIONE MAMMARIA IMMEDIATA CON PROTESI E MEMBRANA (BIOLOGICA).<\/strong><br \/>\nLa ricostruzione mammaria immediata con protesi e membrana (biologica) permette di ricostruire in un unico tempo operatorio (lo stesso della mastectomia) la mammella. Come nella ricostruzione mediante espansore, durante l\u2019intervento di mastectomia, alla fine della fase demolitiva (chirurgia generale), il chirurgo plastico solleva il muscolo grande pettorale (ed eventualmente dentato anteriore), posiziona al polo inferiore della mammella, suturandola con il muscolo pettorale, una membrana (solitamente di origine animale). In questo moto si crea una tasca ampia che permette di posizionare direttamente una protesi, evitando la fase di espansione e i due tempi operatori necessari con il metodo espansore-protesi.<\/p>\n<p><strong>AUTOTRAPIANTO ADIPOSO<\/strong><br \/>\nL\u2019autotrapianto adiposo o lipofilling \u00e8 una tecnica chirurgica che consiste nella iniezione di grasso prelevato dal paziente stesso per migliorare forma, volume o qualit\u00e0 dei tessuti cutaneo e sottocutaneo della regione mammaria in corso di ricostruzione con una delle tecniche sopra elencate.<br \/>\nQuesta tecnica prevede il prelievo di tessuto adiposo con una sottile cannula da un\u2019area del paziente dove esso sia presente (fianchi, addome, ginocchio, glutei, cosce, ecc).<br \/>\nQuesto, in base alla tecnica preferita dal chirurgo, pu\u00f2 essere centrifugato per eliminare i fluidi in eccesso (anestetico, acqua, sangue).<br \/>\nIl tessuto cos\u00ec ottenuto viene iniettato nella zona da trattare con una cannula di diametro inferiore rispetto a quella utilizzata per il suo prelievo.<br \/>\nL\u2019intervento viene nella maggior parte dei casi eseguito in anestesia locale con sedazione.<\/p>\n<p><strong>RADIOTERAPIA<\/strong><br \/>\nLa necessit\u00e0 di eseguire radioterapia non \u00e8 sempre prevedibile con precisione prima dell\u2019intervento di mastectomia e del risultato dell\u2019esame istologico della mammella asportata.<br \/>\nLa radioterapia, utile dal punto di vista del trattamento della malattia, causa un danno dei tessuti molli della parete toracica (pelle e sottocute in particolare, talvolta del muscolo).<br \/>\nPer questa ragione non si considera ideale come metodo ricostruttivo mammario l\u2019utilizzo di espansori e protesi. I rischi sono di tipo estetico (ricostruzione mammaria insoddisfacente) o funzionale: retrazione capsulare (con dolore e deformit\u00e0), assottigliamento cutaneo (con visibilit\u00e0 dei margini o delle pieghe della protesi), ulcerazione cutanea ed esposizione dell\u2019espansore-protesi (con necessit\u00e0 di sua rimozione).<br \/>\nNel caso in cui si debba eseguire radioterapia si potr\u00e0 ridiscutere il programma ricostruttivo mammario.<br \/>\nIn particolare si potr\u00e0 decidere se:<br \/>\n\u2022 correre i rischi descritti ed eseguire la sostituzione di espansore con protesi e quindi iniziare la radioterapia<br \/>\n\u2022 eseguire la radioterapia e quindi eseguire la sostituzione di espansore con lembo (addominale o altro) <\/p>\n<p><strong>SIMMETRIZZAZIONE DELLA MAMMELLA CONTROLATERALE (sana)<\/strong><br \/>\nLa ricostruzione mammaria dopo mastectomia ambisce a ricreare la migliore simmetria possibile con il seno controlaterale; se ci\u00f2 non fosse possibile solo con gli interventi sul seno da ricostruire, \u00e8 possibile (qualora la Paziente lo desideri) eseguire un intervento sul seno controlaterale (sano).<br \/>\nQuesto pu\u00f2 essere una mastopessi (sollevamento del seno), mastoplastica riduttiva (riduzione del volume e sollevamento) o, in rari casi, <a href=\"\/chirurgia-estetica\/mastoplastica-additiva-aumento\">mastoplastica additiva (aumento del seno)<\/a>. <\/p>\n<p><strong>RICOSTRUZIONE DELL\u2019AREOLA-CAPEZZOLO<\/strong><br \/>\nIl capezzolo pu\u00f2 essere ricostruito con un intervento in anestesia locale a qualche mese dall\u2019intervento ricostruttivo (sostituzione espansore-protesi, lembo, o protesi+membrana) mediante lembi locali di pelle.<br \/>\nL\u2019areola potr\u00e0 poi essere tatuata da un tatuatore esperto.<\/p>","protected":false},"excerpt":{"rendered":"<p>L\u2019intervento di asportazione delle ghiandole mammarie eseguito dal Chirurgo Senologo pu\u00f2 essere seguito dall\u2019intervento ricostruttivo ad opera del Chirurgo Plastico, da effettuarsi o nella stessa seduta o in un secondo &#8230;<\/p>\n","protected":false},"author":1,"featured_media":8488,"parent":0,"menu_order":0,"comment_status":"open","ping_status":"open","template":"","meta":{"ngg_post_thumbnail":0,"footnotes":""},"yoast_head":"<!-- This site is optimized with the Yoast SEO plugin v23.8 - https:\/\/yoast.com\/wordpress\/plugins\/seo\/ -->\n<title>Ricostruzione mammaria (dopo interventi oncologici)<\/title>\n<meta name=\"description\" content=\"con espansori e protasi, con protesi e membrane biologiche, con lembi.\" \/>\n<meta name=\"robots\" content=\"index, follow, max-snippet:-1, max-image-preview:large, max-video-preview:-1\" \/>\n<link rel=\"canonical\" href=\"https:\/\/marcopignatti.it\/it\/ricostruzione-mammaria-dopo-interventi-oncologici\/\" \/>\n<meta property=\"og:locale\" content=\"it_IT\" \/>\n<meta property=\"og:type\" content=\"article\" \/>\n<meta property=\"og:title\" content=\"Ricostruzione mammaria (dopo interventi oncologici)\" \/>\n<meta property=\"og:description\" content=\"con espansori e protasi, con protesi e membrane biologiche, con lembi.\" \/>\n<meta property=\"og:url\" content=\"https:\/\/marcopignatti.it\/it\/ricostruzione-mammaria-dopo-interventi-oncologici\/\" \/>\n<meta property=\"og:site_name\" content=\"Prof. Marco Pignatti\" \/>\n<meta property=\"article:publisher\" content=\"https:\/\/www.facebook.com\/marcopignattichirurgoplastico\/\" \/>\n<meta property=\"article:modified_time\" content=\"2018-04-25T14:26:59+00:00\" \/>\n<meta property=\"og:image\" content=\"https:\/\/marcopignatti.it\/wp-content\/uploads\/2018\/04\/FRE_2205-1024-80-marco_pignatti.jpg\" \/>\n\t<meta property=\"og:image:width\" content=\"1024\" \/>\n\t<meta property=\"og:image:height\" content=\"684\" \/>\n\t<meta property=\"og:image:type\" content=\"image\/jpeg\" \/>\n<meta name=\"twitter:label1\" content=\"Tempo di lettura stimato\" \/>\n\t<meta name=\"twitter:data1\" content=\"7 minuti\" \/>\n<script type=\"application\/ld+json\" class=\"yoast-schema-graph\">{\"@context\":\"https:\/\/schema.org\",\"@graph\":[{\"@type\":\"WebPage\",\"@id\":\"https:\/\/marcopignatti.it\/it\/ricostruzione-mammaria-dopo-interventi-oncologici\/\",\"url\":\"https:\/\/marcopignatti.it\/it\/ricostruzione-mammaria-dopo-interventi-oncologici\/\",\"name\":\"Ricostruzione mammaria (dopo interventi oncologici)\",\"isPartOf\":{\"@id\":\"https:\/\/marcopignatti.it\/#website\"},\"primaryImageOfPage\":{\"@id\":\"https:\/\/marcopignatti.it\/it\/ricostruzione-mammaria-dopo-interventi-oncologici\/#primaryimage\"},\"image\":{\"@id\":\"https:\/\/marcopignatti.it\/it\/ricostruzione-mammaria-dopo-interventi-oncologici\/#primaryimage\"},\"thumbnailUrl\":\"https:\/\/marcopignatti.it\/wp-content\/uploads\/2018\/04\/FRE_2205-1024-80-marco_pignatti.jpg\",\"datePublished\":\"2015-02-09T20:14:24+00:00\",\"dateModified\":\"2018-04-25T14:26:59+00:00\",\"description\":\"con espansori e protasi, con protesi e membrane biologiche, con lembi.\",\"breadcrumb\":{\"@id\":\"https:\/\/marcopignatti.it\/it\/ricostruzione-mammaria-dopo-interventi-oncologici\/#breadcrumb\"},\"inLanguage\":\"it-IT\",\"potentialAction\":[{\"@type\":\"ReadAction\",\"target\":[\"https:\/\/marcopignatti.it\/it\/ricostruzione-mammaria-dopo-interventi-oncologici\/\"]}]},{\"@type\":\"ImageObject\",\"inLanguage\":\"it-IT\",\"@id\":\"https:\/\/marcopignatti.it\/it\/ricostruzione-mammaria-dopo-interventi-oncologici\/#primaryimage\",\"url\":\"https:\/\/marcopignatti.it\/wp-content\/uploads\/2018\/04\/FRE_2205-1024-80-marco_pignatti.jpg\",\"contentUrl\":\"https:\/\/marcopignatti.it\/wp-content\/uploads\/2018\/04\/FRE_2205-1024-80-marco_pignatti.jpg\",\"width\":1024,\"height\":684,\"caption\":\"Dott. Marco Pignatti, Chirurgo Palstico Ricostruttivo ed Estetico\"},{\"@type\":\"BreadcrumbList\",\"@id\":\"https:\/\/marcopignatti.it\/it\/ricostruzione-mammaria-dopo-interventi-oncologici\/#breadcrumb\",\"itemListElement\":[{\"@type\":\"ListItem\",\"position\":1,\"name\":\"Home\",\"item\":\"https:\/\/marcopignatti.it\/\"},{\"@type\":\"ListItem\",\"position\":2,\"name\":\"Ricostruzione mammaria (dopo interventi oncologici)\"}]},{\"@type\":\"WebSite\",\"@id\":\"https:\/\/marcopignatti.it\/#website\",\"url\":\"https:\/\/marcopignatti.it\/\",\"name\":\"Prof. Marco Pignatti\",\"description\":\"Specialista in Chirurgia Plastica, Ricostruttiva ed Estetica\",\"publisher\":{\"@id\":\"https:\/\/marcopignatti.it\/#\/schema\/person\/5b86799c189c43f1edc156108f90d4eb\"},\"potentialAction\":[{\"@type\":\"SearchAction\",\"target\":{\"@type\":\"EntryPoint\",\"urlTemplate\":\"https:\/\/marcopignatti.it\/?s={search_term_string}\"},\"query-input\":{\"@type\":\"PropertyValueSpecification\",\"valueRequired\":true,\"valueName\":\"search_term_string\"}}],\"inLanguage\":\"it-IT\"},{\"@type\":[\"Person\",\"Organization\"],\"@id\":\"https:\/\/marcopignatti.it\/#\/schema\/person\/5b86799c189c43f1edc156108f90d4eb\",\"name\":\"Prof. Pignatti Marco Verona, Bologna, Modena\",\"logo\":{\"@id\":\"https:\/\/marcopignatti.it\/#\/schema\/person\/image\/\"},\"description\":\"Il Prof. Marco Pignatti \u00e8 un professionista affermato per la chirurgia plastica, medicina estetica e chirurgia estetica. Si dedica alla chirurgia ricostruttiva (per traumi, tumori, difetti congeniti) e alla chirurgia estetica e medicina estetica (per miglioramenti dell'aspetto del viso, del seno e del corpo); garantisce professionalit\u00e0 e risultati naturali in base ai desideri di ciascun paziente.\",\"sameAs\":[\"https:\/\/marcopignatti.it\/\",\"https:\/\/www.facebook.com\/marcopignattichirurgoplastico\/\"]}]}<\/script>\n<!-- \/ Yoast SEO plugin. -->","yoast_head_json":{"title":"Ricostruzione mammaria (dopo interventi oncologici)","description":"con espansori e protasi, con protesi e membrane biologiche, con lembi.","robots":{"index":"index","follow":"follow","max-snippet":"max-snippet:-1","max-image-preview":"max-image-preview:large","max-video-preview":"max-video-preview:-1"},"canonical":"https:\/\/marcopignatti.it\/it\/ricostruzione-mammaria-dopo-interventi-oncologici\/","og_locale":"it_IT","og_type":"article","og_title":"Ricostruzione mammaria (dopo interventi oncologici)","og_description":"con espansori e protasi, con protesi e membrane biologiche, con lembi.","og_url":"https:\/\/marcopignatti.it\/it\/ricostruzione-mammaria-dopo-interventi-oncologici\/","og_site_name":"Prof. Marco Pignatti","article_publisher":"https:\/\/www.facebook.com\/marcopignattichirurgoplastico\/","article_modified_time":"2018-04-25T14:26:59+00:00","og_image":[{"width":1024,"height":684,"url":"https:\/\/marcopignatti.it\/wp-content\/uploads\/2018\/04\/FRE_2205-1024-80-marco_pignatti.jpg","type":"image\/jpeg"}],"twitter_misc":{"Tempo di lettura stimato":"7 minuti"},"schema":{"@context":"https:\/\/schema.org","@graph":[{"@type":"WebPage","@id":"https:\/\/marcopignatti.it\/it\/ricostruzione-mammaria-dopo-interventi-oncologici\/","url":"https:\/\/marcopignatti.it\/it\/ricostruzione-mammaria-dopo-interventi-oncologici\/","name":"Ricostruzione mammaria (dopo interventi oncologici)","isPartOf":{"@id":"https:\/\/marcopignatti.it\/#website"},"primaryImageOfPage":{"@id":"https:\/\/marcopignatti.it\/it\/ricostruzione-mammaria-dopo-interventi-oncologici\/#primaryimage"},"image":{"@id":"https:\/\/marcopignatti.it\/it\/ricostruzione-mammaria-dopo-interventi-oncologici\/#primaryimage"},"thumbnailUrl":"https:\/\/marcopignatti.it\/wp-content\/uploads\/2018\/04\/FRE_2205-1024-80-marco_pignatti.jpg","datePublished":"2015-02-09T20:14:24+00:00","dateModified":"2018-04-25T14:26:59+00:00","description":"con espansori e protasi, con protesi e membrane biologiche, con lembi.","breadcrumb":{"@id":"https:\/\/marcopignatti.it\/it\/ricostruzione-mammaria-dopo-interventi-oncologici\/#breadcrumb"},"inLanguage":"it-IT","potentialAction":[{"@type":"ReadAction","target":["https:\/\/marcopignatti.it\/it\/ricostruzione-mammaria-dopo-interventi-oncologici\/"]}]},{"@type":"ImageObject","inLanguage":"it-IT","@id":"https:\/\/marcopignatti.it\/it\/ricostruzione-mammaria-dopo-interventi-oncologici\/#primaryimage","url":"https:\/\/marcopignatti.it\/wp-content\/uploads\/2018\/04\/FRE_2205-1024-80-marco_pignatti.jpg","contentUrl":"https:\/\/marcopignatti.it\/wp-content\/uploads\/2018\/04\/FRE_2205-1024-80-marco_pignatti.jpg","width":1024,"height":684,"caption":"Dott. Marco Pignatti, Chirurgo Palstico Ricostruttivo ed Estetico"},{"@type":"BreadcrumbList","@id":"https:\/\/marcopignatti.it\/it\/ricostruzione-mammaria-dopo-interventi-oncologici\/#breadcrumb","itemListElement":[{"@type":"ListItem","position":1,"name":"Home","item":"https:\/\/marcopignatti.it\/"},{"@type":"ListItem","position":2,"name":"Ricostruzione mammaria (dopo interventi oncologici)"}]},{"@type":"WebSite","@id":"https:\/\/marcopignatti.it\/#website","url":"https:\/\/marcopignatti.it\/","name":"Prof. Marco Pignatti","description":"Specialista in Chirurgia Plastica, Ricostruttiva ed Estetica","publisher":{"@id":"https:\/\/marcopignatti.it\/#\/schema\/person\/5b86799c189c43f1edc156108f90d4eb"},"potentialAction":[{"@type":"SearchAction","target":{"@type":"EntryPoint","urlTemplate":"https:\/\/marcopignatti.it\/?s={search_term_string}"},"query-input":{"@type":"PropertyValueSpecification","valueRequired":true,"valueName":"search_term_string"}}],"inLanguage":"it-IT"},{"@type":["Person","Organization"],"@id":"https:\/\/marcopignatti.it\/#\/schema\/person\/5b86799c189c43f1edc156108f90d4eb","name":"Prof. Pignatti Marco Verona, Bologna, Modena","logo":{"@id":"https:\/\/marcopignatti.it\/#\/schema\/person\/image\/"},"description":"Il Prof. Marco Pignatti \u00e8 un professionista affermato per la chirurgia plastica, medicina estetica e chirurgia estetica. Si dedica alla chirurgia ricostruttiva (per traumi, tumori, difetti congeniti) e alla chirurgia estetica e medicina estetica (per miglioramenti dell'aspetto del viso, del seno e del corpo); garantisce professionalit\u00e0 e risultati naturali in base ai desideri di ciascun paziente.","sameAs":["https:\/\/marcopignatti.it\/","https:\/\/www.facebook.com\/marcopignattichirurgoplastico\/"]}]}},"_links":{"self":[{"href":"https:\/\/marcopignatti.it\/it\/wp-json\/wp\/v2\/pages\/1958"}],"collection":[{"href":"https:\/\/marcopignatti.it\/it\/wp-json\/wp\/v2\/pages"}],"about":[{"href":"https:\/\/marcopignatti.it\/it\/wp-json\/wp\/v2\/types\/page"}],"author":[{"embeddable":true,"href":"https:\/\/marcopignatti.it\/it\/wp-json\/wp\/v2\/users\/1"}],"replies":[{"embeddable":true,"href":"https:\/\/marcopignatti.it\/it\/wp-json\/wp\/v2\/comments?post=1958"}],"version-history":[{"count":3,"href":"https:\/\/marcopignatti.it\/it\/wp-json\/wp\/v2\/pages\/1958\/revisions"}],"predecessor-version":[{"id":7301,"href":"https:\/\/marcopignatti.it\/it\/wp-json\/wp\/v2\/pages\/1958\/revisions\/7301"}],"wp:featuredmedia":[{"embeddable":true,"href":"https:\/\/marcopignatti.it\/it\/wp-json\/wp\/v2\/media\/8488"}],"wp:attachment":[{"href":"https:\/\/marcopignatti.it\/it\/wp-json\/wp\/v2\/media?parent=1958"}],"curies":[{"name":"wp","href":"https:\/\/api.w.org\/{rel}","templated":true}]}}