{"id":1421,"date":"2015-01-12T18:21:54","date_gmt":"2015-01-12T18:21:54","guid":{"rendered":"http:\/\/marcopignatti.it\/?page_id=1421"},"modified":"2016-10-08T22:02:22","modified_gmt":"2016-10-08T22:02:22","slug":"lipofilling-autotrapianto-adiposo","status":"publish","type":"page","link":"https:\/\/marcopignatti.it\/it\/lipofilling-autotrapianto-adiposo\/","title":{"rendered":"<em>Lipofilling o Autotrapianto Adiposo<\/em>"},"content":{"rendered":"<p>L\u2019autotrapianto adiposo o lipofilling (o lipostruttura) e\u2019 una tecnica chirurgica che consiste nella iniezione di grasso prelevato dal paziente stesso in una sede che necessiti di correzione di forma, volume o qualit\u00e0 dei tessuti cutaneo e sottocutaneo.<br \/>\nE\u2019 ormai dimostrato il tessuto adiposo abbia sia propriet\u00e0 riempitive che rigenerative grazie alla presenza di cellule stromali mesenchimali. In particolare le cellule derivate da grasso possiedono propriet\u00e0 anti infiammatorie ed immunomodulatorie (Bernardo E &amp; Fibbe W Cell Stem Cells 2013) utili in medicina rigererativa.<\/p>\n<p>Pu\u00f2 essere utilizzato nel viso per aumentare delle labbra sottili, per accentuare la proiezione degli zigomi, per rinforzare il mento o la mandibola, per correggere un dorso del naso avvallato o sollevare la punta del naso, per attenuare i solchi naso-genieni, per correggere le occhiaie), per correggere degli avvallamenti in varie parti del corpo (per riempire, per esempio, cicatrici, gli esiti di eccessive liposuzioni o depressioni in sede di trauma o iniezioni), asimmetrie dei seni, glutei, ginocchia.<\/p>\n<p>Il lipofilling, con le sue propriet\u00e0 rigenerative pu\u00f2 anche essere utilizzato<strong> a scopo di Biorivitalizzazione e Ringiovanimento della pelle, <\/strong>in particolare delle mani del viso e del collo, con interventi anche in regime ambulatoriale.<\/p>\n<p>Queste propriet\u00e0 permettono di utilizzare il lipofilling anche in sede di radioterapia allo scopo di ridurre i danni a distanza da essa causati: retrazioni cicatriziali, depressioni, arrossamenti cutanei e teleangectasie, aumentata consistenza dei tessuti.<\/p>\n<p>Sulla pelle, \u00e8 possibile usare le cannule sottilissime per ripianare gli avvallamenti delle rughe, usando il grasso del proprio corpo come un &#8220;filler&#8221; (cio\u00e8 come un &#8220;riempitivo&#8221;) definitivo.<\/p>\n<p>Questa tecnica prevede il prelievo di tessuto adiposo con una sottile cannula da un\u2019area del paziente dove esso sia presente (fianchi, addome, ginocchio, glutei, cosce, ecc).<br \/>\nQuesto viene preparato (centrifugato o decantato) per eliminare i fluidi in eccesso (anestetico, acqua, sangue).<br \/>\nIl tessuto cos\u00ec ottenuto viene iniettato nella zona da trattare con una cannula di piccolissimo diametro.<br \/>\nLe cicatrici residue sono minime (pochi millimetri nella sede di prelievo e solo occasionalmente nella sede di iniezione).<br \/>\nIl tessuto adiposo trapiantato pu\u00f2 subire un parziale riassorbimento fisiologico nell\u2019area ricevente; per questo motivo le correzioni vengono di solito eseguite in lieve eccesso. In molti casi e\u2019 possibile e consigliato ripetere il trattamento per stabilizzare il risultato.<\/p>\n<p>La anestesia necessaria per questa procedura dipende dalla entit\u00e0 del difetto da correggere.<br \/>\nNella maggior parte dei casi \u00e8 sufficiente la anestesia locale nella zona di prelievo e nella zona da trattare. Se il difetto da trattare \u00e8 ampio, si pu\u00f2 ricorrere alla aggiunta della sedazione (senza bisogno di intubazione e di anestesia generale).<br \/>\n<\/p>","protected":false},"excerpt":{"rendered":"<p>L\u2019autotrapianto adiposo o lipofilling (o lipostruttura) e\u2019 una tecnica chirurgica che consiste nella iniezione di grasso prelevato dal paziente stesso in una sede che necessiti di correzione di forma, volume &#8230;<\/p>\n","protected":false},"author":2,"featured_media":0,"parent":0,"menu_order":0,"comment_status":"closed","ping_status":"closed","template":"","meta":{"ngg_post_thumbnail":0,"footnotes":""},"yoast_head":"<!-- This site is optimized with the Yoast SEO plugin v23.8 - https:\/\/yoast.com\/wordpress\/plugins\/seo\/ -->\n<title>Trapianto adiposo \/ lipofilling dei difetti di volume o degli esiti di Radioterapia<\/title>\n<meta name=\"description\" content=\"Con il trasferimento del grasso e delle cellule staminali si possono correggere difetti, aumentare e migliorare le forme.\" \/>\n<meta name=\"robots\" content=\"index, follow, max-snippet:-1, max-image-preview:large, max-video-preview:-1\" \/>\n<link rel=\"canonical\" href=\"https:\/\/marcopignatti.it\/it\/lipofilling-autotrapianto-adiposo\/\" \/>\n<meta property=\"og:locale\" content=\"it_IT\" \/>\n<meta property=\"og:type\" content=\"article\" \/>\n<meta property=\"og:title\" content=\"Trapianto adiposo \/ lipofilling dei difetti di volume o degli esiti di Radioterapia\" \/>\n<meta property=\"og:description\" content=\"Con il trasferimento del grasso e delle cellule staminali si possono correggere difetti, aumentare e migliorare le forme.\" \/>\n<meta property=\"og:url\" content=\"https:\/\/marcopignatti.it\/it\/lipofilling-autotrapianto-adiposo\/\" \/>\n<meta property=\"og:site_name\" content=\"Prof. Marco Pignatti\" \/>\n<meta property=\"article:publisher\" content=\"https:\/\/www.facebook.com\/marcopignattichirurgoplastico\/\" \/>\n<meta property=\"article:modified_time\" content=\"2016-10-08T22:02:22+00:00\" \/>\n<meta property=\"og:image\" content=\"https:\/\/marcopignatti.it\/wp-content\/uploads\/2017\/11\/IMG-20171112-WA0017-MP-Nuova-1.jpg\" \/>\n\t<meta property=\"og:image:width\" content=\"1500\" \/>\n\t<meta property=\"og:image:height\" content=\"1156\" \/>\n\t<meta property=\"og:image:type\" content=\"image\/jpeg\" \/>\n<meta name=\"twitter:label1\" content=\"Tempo di lettura stimato\" \/>\n\t<meta name=\"twitter:data1\" content=\"4 minuti\" \/>\n<script type=\"application\/ld+json\" class=\"yoast-schema-graph\">{\"@context\":\"https:\/\/schema.org\",\"@graph\":[{\"@type\":\"WebPage\",\"@id\":\"https:\/\/marcopignatti.it\/it\/lipofilling-autotrapianto-adiposo\/\",\"url\":\"https:\/\/marcopignatti.it\/it\/lipofilling-autotrapianto-adiposo\/\",\"name\":\"Trapianto adiposo \/ lipofilling dei difetti di volume o degli esiti di Radioterapia\",\"isPartOf\":{\"@id\":\"https:\/\/marcopignatti.it\/#website\"},\"datePublished\":\"2015-01-12T18:21:54+00:00\",\"dateModified\":\"2016-10-08T22:02:22+00:00\",\"description\":\"Con il trasferimento del grasso e delle cellule staminali si possono correggere difetti, aumentare e migliorare le forme.\",\"breadcrumb\":{\"@id\":\"https:\/\/marcopignatti.it\/it\/lipofilling-autotrapianto-adiposo\/#breadcrumb\"},\"inLanguage\":\"it-IT\",\"potentialAction\":[{\"@type\":\"ReadAction\",\"target\":[\"https:\/\/marcopignatti.it\/it\/lipofilling-autotrapianto-adiposo\/\"]}]},{\"@type\":\"BreadcrumbList\",\"@id\":\"https:\/\/marcopignatti.it\/it\/lipofilling-autotrapianto-adiposo\/#breadcrumb\",\"itemListElement\":[{\"@type\":\"ListItem\",\"position\":1,\"name\":\"Home\",\"item\":\"https:\/\/marcopignatti.it\/\"},{\"@type\":\"ListItem\",\"position\":2,\"name\":\"Lipofilling o Autotrapianto Adiposo\"}]},{\"@type\":\"WebSite\",\"@id\":\"https:\/\/marcopignatti.it\/#website\",\"url\":\"https:\/\/marcopignatti.it\/\",\"name\":\"Prof. Marco Pignatti\",\"description\":\"Specialista in Chirurgia Plastica, Ricostruttiva ed Estetica\",\"publisher\":{\"@id\":\"https:\/\/marcopignatti.it\/#\/schema\/person\/5b86799c189c43f1edc156108f90d4eb\"},\"potentialAction\":[{\"@type\":\"SearchAction\",\"target\":{\"@type\":\"EntryPoint\",\"urlTemplate\":\"https:\/\/marcopignatti.it\/?s={search_term_string}\"},\"query-input\":{\"@type\":\"PropertyValueSpecification\",\"valueRequired\":true,\"valueName\":\"search_term_string\"}}],\"inLanguage\":\"it-IT\"},{\"@type\":[\"Person\",\"Organization\"],\"@id\":\"https:\/\/marcopignatti.it\/#\/schema\/person\/5b86799c189c43f1edc156108f90d4eb\",\"name\":\"Prof. Pignatti Marco Verona, Bologna, Modena\",\"logo\":{\"@id\":\"https:\/\/marcopignatti.it\/#\/schema\/person\/image\/\"},\"description\":\"Il Prof. Marco Pignatti \u00e8 un professionista affermato per la chirurgia plastica, medicina estetica e chirurgia estetica. Si dedica alla chirurgia ricostruttiva (per traumi, tumori, difetti congeniti) e alla chirurgia estetica e medicina estetica (per miglioramenti dell'aspetto del viso, del seno e del corpo); garantisce professionalit\u00e0 e risultati naturali in base ai desideri di ciascun paziente.\",\"sameAs\":[\"https:\/\/marcopignatti.it\/\",\"https:\/\/www.facebook.com\/marcopignattichirurgoplastico\/\"]}]}<\/script>\n<!-- \/ Yoast SEO plugin. -->","yoast_head_json":{"title":"Trapianto adiposo \/ lipofilling dei difetti di volume o degli esiti di Radioterapia","description":"Con il trasferimento del grasso e delle cellule staminali si possono correggere difetti, aumentare e migliorare le forme.","robots":{"index":"index","follow":"follow","max-snippet":"max-snippet:-1","max-image-preview":"max-image-preview:large","max-video-preview":"max-video-preview:-1"},"canonical":"https:\/\/marcopignatti.it\/it\/lipofilling-autotrapianto-adiposo\/","og_locale":"it_IT","og_type":"article","og_title":"Trapianto adiposo \/ lipofilling dei difetti di volume o degli esiti di Radioterapia","og_description":"Con il trasferimento del grasso e delle cellule staminali si possono correggere difetti, aumentare e migliorare le forme.","og_url":"https:\/\/marcopignatti.it\/it\/lipofilling-autotrapianto-adiposo\/","og_site_name":"Prof. Marco Pignatti","article_publisher":"https:\/\/www.facebook.com\/marcopignattichirurgoplastico\/","article_modified_time":"2016-10-08T22:02:22+00:00","og_image":[{"width":1500,"height":1156,"url":"https:\/\/marcopignatti.it\/wp-content\/uploads\/2017\/11\/IMG-20171112-WA0017-MP-Nuova-1.jpg","type":"image\/jpeg"}],"twitter_misc":{"Tempo di lettura stimato":"4 minuti"},"schema":{"@context":"https:\/\/schema.org","@graph":[{"@type":"WebPage","@id":"https:\/\/marcopignatti.it\/it\/lipofilling-autotrapianto-adiposo\/","url":"https:\/\/marcopignatti.it\/it\/lipofilling-autotrapianto-adiposo\/","name":"Trapianto adiposo \/ lipofilling dei difetti di volume o degli esiti di Radioterapia","isPartOf":{"@id":"https:\/\/marcopignatti.it\/#website"},"datePublished":"2015-01-12T18:21:54+00:00","dateModified":"2016-10-08T22:02:22+00:00","description":"Con il trasferimento del grasso e delle cellule staminali si possono correggere difetti, aumentare e migliorare le forme.","breadcrumb":{"@id":"https:\/\/marcopignatti.it\/it\/lipofilling-autotrapianto-adiposo\/#breadcrumb"},"inLanguage":"it-IT","potentialAction":[{"@type":"ReadAction","target":["https:\/\/marcopignatti.it\/it\/lipofilling-autotrapianto-adiposo\/"]}]},{"@type":"BreadcrumbList","@id":"https:\/\/marcopignatti.it\/it\/lipofilling-autotrapianto-adiposo\/#breadcrumb","itemListElement":[{"@type":"ListItem","position":1,"name":"Home","item":"https:\/\/marcopignatti.it\/"},{"@type":"ListItem","position":2,"name":"Lipofilling o Autotrapianto Adiposo"}]},{"@type":"WebSite","@id":"https:\/\/marcopignatti.it\/#website","url":"https:\/\/marcopignatti.it\/","name":"Prof. Marco Pignatti","description":"Specialista in Chirurgia Plastica, Ricostruttiva ed Estetica","publisher":{"@id":"https:\/\/marcopignatti.it\/#\/schema\/person\/5b86799c189c43f1edc156108f90d4eb"},"potentialAction":[{"@type":"SearchAction","target":{"@type":"EntryPoint","urlTemplate":"https:\/\/marcopignatti.it\/?s={search_term_string}"},"query-input":{"@type":"PropertyValueSpecification","valueRequired":true,"valueName":"search_term_string"}}],"inLanguage":"it-IT"},{"@type":["Person","Organization"],"@id":"https:\/\/marcopignatti.it\/#\/schema\/person\/5b86799c189c43f1edc156108f90d4eb","name":"Prof. Pignatti Marco Verona, Bologna, Modena","logo":{"@id":"https:\/\/marcopignatti.it\/#\/schema\/person\/image\/"},"description":"Il Prof. Marco Pignatti \u00e8 un professionista affermato per la chirurgia plastica, medicina estetica e chirurgia estetica. Si dedica alla chirurgia ricostruttiva (per traumi, tumori, difetti congeniti) e alla chirurgia estetica e medicina estetica (per miglioramenti dell'aspetto del viso, del seno e del corpo); garantisce professionalit\u00e0 e risultati naturali in base ai desideri di ciascun paziente.","sameAs":["https:\/\/marcopignatti.it\/","https:\/\/www.facebook.com\/marcopignattichirurgoplastico\/"]}]}},"_links":{"self":[{"href":"https:\/\/marcopignatti.it\/it\/wp-json\/wp\/v2\/pages\/1421"}],"collection":[{"href":"https:\/\/marcopignatti.it\/it\/wp-json\/wp\/v2\/pages"}],"about":[{"href":"https:\/\/marcopignatti.it\/it\/wp-json\/wp\/v2\/types\/page"}],"author":[{"embeddable":true,"href":"https:\/\/marcopignatti.it\/it\/wp-json\/wp\/v2\/users\/2"}],"replies":[{"embeddable":true,"href":"https:\/\/marcopignatti.it\/it\/wp-json\/wp\/v2\/comments?post=1421"}],"version-history":[{"count":7,"href":"https:\/\/marcopignatti.it\/it\/wp-json\/wp\/v2\/pages\/1421\/revisions"}],"predecessor-version":[{"id":4201,"href":"https:\/\/marcopignatti.it\/it\/wp-json\/wp\/v2\/pages\/1421\/revisions\/4201"}],"wp:attachment":[{"href":"https:\/\/marcopignatti.it\/it\/wp-json\/wp\/v2\/media?parent=1421"}],"curies":[{"name":"wp","href":"https:\/\/api.w.org\/{rel}","templated":true}]}}